{"id":972,"date":"2023-04-03T06:30:53","date_gmt":"2023-04-03T06:30:53","guid":{"rendered":"https:\/sites-historiques\/"},"modified":"2023-06-08T19:19:13","modified_gmt":"2023-06-08T19:19:13","slug":"sites-historiques","status":"publish","type":"page","link":"https:\/\/hotelsindhura.com\/fr\/sites-historiques\/","title":{"rendered":"Sites historiques"},"content":{"rendered":"\t\t<div data-elementor-type=\"wp-page\" data-elementor-id=\"972\" class=\"elementor elementor-972\" data-elementor-post-type=\"page\">\n\t\t\t\t<div class=\"elementor-element elementor-element-be10668 e-con-full e-flex e-con e-parent\" data-id=\"be10668\" data-element_type=\"container\">\n\t\t\t\t<div class=\"elementor-element elementor-element-f0914a5 elementor-widget__width-inherit elementor-widget elementor-widget-image\" data-id=\"f0914a5\" data-element_type=\"widget\" data-widget_type=\"image.default\">\n\t\t\t\t<div class=\"elementor-widget-container\">\n\t\t\t\t\t\t\t\t\t\t\t\t\t\t\t<img fetchpriority=\"high\" decoding=\"async\" width=\"1500\" height=\"800\" src=\"https:\/\/hotelsindhura.com\/wp-content\/uploads\/2023\/06\/Diseno-sin-titulo-17-3.webp\" class=\"attachment-2048x2048 size-2048x2048 wp-image-2996\" alt=\"\" srcset=\"https:\/\/hotelsindhura.com\/wp-content\/uploads\/2023\/06\/Diseno-sin-titulo-17-3.webp 1500w, https:\/\/hotelsindhura.com\/wp-content\/uploads\/2023\/06\/Diseno-sin-titulo-17-3-300x160.webp 300w, https:\/\/hotelsindhura.com\/wp-content\/uploads\/2023\/06\/Diseno-sin-titulo-17-3-1024x546.webp 1024w, https:\/\/hotelsindhura.com\/wp-content\/uploads\/2023\/06\/Diseno-sin-titulo-17-3-768x410.webp 768w\" sizes=\"(max-width: 1500px) 100vw, 1500px\" \/>\t\t\t\t\t\t\t\t\t\t\t\t\t\t\t<\/div>\n\t\t\t\t<\/div>\n\t\t\t\t<\/div>\n\t\t<div class=\"elementor-element elementor-element-4690816 e-flex e-con-boxed e-con e-parent\" data-id=\"4690816\" data-element_type=\"container\" data-settings=\"{&quot;background_background&quot;:&quot;classic&quot;}\">\n\t\t\t\t\t<div class=\"e-con-inner\">\n\t\t\t\t<div class=\"elementor-element elementor-element-dbf1e8d elementor-widget elementor-widget-heading\" data-id=\"dbf1e8d\" data-element_type=\"widget\" data-widget_type=\"heading.default\">\n\t\t\t\t<div class=\"elementor-widget-container\">\n\t\t\t\t\t<h2 class=\"elementor-heading-title elementor-size-default\">Sites historiques en Andalousie<\/h2>\t\t\t\t<\/div>\n\t\t\t\t<\/div>\n\t\t\t\t<div class=\"elementor-element elementor-element-2435cf7 elementor-widget elementor-widget-text-editor\" data-id=\"2435cf7\" data-element_type=\"widget\" data-widget_type=\"text-editor.default\">\n\t\t\t\t<div class=\"elementor-widget-container\">\n\t\t\t\t\t\t\t\t\t<p>Si vous \u00eates un fin gourmet, si vous \u00eates passionn\u00e9 par l&rsquo;immersion dans l&rsquo;histoire et la d\u00e9couverte de sites embl\u00e9matiques, l&rsquo;h\u00f4tel Sindhura est l&rsquo;endroit parfait et id\u00e9al pour vous. Avec son charme intemporel et sa situation privil\u00e9gi\u00e9e, vous pourrez explorer et vous \u00e9merveiller devant les tr\u00e9sors historiques qui vous entourent.<\/p><p>Des ruines antiques aux monuments imposants, chaque \u00e9tape vous ram\u00e8nera dans le temps. Pr\u00e9parez-vous pour une exp\u00e9rience enrichissante charg\u00e9e d&rsquo;histoire.<\/p>\t\t\t\t\t\t\t\t<\/div>\n\t\t\t\t<\/div>\n\t\t\t\t\t<\/div>\n\t\t\t\t<\/div>\n\t\t<div class=\"elementor-element elementor-element-874e138 e-flex e-con-boxed e-con e-parent\" data-id=\"874e138\" data-element_type=\"container\">\n\t\t\t\t\t<div class=\"e-con-inner\">\n\t\t<div class=\"elementor-element elementor-element-0e9ffda e-con-full contenedor e-flex elementor-invisible e-con e-child\" data-id=\"0e9ffda\" data-element_type=\"container\" data-settings=\"{&quot;background_background&quot;:&quot;classic&quot;,&quot;animation&quot;:&quot;fadeInLeft&quot;}\">\n\t\t\t\t<div class=\"elementor-element elementor-element-b528a67 elementor-widget elementor-widget-heading\" data-id=\"b528a67\" data-element_type=\"widget\" data-widget_type=\"heading.default\">\n\t\t\t\t<div class=\"elementor-widget-container\">\n\t\t\t\t\t<h2 class=\"elementor-heading-title elementor-size-default\">En savoir plus sur l'histoire de Cadix et ses environs<\/h2>\t\t\t\t<\/div>\n\t\t\t\t<\/div>\n\t\t\t\t<div class=\"elementor-element elementor-element-1f75714 elementor-widget elementor-widget-text-editor\" data-id=\"1f75714\" data-element_type=\"widget\" data-widget_type=\"text-editor.default\">\n\t\t\t\t<div class=\"elementor-widget-container\">\n\t\t\t\t\t\t\t\t\t<p>D\u00e8s 1100 av. J.-C., lorsque les Ph\u00e9niciens arriv\u00e8rent sur la Costa de la Luz, cette r\u00e9gion a abrit\u00e9 une longue succession de puissantes civilisations : Tartessiens, Ph\u00e9niciens, Grecs, Romains, Arabes&#8230; chacune d&rsquo;elles a laiss\u00e9 son dans la culture et le paysage de cette r\u00e9gion.<\/p>\t\t\t\t\t\t\t\t<\/div>\n\t\t\t\t<\/div>\n\t\t\t\t<\/div>\n\t\t<div class=\"elementor-element elementor-element-761891b e-con-full e-flex elementor-invisible e-con e-child\" data-id=\"761891b\" data-element_type=\"container\" data-settings=\"{&quot;animation&quot;:&quot;fadeInRight&quot;}\">\n\t\t\t\t<div class=\"elementor-element elementor-element-77eaf43 elementor-widget elementor-widget-image\" data-id=\"77eaf43\" data-element_type=\"widget\" data-widget_type=\"image.default\">\n\t\t\t\t<div class=\"elementor-widget-container\">\n\t\t\t\t\t\t\t\t\t\t\t\t\t\t\t<img decoding=\"async\" width=\"526\" height=\"394\" src=\"https:\/\/hotelsindhura.com\/wp-content\/uploads\/2023\/06\/pueblos-blancos-Sindhura.jpeg\" class=\"attachment-large size-large wp-image-3003\" alt=\"\" srcset=\"https:\/\/hotelsindhura.com\/wp-content\/uploads\/2023\/06\/pueblos-blancos-Sindhura.jpeg 526w, https:\/\/hotelsindhura.com\/wp-content\/uploads\/2023\/06\/pueblos-blancos-Sindhura-300x225.jpeg 300w\" sizes=\"(max-width: 526px) 100vw, 526px\" \/>\t\t\t\t\t\t\t\t\t\t\t\t\t\t\t<\/div>\n\t\t\t\t<\/div>\n\t\t\t\t<\/div>\n\t\t\t\t\t<\/div>\n\t\t\t\t<\/div>\n\t\t<div class=\"elementor-element elementor-element-fa7c23a e-flex e-con-boxed e-con e-parent\" data-id=\"fa7c23a\" data-element_type=\"container\">\n\t\t\t\t\t<div class=\"e-con-inner\">\n\t\t\t\t<div class=\"elementor-element elementor-element-eecdc5a elementor-widget elementor-widget-image\" data-id=\"eecdc5a\" data-element_type=\"widget\" data-widget_type=\"image.default\">\n\t\t\t\t<div class=\"elementor-widget-container\">\n\t\t\t\t\t\t\t\t\t\t\t\t\t\t\t<img decoding=\"async\" src=\"https:\/\/hotelsindhura.com\/wp-content\/uploads\/elementor\/thumbs\/Captura-de-Pantalla-2023-05-24-a-las-12.10.42-1-1-q7oai1216n5z4oimfkljpmw8xl64aqsm1zf085u7f6.png\" title=\"Captura-de-Pantalla-2023-05-24-a-las-12.10.42-1-1.png\" alt=\"Captura-de-Pantalla-2023-05-24-a-las-12.10.42-1-1.png\" loading=\"lazy\" \/>\t\t\t\t\t\t\t\t\t\t\t\t\t\t\t<\/div>\n\t\t\t\t<\/div>\n\t\t\t\t\t<\/div>\n\t\t\t\t<\/div>\n\t\t<div class=\"elementor-element elementor-element-80ca4d1 e-flex e-con-boxed e-con e-parent\" data-id=\"80ca4d1\" data-element_type=\"container\">\n\t\t\t\t\t<div class=\"e-con-inner\">\n\t\t<div class=\"elementor-element elementor-element-e24c177 e-con-full e-flex e-con e-child\" data-id=\"e24c177\" data-element_type=\"container\">\n\t\t\t\t<div class=\"elementor-element elementor-element-a6e8ad8 elementor-invisible elementor-widget elementor-widget-image\" data-id=\"a6e8ad8\" data-element_type=\"widget\" data-settings=\"{&quot;_animation&quot;:&quot;fadeInLeft&quot;}\" data-widget_type=\"image.default\">\n\t\t\t\t<div class=\"elementor-widget-container\">\n\t\t\t\t\t\t\t\t\t\t\t\t\t\t\t<img decoding=\"async\" width=\"800\" height=\"600\" src=\"https:\/\/hotelsindhura.com\/wp-content\/uploads\/2023\/06\/Diseno-sin-titulo-18-2.webp\" class=\"attachment-large size-large wp-image-3011\" alt=\"\" srcset=\"https:\/\/hotelsindhura.com\/wp-content\/uploads\/2023\/06\/Diseno-sin-titulo-18-2.webp 800w, https:\/\/hotelsindhura.com\/wp-content\/uploads\/2023\/06\/Diseno-sin-titulo-18-2-300x225.webp 300w, https:\/\/hotelsindhura.com\/wp-content\/uploads\/2023\/06\/Diseno-sin-titulo-18-2-768x576.webp 768w\" sizes=\"(max-width: 800px) 100vw, 800px\" \/>\t\t\t\t\t\t\t\t\t\t\t\t\t\t\t<\/div>\n\t\t\t\t<\/div>\n\t\t\t\t<\/div>\n\t\t<div class=\"elementor-element elementor-element-c0a98d0 e-con-full contenedor e-flex elementor-invisible e-con e-child\" data-id=\"c0a98d0\" data-element_type=\"container\" data-settings=\"{&quot;background_background&quot;:&quot;classic&quot;,&quot;animation&quot;:&quot;fadeInRight&quot;}\">\n\t\t\t\t<div class=\"elementor-element elementor-element-fea2d53 elementor-widget elementor-widget-text-editor\" data-id=\"fea2d53\" data-element_type=\"widget\" data-widget_type=\"text-editor.default\">\n\t\t\t\t<div class=\"elementor-widget-container\">\n\t\t\t\t\t\t\t\t\t<p>Levez-vous sur votre terrasse et \u00e0 une courte distance, vous verrez le Cerro de Patr\u00eda, un lieu strat\u00e9gique avec des vues impressionnantes o\u00f9 sont conserv\u00e9es les ruines d&rsquo;une ancienne forteresse arabe.<\/p><p>Tout pr\u00e8s se trouve Vejer de la Frontera, une vieille ville qui se dresse sur une colline, plus de cinq si\u00e8cles de domination musulmane ont fa\u00e7onn\u00e9 son urbanisme, bien que des vestiges de son \u00e9poque romaine subsistent. C&rsquo;est l&rsquo;un des villages blancs les mieux conserv\u00e9s de la r\u00e9gion et il a \u00e9t\u00e9 d\u00e9clar\u00e9 site historique et artistique en 1976.<\/p>\t\t\t\t\t\t\t\t<\/div>\n\t\t\t\t<\/div>\n\t\t\t\t<\/div>\n\t\t\t\t\t<\/div>\n\t\t\t\t<\/div>\n\t\t<div class=\"elementor-element elementor-element-a50c57f e-flex e-con-boxed e-con e-parent\" data-id=\"a50c57f\" data-element_type=\"container\">\n\t\t\t\t\t<div class=\"e-con-inner\">\n\t\t\t\t<div class=\"elementor-element elementor-element-7830e82 elementor-widget elementor-widget-image\" data-id=\"7830e82\" data-element_type=\"widget\" data-widget_type=\"image.default\">\n\t\t\t\t<div class=\"elementor-widget-container\">\n\t\t\t\t\t\t\t\t\t\t\t\t\t\t\t<img decoding=\"async\" src=\"https:\/\/hotelsindhura.com\/wp-content\/uploads\/elementor\/thumbs\/Captura-de-Pantalla-2023-05-24-a-las-12.10.42-1-1-q7oai1216n5z4oimfkljpmw8xl64aqsm1zf085u7f6.png\" title=\"Captura-de-Pantalla-2023-05-24-a-las-12.10.42-1-1.png\" alt=\"Captura-de-Pantalla-2023-05-24-a-las-12.10.42-1-1.png\" loading=\"lazy\" \/>\t\t\t\t\t\t\t\t\t\t\t\t\t\t\t<\/div>\n\t\t\t\t<\/div>\n\t\t\t\t\t<\/div>\n\t\t\t\t<\/div>\n\t\t<div class=\"elementor-element elementor-element-9225566 e-flex e-con-boxed e-con e-parent\" data-id=\"9225566\" data-element_type=\"container\">\n\t\t\t\t\t<div class=\"e-con-inner\">\n\t\t<div class=\"elementor-element elementor-element-267dffa e-con-full contenedor e-flex elementor-invisible e-con e-child\" data-id=\"267dffa\" data-element_type=\"container\" data-settings=\"{&quot;background_background&quot;:&quot;classic&quot;,&quot;animation&quot;:&quot;fadeInLeft&quot;}\">\n\t\t\t\t<div class=\"elementor-element elementor-element-191a2b5 elementor-widget elementor-widget-text-editor\" data-id=\"191a2b5\" data-element_type=\"widget\" data-widget_type=\"text-editor.default\">\n\t\t\t\t<div class=\"elementor-widget-container\">\n\t\t\t\t\t\t\t\t\t<p>Dans tous les environs, vous croiserez une multitude de constructions arabes et romaines, certaines encore en usage. Quelques km. au sud se trouve l&rsquo;ancienne ville romaine de Baelo Claudia. Situ\u00e9 dans la crique de Bolonia, il se dresse dans un environnement indescriptible pour sa beaut\u00e9, au pied des eaux claires de l&rsquo;Atlantique et entour\u00e9 de for\u00eats de pins et d&rsquo;une dune majestueuse.<\/p><p>Asseyez-vous dans l&rsquo;amphith\u00e9\u00e2tre et en regardant la c\u00f4te africaine, vous pouvez sentir les sourires et les murmures de la foule qui a appr\u00e9ci\u00e9 les jeux dans ce lieu il y a plus de 2000 ans.<\/p><p>Vous pouvez \u00e9galement passer une journ\u00e9e historique \u00e0 visiter Cadix avec sa cath\u00e9drale, Jerez de la Frontera et l&rsquo;Alcazar, Tarifa, Medina Sidonia&#8230;<\/p>\t\t\t\t\t\t\t\t<\/div>\n\t\t\t\t<\/div>\n\t\t\t\t<\/div>\n\t\t<div class=\"elementor-element elementor-element-86ddbb7 e-con-full e-flex elementor-invisible e-con e-child\" data-id=\"86ddbb7\" data-element_type=\"container\" data-settings=\"{&quot;animation&quot;:&quot;fadeInRight&quot;}\">\n\t\t\t\t<div class=\"elementor-element elementor-element-e950bae elementor-widget elementor-widget-image\" data-id=\"e950bae\" data-element_type=\"widget\" data-widget_type=\"image.default\">\n\t\t\t\t<div class=\"elementor-widget-container\">\n\t\t\t\t\t\t\t\t\t\t\t\t\t\t\t<img loading=\"lazy\" decoding=\"async\" width=\"621\" height=\"413\" src=\"https:\/\/hotelsindhura.com\/wp-content\/uploads\/2023\/06\/ruinas-1.webp\" class=\"attachment-full size-full wp-image-3015\" alt=\"\" srcset=\"https:\/\/hotelsindhura.com\/wp-content\/uploads\/2023\/06\/ruinas-1.webp 621w, https:\/\/hotelsindhura.com\/wp-content\/uploads\/2023\/06\/ruinas-1-300x200.webp 300w\" sizes=\"(max-width: 621px) 100vw, 621px\" \/>\t\t\t\t\t\t\t\t\t\t\t\t\t\t\t<\/div>\n\t\t\t\t<\/div>\n\t\t\t\t<\/div>\n\t\t\t\t\t<\/div>\n\t\t\t\t<\/div>\n\t\t\t\t<\/div>\n\t\t","protected":false},"excerpt":{"rendered":"<p>Sites historiques en Andalousie Si vous \u00eates un fin gourmet, si vous \u00eates passionn\u00e9 par l&rsquo;immersion dans l&rsquo;histoire et la d\u00e9couverte de sites embl\u00e9matiques, l&rsquo;h\u00f4tel Sindhura est l&rsquo;endroit parfait et id\u00e9al pour vous. Avec son charme intemporel et sa situation privil\u00e9gi\u00e9e, vous pourrez explorer et vous \u00e9merveiller devant les tr\u00e9sors historiques qui vous entourent. Des [&hellip;]<\/p>\n","protected":false},"author":2,"featured_media":0,"parent":0,"menu_order":0,"comment_status":"closed","ping_status":"closed","template":"","meta":{"footnotes":""},"class_list":["post-972","page","type-page","status-publish","hentry"],"yoast_head":"<!-- This site is optimized with the Yoast SEO plugin v24.6 - https:\/\/yoast.com\/wordpress\/plugins\/seo\/ -->\n<title>Sites historiques - Hotel Sindhura<\/title>\n<meta name=\"robots\" content=\"index, follow, max-snippet:-1, max-image-preview:large, max-video-preview:-1\" \/>\n<link rel=\"canonical\" href=\"https:\/\/hotelsindhura.com\/fr\/sites-historiques\/\" \/>\n<meta property=\"og:locale\" content=\"fr_FR\" \/>\n<meta property=\"og:type\" content=\"article\" \/>\n<meta property=\"og:title\" content=\"Sites historiques - Hotel Sindhura\" \/>\n<meta property=\"og:description\" content=\"Sites historiques en Andalousie Si vous \u00eates un fin gourmet, si vous \u00eates passionn\u00e9 par l&rsquo;immersion dans l&rsquo;histoire et la d\u00e9couverte de sites embl\u00e9matiques, l&rsquo;h\u00f4tel Sindhura est l&rsquo;endroit parfait et id\u00e9al pour vous. Avec son charme intemporel et sa situation privil\u00e9gi\u00e9e, vous pourrez explorer et vous \u00e9merveiller devant les tr\u00e9sors historiques qui vous entourent. Des [&hellip;]\" \/>\n<meta property=\"og:url\" content=\"https:\/\/hotelsindhura.com\/fr\/sites-historiques\/\" \/>\n<meta property=\"og:site_name\" content=\"Hotel Sindhura\" \/>\n<meta property=\"article:modified_time\" content=\"2023-06-08T19:19:13+00:00\" \/>\n<meta name=\"twitter:card\" content=\"summary_large_image\" \/>\n<meta name=\"twitter:label1\" content=\"Dur\u00e9e de lecture estim\u00e9e\" \/>\n\t<meta name=\"twitter:data1\" content=\"3 minutes\" \/>\n<script type=\"application\/ld+json\" class=\"yoast-schema-graph\">{\"@context\":\"https:\/\/schema.org\",\"@graph\":[{\"@type\":\"WebPage\",\"@id\":\"https:\/\/hotelsindhura.com\/fr\/sites-historiques\/\",\"url\":\"https:\/\/hotelsindhura.com\/fr\/sites-historiques\/\",\"name\":\"Sites historiques - Hotel Sindhura\",\"isPartOf\":{\"@id\":\"https:\/\/www.hotelsindhura.com\/fr\/#website\"},\"datePublished\":\"2023-04-03T06:30:53+00:00\",\"dateModified\":\"2023-06-08T19:19:13+00:00\",\"breadcrumb\":{\"@id\":\"https:\/\/hotelsindhura.com\/fr\/sites-historiques\/#breadcrumb\"},\"inLanguage\":\"fr-FR\",\"potentialAction\":[{\"@type\":\"ReadAction\",\"target\":[\"https:\/\/hotelsindhura.com\/fr\/sites-historiques\/\"]}]},{\"@type\":\"BreadcrumbList\",\"@id\":\"https:\/\/hotelsindhura.com\/fr\/sites-historiques\/#breadcrumb\",\"itemListElement\":[{\"@type\":\"ListItem\",\"position\":1,\"name\":\"Portada\",\"item\":\"https:\/\/www.hotelsindhura.com\/fr\/\"},{\"@type\":\"ListItem\",\"position\":2,\"name\":\"Sites historiques\"}]},{\"@type\":\"WebSite\",\"@id\":\"https:\/\/www.hotelsindhura.com\/fr\/#website\",\"url\":\"https:\/\/www.hotelsindhura.com\/fr\/\",\"name\":\"Hotel Sindhura\",\"description\":\"\",\"publisher\":{\"@id\":\"https:\/\/www.hotelsindhura.com\/fr\/#organization\"},\"potentialAction\":[{\"@type\":\"SearchAction\",\"target\":{\"@type\":\"EntryPoint\",\"urlTemplate\":\"https:\/\/www.hotelsindhura.com\/fr\/?s={search_term_string}\"},\"query-input\":{\"@type\":\"PropertyValueSpecification\",\"valueRequired\":true,\"valueName\":\"search_term_string\"}}],\"inLanguage\":\"fr-FR\"},{\"@type\":\"Organization\",\"@id\":\"https:\/\/www.hotelsindhura.com\/fr\/#organization\",\"name\":\"Hotel Sindhura\",\"alternateName\":\"Hotel Sindhura\",\"url\":\"https:\/\/www.hotelsindhura.com\/fr\/\",\"logo\":{\"@type\":\"ImageObject\",\"inLanguage\":\"fr-FR\",\"@id\":\"https:\/\/www.hotelsindhura.com\/fr\/#\/schema\/logo\/image\/\",\"url\":\"\/\/\/wp-content\/uploads\/2023\/06\/WhatsApp-Image-2023-06-05-at-12.35.42.jpeg\",\"contentUrl\":\"\/\/\/wp-content\/uploads\/2023\/06\/WhatsApp-Image-2023-06-05-at-12.35.42.jpeg\",\"width\":1064,\"height\":1428,\"caption\":\"Hotel Sindhura\"},\"image\":{\"@id\":\"https:\/\/www.hotelsindhura.com\/fr\/#\/schema\/logo\/image\/\"}}]}<\/script>\n<!-- \/ Yoast SEO plugin. -->","yoast_head_json":{"title":"Sites historiques - Hotel Sindhura","robots":{"index":"index","follow":"follow","max-snippet":"max-snippet:-1","max-image-preview":"max-image-preview:large","max-video-preview":"max-video-preview:-1"},"canonical":"https:\/\/hotelsindhura.com\/fr\/sites-historiques\/","og_locale":"fr_FR","og_type":"article","og_title":"Sites historiques - Hotel Sindhura","og_description":"Sites historiques en Andalousie Si vous \u00eates un fin gourmet, si vous \u00eates passionn\u00e9 par l&rsquo;immersion dans l&rsquo;histoire et la d\u00e9couverte de sites embl\u00e9matiques, l&rsquo;h\u00f4tel Sindhura est l&rsquo;endroit parfait et id\u00e9al pour vous. Avec son charme intemporel et sa situation privil\u00e9gi\u00e9e, vous pourrez explorer et vous \u00e9merveiller devant les tr\u00e9sors historiques qui vous entourent. Des [&hellip;]","og_url":"https:\/\/hotelsindhura.com\/fr\/sites-historiques\/","og_site_name":"Hotel Sindhura","article_modified_time":"2023-06-08T19:19:13+00:00","twitter_card":"summary_large_image","twitter_misc":{"Dur\u00e9e de lecture estim\u00e9e":"3 minutes"},"schema":{"@context":"https:\/\/schema.org","@graph":[{"@type":"WebPage","@id":"https:\/\/hotelsindhura.com\/fr\/sites-historiques\/","url":"https:\/\/hotelsindhura.com\/fr\/sites-historiques\/","name":"Sites historiques - Hotel Sindhura","isPartOf":{"@id":"https:\/\/www.hotelsindhura.com\/fr\/#website"},"datePublished":"2023-04-03T06:30:53+00:00","dateModified":"2023-06-08T19:19:13+00:00","breadcrumb":{"@id":"https:\/\/hotelsindhura.com\/fr\/sites-historiques\/#breadcrumb"},"inLanguage":"fr-FR","potentialAction":[{"@type":"ReadAction","target":["https:\/\/hotelsindhura.com\/fr\/sites-historiques\/"]}]},{"@type":"BreadcrumbList","@id":"https:\/\/hotelsindhura.com\/fr\/sites-historiques\/#breadcrumb","itemListElement":[{"@type":"ListItem","position":1,"name":"Portada","item":"https:\/\/www.hotelsindhura.com\/fr\/"},{"@type":"ListItem","position":2,"name":"Sites historiques"}]},{"@type":"WebSite","@id":"https:\/\/www.hotelsindhura.com\/fr\/#website","url":"https:\/\/www.hotelsindhura.com\/fr\/","name":"Hotel Sindhura","description":"","publisher":{"@id":"https:\/\/www.hotelsindhura.com\/fr\/#organization"},"potentialAction":[{"@type":"SearchAction","target":{"@type":"EntryPoint","urlTemplate":"https:\/\/www.hotelsindhura.com\/fr\/?s={search_term_string}"},"query-input":{"@type":"PropertyValueSpecification","valueRequired":true,"valueName":"search_term_string"}}],"inLanguage":"fr-FR"},{"@type":"Organization","@id":"https:\/\/www.hotelsindhura.com\/fr\/#organization","name":"Hotel Sindhura","alternateName":"Hotel Sindhura","url":"https:\/\/www.hotelsindhura.com\/fr\/","logo":{"@type":"ImageObject","inLanguage":"fr-FR","@id":"https:\/\/www.hotelsindhura.com\/fr\/#\/schema\/logo\/image\/","url":"\/\/\/wp-content\/uploads\/2023\/06\/WhatsApp-Image-2023-06-05-at-12.35.42.jpeg","contentUrl":"\/\/\/wp-content\/uploads\/2023\/06\/WhatsApp-Image-2023-06-05-at-12.35.42.jpeg","width":1064,"height":1428,"caption":"Hotel Sindhura"},"image":{"@id":"https:\/\/www.hotelsindhura.com\/fr\/#\/schema\/logo\/image\/"}}]}},"_links":{"self":[{"href":"https:\/\/hotelsindhura.com\/fr\/wp-json\/wp\/v2\/pages\/972","targetHints":{"allow":["GET"]}}],"collection":[{"href":"https:\/\/hotelsindhura.com\/fr\/wp-json\/wp\/v2\/pages"}],"about":[{"href":"https:\/\/hotelsindhura.com\/fr\/wp-json\/wp\/v2\/types\/page"}],"author":[{"embeddable":true,"href":"https:\/\/hotelsindhura.com\/fr\/wp-json\/wp\/v2\/users\/2"}],"replies":[{"embeddable":true,"href":"https:\/\/hotelsindhura.com\/fr\/wp-json\/wp\/v2\/comments?post=972"}],"version-history":[{"count":6,"href":"https:\/\/hotelsindhura.com\/fr\/wp-json\/wp\/v2\/pages\/972\/revisions"}],"predecessor-version":[{"id":3027,"href":"https:\/\/hotelsindhura.com\/fr\/wp-json\/wp\/v2\/pages\/972\/revisions\/3027"}],"wp:attachment":[{"href":"https:\/\/hotelsindhura.com\/fr\/wp-json\/wp\/v2\/media?parent=972"}],"curies":[{"name":"wp","href":"https:\/\/api.w.org\/{rel}","templated":true}]}}