{"id":884,"date":"2023-04-03T06:29:42","date_gmt":"2023-04-03T06:29:42","guid":{"rendered":"https:\/jouer-au-golf-sur-la-costa-de-la-luz\/"},"modified":"2023-06-11T12:58:03","modified_gmt":"2023-06-11T12:58:03","slug":"jouer-au-golf-sur-la-costa-de-la-luz","status":"publish","type":"page","link":"https:\/\/hotelsindhura.com\/fr\/jouer-au-golf-sur-la-costa-de-la-luz\/","title":{"rendered":"Jouer au golf sur la Costa de la Luz"},"content":{"rendered":"\t\t<div data-elementor-type=\"wp-page\" data-elementor-id=\"884\" class=\"elementor elementor-884\" data-elementor-post-type=\"page\">\n\t\t\t\t<div class=\"elementor-element elementor-element-e9b234c e-con-full e-flex e-con e-parent\" data-id=\"e9b234c\" data-element_type=\"container\">\n\t\t\t\t<div class=\"elementor-element elementor-element-8958fc6 elementor-widget elementor-widget-image\" data-id=\"8958fc6\" data-element_type=\"widget\" data-widget_type=\"image.default\">\n\t\t\t\t<div class=\"elementor-widget-container\">\n\t\t\t\t\t\t\t\t\t\t\t\t\t\t\t<img fetchpriority=\"high\" decoding=\"async\" width=\"800\" height=\"160\" src=\"https:\/\/hotelsindhura.com\/wp-content\/uploads\/2023\/06\/Diseno-sin-titulo-1024x205.webp\" class=\"attachment-large size-large wp-image-1787\" alt=\"golf en Vejer de la Frontera\" srcset=\"https:\/\/hotelsindhura.com\/wp-content\/uploads\/2023\/06\/Diseno-sin-titulo-1024x205.webp 1024w, https:\/\/hotelsindhura.com\/wp-content\/uploads\/2023\/06\/Diseno-sin-titulo-300x60.webp 300w, https:\/\/hotelsindhura.com\/wp-content\/uploads\/2023\/06\/Diseno-sin-titulo-768x154.webp 768w, https:\/\/hotelsindhura.com\/wp-content\/uploads\/2023\/06\/Diseno-sin-titulo-1536x307.webp 1536w, https:\/\/hotelsindhura.com\/wp-content\/uploads\/2023\/06\/Diseno-sin-titulo.webp 2000w\" sizes=\"(max-width: 800px) 100vw, 800px\" \/>\t\t\t\t\t\t\t\t\t\t\t\t\t\t\t<\/div>\n\t\t\t\t<\/div>\n\t\t\t\t<\/div>\n\t\t<div class=\"elementor-element elementor-element-0ed3ef8 e-flex e-con-boxed e-con e-parent\" data-id=\"0ed3ef8\" data-element_type=\"container\" data-settings=\"{&quot;background_background&quot;:&quot;classic&quot;}\">\n\t\t\t\t\t<div class=\"e-con-inner\">\n\t\t\t\t<div class=\"elementor-element elementor-element-3ce6a68 elementor-widget elementor-widget-heading\" data-id=\"3ce6a68\" data-element_type=\"widget\" data-widget_type=\"heading.default\">\n\t\t\t\t<div class=\"elementor-widget-container\">\n\t\t\t\t\t<h2 class=\"elementor-heading-title elementor-size-default\">L'h\u00f4tel Sindhura pour les amateurs de golf \u00e0 Vejer de la Frontera<\/h2>\t\t\t\t<\/div>\n\t\t\t\t<\/div>\n\t\t\t\t<div class=\"elementor-element elementor-element-c92403f elementor-widget elementor-widget-text-editor\" data-id=\"c92403f\" data-element_type=\"widget\" data-widget_type=\"text-editor.default\">\n\t\t\t\t<div class=\"elementor-widget-container\">\n\t\t\t\t\t\t\t\t\t<p style=\"text-align: center;\">La Costa de la Luz se est\u00e1 convirtiendo en uno de los destinos favoritos de los golfistas espa\u00f1oles. Sa situation fait de l&rsquo;h\u00f4tel Sindhura un lieu id\u00e9al pour des vacances de golf pr\u00e8s de Vejer de la Frontera.<\/p>\n<p>L&rsquo;impressionnante lumi\u00e8re naturelle, l&rsquo;un des climats les plus chauds de toute l&rsquo;Europe et les vues impressionnantes sur la nature, se combinent dans cette zone pour faire de votre pratique de golf une exp\u00e9rience inoubliable.<\/p>\n\t\t\t\t\t\t\t\t<\/div>\n\t\t\t\t<\/div>\n\t\t\t\t\t<\/div>\n\t\t\t\t<\/div>\n\t\t<div class=\"elementor-element elementor-element-119bfec e-flex e-con-boxed e-con e-parent\" data-id=\"119bfec\" data-element_type=\"container\">\n\t\t\t\t\t<div class=\"e-con-inner\">\n\t\t<div class=\"elementor-element elementor-element-1038247 e-con-full e-flex e-con e-child\" data-id=\"1038247\" data-element_type=\"container\">\n\t\t\t\t<div class=\"elementor-element elementor-element-0a9cbc1 elementor-invisible elementor-widget elementor-widget-image\" data-id=\"0a9cbc1\" data-element_type=\"widget\" data-settings=\"{&quot;_animation&quot;:&quot;fadeInLeft&quot;}\" data-widget_type=\"image.default\">\n\t\t\t\t<div class=\"elementor-widget-container\">\n\t\t\t\t\t\t\t\t\t\t\t\t\t\t\t<img decoding=\"async\" width=\"800\" height=\"533\" src=\"https:\/\/hotelsindhura.com\/wp-content\/uploads\/2023\/06\/Diseno-sin-titulo-_1_.webp\" class=\"attachment-large size-large wp-image-1795\" alt=\"golf en Vejer de la Frontera\" srcset=\"https:\/\/hotelsindhura.com\/wp-content\/uploads\/2023\/06\/Diseno-sin-titulo-_1_.webp 800w, https:\/\/hotelsindhura.com\/wp-content\/uploads\/2023\/06\/Diseno-sin-titulo-_1_-300x200.webp 300w, https:\/\/hotelsindhura.com\/wp-content\/uploads\/2023\/06\/Diseno-sin-titulo-_1_-768x512.webp 768w\" sizes=\"(max-width: 800px) 100vw, 800px\" \/>\t\t\t\t\t\t\t\t\t\t\t\t\t\t\t<\/div>\n\t\t\t\t<\/div>\n\t\t\t\t<\/div>\n\t\t<div class=\"elementor-element elementor-element-95f48d1 e-con-full contenedor e-flex elementor-invisible e-con e-child\" data-id=\"95f48d1\" data-element_type=\"container\" data-settings=\"{&quot;background_background&quot;:&quot;classic&quot;,&quot;animation&quot;:&quot;fadeInRight&quot;}\">\n\t\t\t\t<div class=\"elementor-element elementor-element-1d1f370 elementor-widget elementor-widget-heading\" data-id=\"1d1f370\" data-element_type=\"widget\" data-widget_type=\"heading.default\">\n\t\t\t\t<div class=\"elementor-widget-container\">\n\t\t\t\t\t<h2 class=\"elementor-heading-title elementor-size-default\">TERRAINS DE GOLF<\/h2>\t\t\t\t<\/div>\n\t\t\t\t<\/div>\n\t\t\t\t<div class=\"elementor-element elementor-element-d483500 elementor-widget elementor-widget-heading\" data-id=\"d483500\" data-element_type=\"widget\" data-widget_type=\"heading.default\">\n\t\t\t\t<div class=\"elementor-widget-container\">\n\t\t\t\t\t<h2 class=\"elementor-heading-title elementor-size-default\">Montecastillo, Benalup et Club de Golf Valderrama<\/h2>\t\t\t\t<\/div>\n\t\t\t\t<\/div>\n\t\t\t\t<div class=\"elementor-element elementor-element-080d130 elementor-widget elementor-widget-text-editor\" data-id=\"080d130\" data-element_type=\"widget\" data-widget_type=\"text-editor.default\">\n\t\t\t\t<div class=\"elementor-widget-container\">\n\t\t\t\t\t\t\t\t\tSi vous vous dirigez vers le nord-est, \u00e0 moins d&rsquo;une heure se trouve la ville de Jerez, qui abrite plusieurs parcours, dont le c\u00e9l\u00e8bre <a href=\"https:\/\/www.google.com\/search?gs_ssp=eJzj4tLP1TdITrbIyyo2YLRSMahIMUhJskg2NTA1NU9JS7G0MqiwtLRISgIKW1gmmxiYGKR5CeXm55WkJicWl2Tm5OQrpOfnpAEA2nUV3g&amp;q=montecastillo+golf&amp;rlz=1C5CHFA_enES943ES943&amp;oq=montecastill&amp;gs_lcrp=EgZjaHJvbWUqFggBEC4YrwEYxwEYgAQYmAUYmQUYngUyCggAEAAY4wIYgAQyFggBEC4YrwEYxwEYgAQYmAUYmQUYngUyBggCEEUYOTIHCAMQABiABDIHCAQQABiABDIHCAUQABiABDIHCAYQABiABDIHCAcQABiABDIHCAgQABiABDIHCAkQABiABNIBCDM3MDFqMGo3qAIAsAIA&amp;sourceid=chrome&amp;ie=UTF-8\" style=\"color: grey\">Montecastillo Golf<\/a>, \u00e9galement con\u00e7u par Niklaus.\n\nDirigez-vous vers l&rsquo;ouest et en 20 minutes, vous d\u00e9couvrirez Benalup Golf, un parcours incroyable avec vue sur les rizi\u00e8res de La Laguna de Janda et le Parque de los Alcornocales.\n\nDe plus, dans la luxueuse urbanisation de Sotogrande, nous avons le Valderrama Golf Club, consid\u00e9r\u00e9 comme l&rsquo;un des plus difficiles d&rsquo;Europe et qui a accueilli la Ryder Cup en 1997.\n\nJouer au golf \u00e0 Vejer de la Frontera.\t\t\t\t\t\t\t\t<\/div>\n\t\t\t\t<\/div>\n\t\t\t\t<\/div>\n\t\t\t\t\t<\/div>\n\t\t\t\t<\/div>\n\t\t\t\t<section class=\"elementor-section elementor-top-section elementor-element elementor-element-916fde8 elementor-section-full_width elementor-section-height-default elementor-section-height-default\" data-id=\"916fde8\" data-element_type=\"section\">\n\t\t\t\t\t\t<div class=\"elementor-container elementor-column-gap-default\">\n\t\t\t\t\t<div class=\"elementor-column elementor-col-100 elementor-top-column elementor-element elementor-element-0470019\" data-id=\"0470019\" data-element_type=\"column\">\n\t\t\t<div class=\"elementor-widget-wrap elementor-element-populated\">\n\t\t\t\t\t\t<div class=\"elementor-element elementor-element-a107926 elementor-widget elementor-widget-image\" data-id=\"a107926\" data-element_type=\"widget\" data-widget_type=\"image.default\">\n\t\t\t\t<div class=\"elementor-widget-container\">\n\t\t\t\t\t\t\t\t\t\t\t\t\t\t\t<img decoding=\"async\" src=\"https:\/\/hotelsindhura.com\/wp-content\/uploads\/elementor\/thumbs\/Captura-de-Pantalla-2023-05-24-a-las-12.10.42-1-1-q6xjgyszbbtzkj9jeog6z943p8ke230pi20sz204r6.png\" title=\"Captura de Pantalla 2023-05-24 a las 12.10.42 (1) (1)\" alt=\"Captura de Pantalla 2023-05-24 a las 12.10.42 (1) (1)\" loading=\"lazy\" \/>\t\t\t\t\t\t\t\t\t\t\t\t\t\t\t<\/div>\n\t\t\t\t<\/div>\n\t\t\t\t\t<\/div>\n\t\t<\/div>\n\t\t\t\t\t<\/div>\n\t\t<\/section>\n\t\t<div class=\"elementor-element elementor-element-8702a12 e-flex e-con-boxed e-con e-parent\" data-id=\"8702a12\" data-element_type=\"container\">\n\t\t\t\t\t<div class=\"e-con-inner\">\n\t\t<div class=\"elementor-element elementor-element-eb08adf e-con-full contenedor e-flex elementor-invisible e-con e-child\" data-id=\"eb08adf\" data-element_type=\"container\" data-settings=\"{&quot;background_background&quot;:&quot;classic&quot;,&quot;animation&quot;:&quot;fadeInLeft&quot;}\">\n\t\t\t\t<div class=\"elementor-element elementor-element-06a2a28 elementor-widget elementor-widget-heading\" data-id=\"06a2a28\" data-element_type=\"widget\" data-widget_type=\"heading.default\">\n\t\t\t\t<div class=\"elementor-widget-container\">\n\t\t\t\t\t<h2 class=\"elementor-heading-title elementor-size-default\">TERRAINS DE GOLF<\/h2>\t\t\t\t<\/div>\n\t\t\t\t<\/div>\n\t\t\t\t<div class=\"elementor-element elementor-element-34a188b elementor-widget elementor-widget-heading\" data-id=\"34a188b\" data-element_type=\"widget\" data-widget_type=\"heading.default\">\n\t\t\t\t<div class=\"elementor-widget-container\">\n\t\t\t\t\t<h2 class=\"elementor-heading-title elementor-size-default\">Montenmedio et Novo Sancti Petri<\/h2>\t\t\t\t<\/div>\n\t\t\t\t<\/div>\n\t\t\t\t<div class=\"elementor-element elementor-element-a82ee6e elementor-widget elementor-widget-text-editor\" data-id=\"a82ee6e\" data-element_type=\"widget\" data-widget_type=\"text-editor.default\">\n\t\t\t\t<div class=\"elementor-widget-container\">\n\t\t\t\t\t\t\t\t\t<p>La Costa de la Luz se est\u00e1 convirtiendo en uno de los destinos favoritos de los golfistas espa\u00f1oles. En raison de son emplacement, cela fait de l&rsquo;h\u00f4tel Sindhura un endroit id\u00e9al pour des vacances de golf.<\/p>\n<p>La lumi\u00e8re naturelle impressionnante, l&rsquo;un des climats les plus chauds de toute l&rsquo;Europe et les vues impressionnantes sur la nature.<\/p>\n<p>\u00c0 seulement 10 minutes au sud se trouve Montenmedio, un magnifique parcours con\u00e7u par le l\u00e9gendaire Jack Niklaus, un parcours qui accueille les meilleurs tournois de la r\u00e9gion. Si vous conduisez 20 minutes dans une autre direction, vous trouverez le Novo Sancti Petri Golf Club, con\u00e7u par le grand champion Seve Ballesteros.<\/p>\n<p>Jouer au golf pr\u00e8s de Vejer de la Frontera.<\/p>\n\t\t\t\t\t\t\t\t<\/div>\n\t\t\t\t<\/div>\n\t\t\t\t<\/div>\n\t\t<div class=\"elementor-element elementor-element-80f7ee3 e-con-full e-flex elementor-invisible e-con e-child\" data-id=\"80f7ee3\" data-element_type=\"container\" data-settings=\"{&quot;animation&quot;:&quot;fadeInRight&quot;}\">\n\t\t\t\t<div class=\"elementor-element elementor-element-d3a665f elementor-widget elementor-widget-image\" data-id=\"d3a665f\" data-element_type=\"widget\" data-widget_type=\"image.default\">\n\t\t\t\t<div class=\"elementor-widget-container\">\n\t\t\t\t\t\t\t\t\t\t\t\t\t\t\t<img decoding=\"async\" width=\"800\" height=\"534\" src=\"https:\/\/hotelsindhura.com\/wp-content\/uploads\/2023\/06\/Diseno-sin-titulo-_2_-1024x683.webp\" class=\"attachment-large size-large wp-image-1799\" alt=\"golf en Vejer de la Frontera\" srcset=\"https:\/\/hotelsindhura.com\/wp-content\/uploads\/2023\/06\/Diseno-sin-titulo-_2_-1024x683.webp 1024w, https:\/\/hotelsindhura.com\/wp-content\/uploads\/2023\/06\/Diseno-sin-titulo-_2_-300x200.webp 300w, https:\/\/hotelsindhura.com\/wp-content\/uploads\/2023\/06\/Diseno-sin-titulo-_2_-768x512.webp 768w, https:\/\/hotelsindhura.com\/wp-content\/uploads\/2023\/06\/Diseno-sin-titulo-_2_.webp 1200w\" sizes=\"(max-width: 800px) 100vw, 800px\" \/>\t\t\t\t\t\t\t\t\t\t\t\t\t\t\t<\/div>\n\t\t\t\t<\/div>\n\t\t\t\t<\/div>\n\t\t\t\t\t<\/div>\n\t\t\t\t<\/div>\n\t\t\t\t<\/div>\n\t\t","protected":false},"excerpt":{"rendered":"<p>L&rsquo;h\u00f4tel Sindhura pour les amateurs de golf \u00e0 Vejer de la Frontera La Costa de la Luz se est\u00e1 convirtiendo en uno de los destinos favoritos de los golfistas espa\u00f1oles. Sa situation fait de l&rsquo;h\u00f4tel Sindhura un lieu id\u00e9al pour des vacances de golf pr\u00e8s de Vejer de la Frontera. L&rsquo;impressionnante lumi\u00e8re naturelle, l&rsquo;un des [&hellip;]<\/p>\n","protected":false},"author":2,"featured_media":0,"parent":0,"menu_order":0,"comment_status":"closed","ping_status":"closed","template":"","meta":{"footnotes":""},"class_list":["post-884","page","type-page","status-publish","hentry"],"yoast_head":"<!-- This site is optimized with the Yoast SEO plugin v24.6 - https:\/\/yoast.com\/wordpress\/plugins\/seo\/ -->\n<title>Golf \u00e0 Vejer de la Frontera<\/title>\n<meta name=\"description\" content=\"Profitez d&#039;une journ\u00e9e de golf pr\u00e8s de Vejer de la Frontera, o\u00f9 vous passerez une journ\u00e9e incroyable avec des installations parfaites.\" \/>\n<meta name=\"robots\" content=\"index, follow, max-snippet:-1, max-image-preview:large, max-video-preview:-1\" \/>\n<link rel=\"canonical\" href=\"https:\/\/hotelsindhura.com\/fr\/jouer-au-golf-sur-la-costa-de-la-luz\/\" \/>\n<meta property=\"og:locale\" content=\"fr_FR\" \/>\n<meta property=\"og:type\" content=\"article\" \/>\n<meta property=\"og:title\" content=\"Golf \u00e0 Vejer de la Frontera\" \/>\n<meta property=\"og:description\" content=\"Profitez d&#039;une journ\u00e9e de golf pr\u00e8s de Vejer de la Frontera, o\u00f9 vous passerez une journ\u00e9e incroyable avec des installations parfaites.\" \/>\n<meta property=\"og:url\" content=\"https:\/\/hotelsindhura.com\/fr\/jouer-au-golf-sur-la-costa-de-la-luz\/\" \/>\n<meta property=\"og:site_name\" content=\"Hotel Sindhura\" \/>\n<meta property=\"article:modified_time\" content=\"2023-06-11T12:58:03+00:00\" \/>\n<meta name=\"twitter:card\" content=\"summary_large_image\" \/>\n<meta name=\"twitter:label1\" content=\"Dur\u00e9e de lecture estim\u00e9e\" \/>\n\t<meta name=\"twitter:data1\" content=\"3 minutes\" \/>\n<script type=\"application\/ld+json\" class=\"yoast-schema-graph\">{\"@context\":\"https:\/\/schema.org\",\"@graph\":[{\"@type\":\"WebPage\",\"@id\":\"https:\/\/hotelsindhura.com\/fr\/jouer-au-golf-sur-la-costa-de-la-luz\/\",\"url\":\"https:\/\/hotelsindhura.com\/fr\/jouer-au-golf-sur-la-costa-de-la-luz\/\",\"name\":\"Golf \u00e0 Vejer de la Frontera\",\"isPartOf\":{\"@id\":\"https:\/\/www.hotelsindhura.com\/fr\/#website\"},\"datePublished\":\"2023-04-03T06:29:42+00:00\",\"dateModified\":\"2023-06-11T12:58:03+00:00\",\"description\":\"Profitez d'une journ\u00e9e de golf pr\u00e8s de Vejer de la Frontera, o\u00f9 vous passerez une journ\u00e9e incroyable avec des installations parfaites.\",\"breadcrumb\":{\"@id\":\"https:\/\/hotelsindhura.com\/fr\/jouer-au-golf-sur-la-costa-de-la-luz\/#breadcrumb\"},\"inLanguage\":\"fr-FR\",\"potentialAction\":[{\"@type\":\"ReadAction\",\"target\":[\"https:\/\/hotelsindhura.com\/fr\/jouer-au-golf-sur-la-costa-de-la-luz\/\"]}]},{\"@type\":\"BreadcrumbList\",\"@id\":\"https:\/\/hotelsindhura.com\/fr\/jouer-au-golf-sur-la-costa-de-la-luz\/#breadcrumb\",\"itemListElement\":[{\"@type\":\"ListItem\",\"position\":1,\"name\":\"Portada\",\"item\":\"https:\/\/www.hotelsindhura.com\/fr\/\"},{\"@type\":\"ListItem\",\"position\":2,\"name\":\"Jouer au golf sur la Costa de la Luz\"}]},{\"@type\":\"WebSite\",\"@id\":\"https:\/\/www.hotelsindhura.com\/fr\/#website\",\"url\":\"https:\/\/www.hotelsindhura.com\/fr\/\",\"name\":\"Hotel Sindhura\",\"description\":\"\",\"publisher\":{\"@id\":\"https:\/\/www.hotelsindhura.com\/fr\/#organization\"},\"potentialAction\":[{\"@type\":\"SearchAction\",\"target\":{\"@type\":\"EntryPoint\",\"urlTemplate\":\"https:\/\/www.hotelsindhura.com\/fr\/?s={search_term_string}\"},\"query-input\":{\"@type\":\"PropertyValueSpecification\",\"valueRequired\":true,\"valueName\":\"search_term_string\"}}],\"inLanguage\":\"fr-FR\"},{\"@type\":\"Organization\",\"@id\":\"https:\/\/www.hotelsindhura.com\/fr\/#organization\",\"name\":\"Hotel Sindhura\",\"alternateName\":\"Hotel Sindhura\",\"url\":\"https:\/\/www.hotelsindhura.com\/fr\/\",\"logo\":{\"@type\":\"ImageObject\",\"inLanguage\":\"fr-FR\",\"@id\":\"https:\/\/www.hotelsindhura.com\/fr\/#\/schema\/logo\/image\/\",\"url\":\"\/\/\/wp-content\/uploads\/2023\/06\/WhatsApp-Image-2023-06-05-at-12.35.42.jpeg\",\"contentUrl\":\"\/\/\/wp-content\/uploads\/2023\/06\/WhatsApp-Image-2023-06-05-at-12.35.42.jpeg\",\"width\":1064,\"height\":1428,\"caption\":\"Hotel Sindhura\"},\"image\":{\"@id\":\"https:\/\/www.hotelsindhura.com\/fr\/#\/schema\/logo\/image\/\"}}]}<\/script>\n<!-- \/ Yoast SEO plugin. -->","yoast_head_json":{"title":"Golf \u00e0 Vejer de la Frontera","description":"Profitez d'une journ\u00e9e de golf pr\u00e8s de Vejer de la Frontera, o\u00f9 vous passerez une journ\u00e9e incroyable avec des installations parfaites.","robots":{"index":"index","follow":"follow","max-snippet":"max-snippet:-1","max-image-preview":"max-image-preview:large","max-video-preview":"max-video-preview:-1"},"canonical":"https:\/\/hotelsindhura.com\/fr\/jouer-au-golf-sur-la-costa-de-la-luz\/","og_locale":"fr_FR","og_type":"article","og_title":"Golf \u00e0 Vejer de la Frontera","og_description":"Profitez d'une journ\u00e9e de golf pr\u00e8s de Vejer de la Frontera, o\u00f9 vous passerez une journ\u00e9e incroyable avec des installations parfaites.","og_url":"https:\/\/hotelsindhura.com\/fr\/jouer-au-golf-sur-la-costa-de-la-luz\/","og_site_name":"Hotel Sindhura","article_modified_time":"2023-06-11T12:58:03+00:00","twitter_card":"summary_large_image","twitter_misc":{"Dur\u00e9e de lecture estim\u00e9e":"3 minutes"},"schema":{"@context":"https:\/\/schema.org","@graph":[{"@type":"WebPage","@id":"https:\/\/hotelsindhura.com\/fr\/jouer-au-golf-sur-la-costa-de-la-luz\/","url":"https:\/\/hotelsindhura.com\/fr\/jouer-au-golf-sur-la-costa-de-la-luz\/","name":"Golf \u00e0 Vejer de la Frontera","isPartOf":{"@id":"https:\/\/www.hotelsindhura.com\/fr\/#website"},"datePublished":"2023-04-03T06:29:42+00:00","dateModified":"2023-06-11T12:58:03+00:00","description":"Profitez d'une journ\u00e9e de golf pr\u00e8s de Vejer de la Frontera, o\u00f9 vous passerez une journ\u00e9e incroyable avec des installations parfaites.","breadcrumb":{"@id":"https:\/\/hotelsindhura.com\/fr\/jouer-au-golf-sur-la-costa-de-la-luz\/#breadcrumb"},"inLanguage":"fr-FR","potentialAction":[{"@type":"ReadAction","target":["https:\/\/hotelsindhura.com\/fr\/jouer-au-golf-sur-la-costa-de-la-luz\/"]}]},{"@type":"BreadcrumbList","@id":"https:\/\/hotelsindhura.com\/fr\/jouer-au-golf-sur-la-costa-de-la-luz\/#breadcrumb","itemListElement":[{"@type":"ListItem","position":1,"name":"Portada","item":"https:\/\/www.hotelsindhura.com\/fr\/"},{"@type":"ListItem","position":2,"name":"Jouer au golf sur la Costa de la Luz"}]},{"@type":"WebSite","@id":"https:\/\/www.hotelsindhura.com\/fr\/#website","url":"https:\/\/www.hotelsindhura.com\/fr\/","name":"Hotel Sindhura","description":"","publisher":{"@id":"https:\/\/www.hotelsindhura.com\/fr\/#organization"},"potentialAction":[{"@type":"SearchAction","target":{"@type":"EntryPoint","urlTemplate":"https:\/\/www.hotelsindhura.com\/fr\/?s={search_term_string}"},"query-input":{"@type":"PropertyValueSpecification","valueRequired":true,"valueName":"search_term_string"}}],"inLanguage":"fr-FR"},{"@type":"Organization","@id":"https:\/\/www.hotelsindhura.com\/fr\/#organization","name":"Hotel Sindhura","alternateName":"Hotel Sindhura","url":"https:\/\/www.hotelsindhura.com\/fr\/","logo":{"@type":"ImageObject","inLanguage":"fr-FR","@id":"https:\/\/www.hotelsindhura.com\/fr\/#\/schema\/logo\/image\/","url":"\/\/\/wp-content\/uploads\/2023\/06\/WhatsApp-Image-2023-06-05-at-12.35.42.jpeg","contentUrl":"\/\/\/wp-content\/uploads\/2023\/06\/WhatsApp-Image-2023-06-05-at-12.35.42.jpeg","width":1064,"height":1428,"caption":"Hotel Sindhura"},"image":{"@id":"https:\/\/www.hotelsindhura.com\/fr\/#\/schema\/logo\/image\/"}}]}},"_links":{"self":[{"href":"https:\/\/hotelsindhura.com\/fr\/wp-json\/wp\/v2\/pages\/884","targetHints":{"allow":["GET"]}}],"collection":[{"href":"https:\/\/hotelsindhura.com\/fr\/wp-json\/wp\/v2\/pages"}],"about":[{"href":"https:\/\/hotelsindhura.com\/fr\/wp-json\/wp\/v2\/types\/page"}],"author":[{"embeddable":true,"href":"https:\/\/hotelsindhura.com\/fr\/wp-json\/wp\/v2\/users\/2"}],"replies":[{"embeddable":true,"href":"https:\/\/hotelsindhura.com\/fr\/wp-json\/wp\/v2\/comments?post=884"}],"version-history":[{"count":11,"href":"https:\/\/hotelsindhura.com\/fr\/wp-json\/wp\/v2\/pages\/884\/revisions"}],"predecessor-version":[{"id":3218,"href":"https:\/\/hotelsindhura.com\/fr\/wp-json\/wp\/v2\/pages\/884\/revisions\/3218"}],"wp:attachment":[{"href":"https:\/\/hotelsindhura.com\/fr\/wp-json\/wp\/v2\/media?parent=884"}],"curies":[{"name":"wp","href":"https:\/\/api.w.org\/{rel}","templated":true}]}}