{"id":810,"date":"2023-04-03T06:31:28","date_gmt":"2023-04-03T06:31:28","guid":{"rendered":"https:\/covid-19\/"},"modified":"2023-06-02T10:22:49","modified_gmt":"2023-06-02T10:22:49","slug":"covid-19","status":"publish","type":"page","link":"https:\/\/hotelsindhura.com\/fr\/covid-19\/","title":{"rendered":"Covid-19"},"content":{"rendered":"\t\t<div data-elementor-type=\"wp-page\" data-elementor-id=\"810\" class=\"elementor elementor-810\" data-elementor-post-type=\"page\">\n\t\t\t\t\t\t<section class=\"elementor-section elementor-top-section elementor-element elementor-element-d3e6ba2 elementor-section-full_width elementor-section-height-min-height elementor-section-height-default elementor-section-items-middle\" data-id=\"d3e6ba2\" data-element_type=\"section\">\n\t\t\t\t\t\t<div class=\"elementor-container elementor-column-gap-no\">\n\t\t\t\t\t<div class=\"elementor-column elementor-col-100 elementor-top-column elementor-element elementor-element-76f07b5\" data-id=\"76f07b5\" data-element_type=\"column\">\n\t\t\t<div class=\"elementor-widget-wrap elementor-element-populated\">\n\t\t\t\t\t\t<div class=\"elementor-element elementor-element-c635909 elementor-widget elementor-widget-image\" data-id=\"c635909\" data-element_type=\"widget\" data-widget_type=\"image.default\">\n\t\t\t\t<div class=\"elementor-widget-container\">\n\t\t\t\t\t\t\t\t\t\t\t\t\t\t\t<img fetchpriority=\"high\" decoding=\"async\" width=\"1700\" height=\"1141\" src=\"https:\/\/hotelsindhura.com\/wp-content\/uploads\/2023\/04\/covid-protocol-safe-hotel.gif\" class=\"attachment-full size-full wp-image-399\" alt=\"\" \/>\t\t\t\t\t\t\t\t\t\t\t\t\t\t\t<\/div>\n\t\t\t\t<\/div>\n\t\t\t\t\t<\/div>\n\t\t<\/div>\n\t\t\t\t\t<\/div>\n\t\t<\/section>\n\t\t\t\t<section class=\"elementor-section elementor-top-section elementor-element elementor-element-01ff591 elementor-section-boxed elementor-section-height-default elementor-section-height-default\" data-id=\"01ff591\" data-element_type=\"section\">\n\t\t\t\t\t\t<div class=\"elementor-container elementor-column-gap-default\">\n\t\t\t\t\t<div class=\"elementor-column elementor-col-100 elementor-top-column elementor-element elementor-element-7a74d7b\" data-id=\"7a74d7b\" data-element_type=\"column\">\n\t\t\t<div class=\"elementor-widget-wrap elementor-element-populated\">\n\t\t\t\t\t\t<div class=\"elementor-element elementor-element-451ffd9 elementor-widget elementor-widget-heading\" data-id=\"451ffd9\" data-element_type=\"widget\" data-widget_type=\"heading.default\">\n\t\t\t\t<div class=\"elementor-widget-container\">\n\t\t\t\t\t<h2 class=\"elementor-heading-title elementor-size-default\">Covid-19<\/h2>\t\t\t\t<\/div>\n\t\t\t\t<\/div>\n\t\t\t\t<div class=\"elementor-element elementor-element-b54b0c0 elementor-widget elementor-widget-text-editor\" data-id=\"b54b0c0\" data-element_type=\"widget\" data-widget_type=\"text-editor.default\">\n\t\t\t\t<div class=\"elementor-widget-container\">\n\t\t\t\t\t\t\t\t\t<p>\u00c0 l&rsquo;h\u00f4tel Sindhura, nous voulons que vous profitiez de vos vacances en toute tranquillit\u00e9 d&rsquo;esprit et en toute s\u00e9curit\u00e9. Pour cela nous avons mis en place les protocoles recommand\u00e9s par le Gouvernement afin que vous vous sentiez compl\u00e8tement d\u00e9tendu et en s\u00e9curit\u00e9 pendant votre s\u00e9jour.<\/p>\n\t\t\t\t\t\t\t\t<\/div>\n\t\t\t\t<\/div>\n\t\t\t\t\t<\/div>\n\t\t<\/div>\n\t\t\t\t\t<\/div>\n\t\t<\/section>\n\t\t\t\t<section class=\"elementor-section elementor-top-section elementor-element elementor-element-692cd6e elementor-section-boxed elementor-section-height-default elementor-section-height-default\" data-id=\"692cd6e\" data-element_type=\"section\">\n\t\t\t\t\t\t<div class=\"elementor-container elementor-column-gap-default\">\n\t\t\t\t\t<div class=\"elementor-column elementor-col-100 elementor-top-column elementor-element elementor-element-289f2f3\" data-id=\"289f2f3\" data-element_type=\"column\">\n\t\t\t<div class=\"elementor-widget-wrap elementor-element-populated\">\n\t\t\t\t\t\t<section class=\"elementor-section elementor-inner-section elementor-element elementor-element-ba7d162 elementor-section-boxed elementor-section-height-default elementor-section-height-default\" data-id=\"ba7d162\" data-element_type=\"section\">\n\t\t\t\t\t\t<div class=\"elementor-container elementor-column-gap-default\">\n\t\t\t\t\t<div class=\"elementor-column elementor-col-33 elementor-inner-column elementor-element elementor-element-c87f271\" data-id=\"c87f271\" data-element_type=\"column\">\n\t\t\t<div class=\"elementor-widget-wrap elementor-element-populated\">\n\t\t\t\t\t\t<div class=\"elementor-element elementor-element-a725dba elementor-widget elementor-widget-image\" data-id=\"a725dba\" data-element_type=\"widget\" data-widget_type=\"image.default\">\n\t\t\t\t<div class=\"elementor-widget-container\">\n\t\t\t\t\t\t\t\t\t\t\t\t\t\t\t<img decoding=\"async\" width=\"600\" height=\"394\" src=\"https:\/\/hotelsindhura.com\/wp-content\/uploads\/2023\/04\/cleanroomdark-1.gif\" class=\"attachment-large size-large wp-image-406\" alt=\"\" \/>\t\t\t\t\t\t\t\t\t\t\t\t\t\t\t<\/div>\n\t\t\t\t<\/div>\n\t\t\t\t<div class=\"elementor-element elementor-element-5e06750 elementor-widget elementor-widget-heading\" data-id=\"5e06750\" data-element_type=\"widget\" data-widget_type=\"heading.default\">\n\t\t\t\t<div class=\"elementor-widget-container\">\n\t\t\t\t\t<h2 class=\"elementor-heading-title elementor-size-default\">PROTOCOLES DE NETTOYAGE ET DE D\u00c9SINFECTION<\/h2>\t\t\t\t<\/div>\n\t\t\t\t<\/div>\n\t\t\t\t<div class=\"elementor-element elementor-element-baa3da1 elementor-widget elementor-widget-text-editor\" data-id=\"baa3da1\" data-element_type=\"widget\" data-widget_type=\"text-editor.default\">\n\t\t\t\t<div class=\"elementor-widget-container\">\n\t\t\t\t\t\t\t\t\t<p><strong>Nettoyage et d\u00e9sinfection constants. <\/strong><\/p>\n<p class=\"p1\">Avant ouverture, un nettoyage et une d\u00e9sinfection en profondeur ont \u00e9t\u00e9 effectu\u00e9s en suivant les recommandations et en utilisant des produits virucides autoris\u00e9s. Une fois ouvertes, les zones de transit, la r\u00e9ception, les espaces communs et tous les objets ou surfaces de la zone de transit (mains courantes, poign\u00e9es de porte, robinets des toilettes publiques, interrupteurs, &#8230;) seront nettoy\u00e9s au moins toutes les deux heures.<\/p>\n<p class=\"p1\">Les cl\u00e9s, documents ou autres objets remis aux clients seront d\u00e9sinfect\u00e9s. La PLV sera d\u00e9sinfect\u00e9e apr\u00e8s utilisation en pr\u00e9sence du client. Dans les parties communes et \u00e0 l&rsquo;int\u00e9rieur des chambres, les clients pourront trouver du gel hydroalcoolique.<\/p>\n<p class=\"p1\">Chambres \u00e0 coucher. Entre chaque arriv\u00e9e et chaque d\u00e9part, notre personnel effectuera un nettoyage en profondeur, en d\u00e9sinfectant toutes les surfaces de la chambre.<\/p>\n\t\t\t\t\t\t\t\t<\/div>\n\t\t\t\t<\/div>\n\t\t\t\t\t<\/div>\n\t\t<\/div>\n\t\t\t\t<div class=\"elementor-column elementor-col-33 elementor-inner-column elementor-element elementor-element-aa85cac\" data-id=\"aa85cac\" data-element_type=\"column\">\n\t\t\t<div class=\"elementor-widget-wrap elementor-element-populated\">\n\t\t\t\t\t\t<div class=\"elementor-element elementor-element-f2bffd4 elementor-widget elementor-widget-image\" data-id=\"f2bffd4\" data-element_type=\"widget\" data-widget_type=\"image.default\">\n\t\t\t\t<div class=\"elementor-widget-container\">\n\t\t\t\t\t\t\t\t\t\t\t\t\t\t\t<img decoding=\"async\" width=\"600\" height=\"394\" src=\"https:\/\/hotelsindhura.com\/wp-content\/uploads\/2023\/04\/restaurnat.gif\" class=\"attachment-large size-large wp-image-405\" alt=\"\" \/>\t\t\t\t\t\t\t\t\t\t\t\t\t\t\t<\/div>\n\t\t\t\t<\/div>\n\t\t\t\t<div class=\"elementor-element elementor-element-bb2a28a elementor-widget elementor-widget-heading\" data-id=\"bb2a28a\" data-element_type=\"widget\" data-widget_type=\"heading.default\">\n\t\t\t\t<div class=\"elementor-widget-container\">\n\t\t\t\t\t<h2 class=\"elementor-heading-title elementor-size-default\">PROTOCOLE RESTAURATION<\/h2>\t\t\t\t<\/div>\n\t\t\t\t<\/div>\n\t\t\t\t<div class=\"elementor-element elementor-element-5ac346d elementor-widget elementor-widget-text-editor\" data-id=\"5ac346d\" data-element_type=\"widget\" data-widget_type=\"text-editor.default\">\n\t\t\t\t<div class=\"elementor-widget-container\">\n\t\t\t\t\t\t\t\t\t<p>Les protocoles actuels concernant le contr\u00f4le du Covid-19 seront suivis. Pour cela, des distributeurs de gel hydroalcoolique seront mis \u00e0 la disposition des clients et du personnel. <\/p>\n<p>Les couverts, verres, assiettes et autres ustensiles r\u00e9utilisables seront lav\u00e9s au lave-vaisselle \u00e0 haute temp\u00e9rature pour garantir leur d\u00e9sinfection.<\/p>\n<p>Les tables seront dispos\u00e9es pour maintenir la distance de s\u00e9curit\u00e9 entre les clients. <\/p>\n<p>Les tables, chaises et autres surfaces seront nettoy\u00e9es entre chaque service et seront mises en place une fois le client arriv\u00e9. Les produits d&rsquo;usage courant (huile, vinaigre, sali\u00e8re,&#8230;) seront \u00e9limin\u00e9s. <\/p>\n<p>Le personnel de cuisine portera des masques et des gants et le personnel de service portera des masques<\/p>\n<p>Le paiement par carte sera prioritaire. Le PLV sera d\u00e9sinfect\u00e9 apr\u00e8s chaque utilisation.<\/p>\n\t\t\t\t\t\t\t\t<\/div>\n\t\t\t\t<\/div>\n\t\t\t\t\t<\/div>\n\t\t<\/div>\n\t\t\t\t<div class=\"elementor-column elementor-col-33 elementor-inner-column elementor-element elementor-element-bfa5bd7\" data-id=\"bfa5bd7\" data-element_type=\"column\">\n\t\t\t<div class=\"elementor-widget-wrap elementor-element-populated\">\n\t\t\t\t\t\t<div class=\"elementor-element elementor-element-fd4c622 elementor-widget elementor-widget-image\" data-id=\"fd4c622\" data-element_type=\"widget\" data-widget_type=\"image.default\">\n\t\t\t\t<div class=\"elementor-widget-container\">\n\t\t\t\t\t\t\t\t\t\t\t\t\t\t\t<img loading=\"lazy\" decoding=\"async\" width=\"600\" height=\"394\" src=\"https:\/\/hotelsindhura.com\/wp-content\/uploads\/2023\/04\/pool.gif\" class=\"attachment-large size-large wp-image-407\" alt=\"\" \/>\t\t\t\t\t\t\t\t\t\t\t\t\t\t\t<\/div>\n\t\t\t\t<\/div>\n\t\t\t\t<div class=\"elementor-element elementor-element-c02e027 elementor-widget elementor-widget-heading\" data-id=\"c02e027\" data-element_type=\"widget\" data-widget_type=\"heading.default\">\n\t\t\t\t<div class=\"elementor-widget-container\">\n\t\t\t\t\t<h2 class=\"elementor-heading-title elementor-size-default\">PROTOCOLES DE PURIFICATION DE L'AIR ET DE L'EAU<\/h2>\t\t\t\t<\/div>\n\t\t\t\t<\/div>\n\t\t\t\t<div class=\"elementor-element elementor-element-6bbb744 elementor-widget elementor-widget-text-editor\" data-id=\"6bbb744\" data-element_type=\"widget\" data-widget_type=\"text-editor.default\">\n\t\t\t\t<div class=\"elementor-widget-container\">\n\t\t\t\t\t\t\t\t\t<p>Toutes les installations de Sindhura sont contr\u00f4l\u00e9es annuellement par une soci\u00e9t\u00e9 ind\u00e9pendante et certifi\u00e9e conform\u00e9ment \u00e0 la l\u00e9gislation en vigueur. Notre piscine respecte \u00e9galement les contr\u00f4les exhaustifs stipul\u00e9s par la Sant\u00e9. <\/p>\n<p>L&rsquo;espace piscine disposera de distributeurs de gel hydroalcoolique et les transats seront d\u00e9sinfect\u00e9s apr\u00e8s chaque utilisation.<\/p>\n\t\t\t\t\t\t\t\t<\/div>\n\t\t\t\t<\/div>\n\t\t\t\t\t<\/div>\n\t\t<\/div>\n\t\t\t\t\t<\/div>\n\t\t<\/section>\n\t\t\t\t\t<\/div>\n\t\t<\/div>\n\t\t\t\t\t<\/div>\n\t\t<\/section>\n\t\t\t\t<section class=\"elementor-section elementor-top-section elementor-element elementor-element-4051ee6 elementor-section-boxed elementor-section-height-default elementor-section-height-default\" data-id=\"4051ee6\" data-element_type=\"section\">\n\t\t\t\t\t\t<div class=\"elementor-container elementor-column-gap-default\">\n\t\t\t\t\t<div class=\"elementor-column elementor-col-100 elementor-top-column elementor-element elementor-element-b8ff366\" data-id=\"b8ff366\" data-element_type=\"column\">\n\t\t\t<div class=\"elementor-widget-wrap elementor-element-populated\">\n\t\t\t\t\t\t<section class=\"elementor-section elementor-inner-section elementor-element elementor-element-38e26b8 elementor-section-boxed elementor-section-height-default elementor-section-height-default\" data-id=\"38e26b8\" data-element_type=\"section\">\n\t\t\t\t\t\t<div class=\"elementor-container elementor-column-gap-default\">\n\t\t\t\t\t<div class=\"elementor-column elementor-col-33 elementor-inner-column elementor-element elementor-element-eaff18d\" data-id=\"eaff18d\" data-element_type=\"column\">\n\t\t\t<div class=\"elementor-widget-wrap elementor-element-populated\">\n\t\t\t\t\t\t<div class=\"elementor-element elementor-element-974473b elementor-widget elementor-widget-image\" data-id=\"974473b\" data-element_type=\"widget\" data-widget_type=\"image.default\">\n\t\t\t\t<div class=\"elementor-widget-container\">\n\t\t\t\t\t\t\t\t\t\t\t\t\t\t\t<img loading=\"lazy\" decoding=\"async\" width=\"600\" height=\"394\" src=\"https:\/\/hotelsindhura.com\/wp-content\/uploads\/2023\/04\/social-distancing.gif\" class=\"attachment-large size-large wp-image-404\" alt=\"\" \/>\t\t\t\t\t\t\t\t\t\t\t\t\t\t\t<\/div>\n\t\t\t\t<\/div>\n\t\t\t\t<div class=\"elementor-element elementor-element-98aad20 elementor-widget elementor-widget-heading\" data-id=\"98aad20\" data-element_type=\"widget\" data-widget_type=\"heading.default\">\n\t\t\t\t<div class=\"elementor-widget-container\">\n\t\t\t\t\t<h2 class=\"elementor-heading-title elementor-size-default\">DISTANCIATION SOCIALE<\/h2>\t\t\t\t<\/div>\n\t\t\t\t<\/div>\n\t\t\t\t<div class=\"elementor-element elementor-element-7dbeed3 elementor-widget elementor-widget-text-editor\" data-id=\"7dbeed3\" data-element_type=\"widget\" data-widget_type=\"text-editor.default\">\n\t\t\t\t<div class=\"elementor-widget-container\">\n\t\t\t\t\t\t\t\t\t<p>L&rsquo;H\u00f4tel Sindhura b\u00e9n\u00e9ficie du privil\u00e8ge d&rsquo;avoir de grands espaces ouverts, des patios et des terrasses ext\u00e9rieures qui permettent un maintien facile des protocoles de s\u00e9curit\u00e9 en termes de distance entre les personnes. <\/p>\n<p>Notre restaurant dispose de grandes terrasses, o\u00f9 les tables seront dispos\u00e9es en respectant la distance l\u00e9galement \u00e9tablie. La salle \u00e0 manger aura \u00e9galement les tables dispos\u00e9es de mani\u00e8re \u00e0 ce que ladite distance soit garantie.<\/p>\n\t\t\t\t\t\t\t\t<\/div>\n\t\t\t\t<\/div>\n\t\t\t\t\t<\/div>\n\t\t<\/div>\n\t\t\t\t<div class=\"elementor-column elementor-col-33 elementor-inner-column elementor-element elementor-element-22e9abe\" data-id=\"22e9abe\" data-element_type=\"column\">\n\t\t\t<div class=\"elementor-widget-wrap elementor-element-populated\">\n\t\t\t\t\t\t<div class=\"elementor-element elementor-element-368f1fd elementor-widget elementor-widget-image\" data-id=\"368f1fd\" data-element_type=\"widget\" data-widget_type=\"image.default\">\n\t\t\t\t<div class=\"elementor-widget-container\">\n\t\t\t\t\t\t\t\t\t\t\t\t\t\t\t<img loading=\"lazy\" decoding=\"async\" width=\"600\" height=\"394\" src=\"https:\/\/hotelsindhura.com\/wp-content\/uploads\/2023\/04\/breakfast-1.gif\" class=\"attachment-large size-large wp-image-402\" alt=\"\" \/>\t\t\t\t\t\t\t\t\t\t\t\t\t\t\t<\/div>\n\t\t\t\t<\/div>\n\t\t\t\t<div class=\"elementor-element elementor-element-2433d81 elementor-widget elementor-widget-heading\" data-id=\"2433d81\" data-element_type=\"widget\" data-widget_type=\"heading.default\">\n\t\t\t\t<div class=\"elementor-widget-container\">\n\t\t\t\t\t<h2 class=\"elementor-heading-title elementor-size-default\">PROTOCOLE SP\u00c9CIAL PETIT-D\u00c9JEUNER <\/h2>\t\t\t\t<\/div>\n\t\t\t\t<\/div>\n\t\t\t\t<div class=\"elementor-element elementor-element-f6900ac elementor-widget elementor-widget-text-editor\" data-id=\"f6900ac\" data-element_type=\"widget\" data-widget_type=\"text-editor.default\">\n\t\t\t\t<div class=\"elementor-widget-container\">\n\t\t\t\t\t\t\t\t\t<p>Pour des raisons de s\u00e9curit\u00e9 et d&rsquo;hygi\u00e8ne, nous allons supprimer notre buffet traditionnel. Nous vous servirons un petit-d\u00e9jeuner m\u00e9diterran\u00e9en individuel.<\/p>\n\t\t\t\t\t\t\t\t<\/div>\n\t\t\t\t<\/div>\n\t\t\t\t\t<\/div>\n\t\t<\/div>\n\t\t\t\t<div class=\"elementor-column elementor-col-33 elementor-inner-column elementor-element elementor-element-4975db0\" data-id=\"4975db0\" data-element_type=\"column\">\n\t\t\t<div class=\"elementor-widget-wrap elementor-element-populated\">\n\t\t\t\t\t\t<div class=\"elementor-element elementor-element-8f0020f elementor-widget elementor-widget-image\" data-id=\"8f0020f\" data-element_type=\"widget\" data-widget_type=\"image.default\">\n\t\t\t\t<div class=\"elementor-widget-container\">\n\t\t\t\t\t\t\t\t\t\t\t\t\t\t\t<img loading=\"lazy\" decoding=\"async\" width=\"600\" height=\"394\" src=\"https:\/\/hotelsindhura.com\/wp-content\/uploads\/2023\/04\/waiter.gif\" class=\"attachment-large size-large wp-image-401\" alt=\"\" \/>\t\t\t\t\t\t\t\t\t\t\t\t\t\t\t<\/div>\n\t\t\t\t<\/div>\n\t\t\t\t<div class=\"elementor-element elementor-element-0bcef5b elementor-widget elementor-widget-heading\" data-id=\"0bcef5b\" data-element_type=\"widget\" data-widget_type=\"heading.default\">\n\t\t\t\t<div class=\"elementor-widget-container\">\n\t\t\t\t\t<h2 class=\"elementor-heading-title elementor-size-default\">PROTECTION EN MATI\u00c8RE DE PROTECTION PERSONNELLE, FOURNISSEURS ET SALARI\u00c9S<\/h2>\t\t\t\t<\/div>\n\t\t\t\t<\/div>\n\t\t\t\t<div class=\"elementor-element elementor-element-a166920 elementor-widget elementor-widget-text-editor\" data-id=\"a166920\" data-element_type=\"widget\" data-widget_type=\"text-editor.default\">\n\t\t\t\t<div class=\"elementor-widget-container\">\n\t\t\t\t\t\t\t\t\t<p>Afin de garantir la s\u00e9curit\u00e9 et l&rsquo;hygi\u00e8ne, nos clients, employ\u00e9s et fournisseurs auront acc\u00e8s \u00e0 des gels d\u00e9sinfectants dans les espaces communs, le restaurant et les chambres. <\/p>\n<p>Les fournisseurs acc\u00e9deront \u00e0 nos installations avec les mesures de s\u00e9curit\u00e9 appropri\u00e9es. <\/p>\n<p>Tous les employ\u00e9s recevront une formation sp\u00e9cifique pour appliquer les protocoles et pratiques de s\u00e9curit\u00e9, utiliser correctement les \u00e9quipements de protection individuelle et maintenir une distance sociale avec les clients.<\/p>\n\t\t\t\t\t\t\t\t<\/div>\n\t\t\t\t<\/div>\n\t\t\t\t\t<\/div>\n\t\t<\/div>\n\t\t\t\t\t<\/div>\n\t\t<\/section>\n\t\t\t\t\t<\/div>\n\t\t<\/div>\n\t\t\t\t\t<\/div>\n\t\t<\/section>\n\t\t\t\t<\/div>\n\t\t","protected":false},"excerpt":{"rendered":"<p>Covid-19 \u00c0 l&rsquo;h\u00f4tel Sindhura, nous voulons que vous profitiez de vos vacances en toute tranquillit\u00e9 d&rsquo;esprit et en toute s\u00e9curit\u00e9. Pour cela nous avons mis en place les protocoles recommand\u00e9s par le Gouvernement afin que vous vous sentiez compl\u00e8tement d\u00e9tendu et en s\u00e9curit\u00e9 pendant votre s\u00e9jour. PROTOCOLES DE NETTOYAGE ET DE D\u00c9SINFECTION Nettoyage et d\u00e9sinfection [&hellip;]<\/p>\n","protected":false},"author":2,"featured_media":0,"parent":0,"menu_order":0,"comment_status":"closed","ping_status":"closed","template":"","meta":{"footnotes":""},"class_list":["post-810","page","type-page","status-publish","hentry"],"yoast_head":"<!-- This site is optimized with the Yoast SEO plugin v24.6 - https:\/\/yoast.com\/wordpress\/plugins\/seo\/ -->\n<title>Covid-19 - Hotel Sindhura<\/title>\n<meta name=\"robots\" content=\"index, follow, max-snippet:-1, max-image-preview:large, max-video-preview:-1\" \/>\n<link rel=\"canonical\" href=\"https:\/\/hotelsindhura.com\/fr\/covid-19\/\" \/>\n<meta property=\"og:locale\" content=\"fr_FR\" \/>\n<meta property=\"og:type\" content=\"article\" \/>\n<meta property=\"og:title\" content=\"Covid-19 - Hotel Sindhura\" \/>\n<meta property=\"og:description\" content=\"Covid-19 \u00c0 l&rsquo;h\u00f4tel Sindhura, nous voulons que vous profitiez de vos vacances en toute tranquillit\u00e9 d&rsquo;esprit et en toute s\u00e9curit\u00e9. Pour cela nous avons mis en place les protocoles recommand\u00e9s par le Gouvernement afin que vous vous sentiez compl\u00e8tement d\u00e9tendu et en s\u00e9curit\u00e9 pendant votre s\u00e9jour. PROTOCOLES DE NETTOYAGE ET DE D\u00c9SINFECTION Nettoyage et d\u00e9sinfection [&hellip;]\" \/>\n<meta property=\"og:url\" content=\"https:\/\/hotelsindhura.com\/fr\/covid-19\/\" \/>\n<meta property=\"og:site_name\" content=\"Hotel Sindhura\" \/>\n<meta property=\"article:modified_time\" content=\"2023-06-02T10:22:49+00:00\" \/>\n<meta name=\"twitter:card\" content=\"summary_large_image\" \/>\n<meta name=\"twitter:label1\" content=\"Dur\u00e9e de lecture estim\u00e9e\" \/>\n\t<meta name=\"twitter:data1\" content=\"3 minutes\" \/>\n<script type=\"application\/ld+json\" class=\"yoast-schema-graph\">{\"@context\":\"https:\/\/schema.org\",\"@graph\":[{\"@type\":\"WebPage\",\"@id\":\"https:\/\/hotelsindhura.com\/fr\/covid-19\/\",\"url\":\"https:\/\/hotelsindhura.com\/fr\/covid-19\/\",\"name\":\"Covid-19 - Hotel Sindhura\",\"isPartOf\":{\"@id\":\"https:\/\/www.hotelsindhura.com\/fr\/#website\"},\"datePublished\":\"2023-04-03T06:31:28+00:00\",\"dateModified\":\"2023-06-02T10:22:49+00:00\",\"breadcrumb\":{\"@id\":\"https:\/\/hotelsindhura.com\/fr\/covid-19\/#breadcrumb\"},\"inLanguage\":\"fr-FR\",\"potentialAction\":[{\"@type\":\"ReadAction\",\"target\":[\"https:\/\/hotelsindhura.com\/fr\/covid-19\/\"]}]},{\"@type\":\"BreadcrumbList\",\"@id\":\"https:\/\/hotelsindhura.com\/fr\/covid-19\/#breadcrumb\",\"itemListElement\":[{\"@type\":\"ListItem\",\"position\":1,\"name\":\"Portada\",\"item\":\"https:\/\/www.hotelsindhura.com\/fr\/\"},{\"@type\":\"ListItem\",\"position\":2,\"name\":\"Covid-19\"}]},{\"@type\":\"WebSite\",\"@id\":\"https:\/\/www.hotelsindhura.com\/fr\/#website\",\"url\":\"https:\/\/www.hotelsindhura.com\/fr\/\",\"name\":\"Hotel Sindhura\",\"description\":\"\",\"publisher\":{\"@id\":\"https:\/\/www.hotelsindhura.com\/fr\/#organization\"},\"potentialAction\":[{\"@type\":\"SearchAction\",\"target\":{\"@type\":\"EntryPoint\",\"urlTemplate\":\"https:\/\/www.hotelsindhura.com\/fr\/?s={search_term_string}\"},\"query-input\":{\"@type\":\"PropertyValueSpecification\",\"valueRequired\":true,\"valueName\":\"search_term_string\"}}],\"inLanguage\":\"fr-FR\"},{\"@type\":\"Organization\",\"@id\":\"https:\/\/www.hotelsindhura.com\/fr\/#organization\",\"name\":\"Hotel Sindhura\",\"alternateName\":\"Hotel Sindhura\",\"url\":\"https:\/\/www.hotelsindhura.com\/fr\/\",\"logo\":{\"@type\":\"ImageObject\",\"inLanguage\":\"fr-FR\",\"@id\":\"https:\/\/www.hotelsindhura.com\/fr\/#\/schema\/logo\/image\/\",\"url\":\"\/\/\/wp-content\/uploads\/2023\/06\/WhatsApp-Image-2023-06-05-at-12.35.42.jpeg\",\"contentUrl\":\"\/\/\/wp-content\/uploads\/2023\/06\/WhatsApp-Image-2023-06-05-at-12.35.42.jpeg\",\"width\":1064,\"height\":1428,\"caption\":\"Hotel Sindhura\"},\"image\":{\"@id\":\"https:\/\/www.hotelsindhura.com\/fr\/#\/schema\/logo\/image\/\"}}]}<\/script>\n<!-- \/ Yoast SEO plugin. -->","yoast_head_json":{"title":"Covid-19 - Hotel Sindhura","robots":{"index":"index","follow":"follow","max-snippet":"max-snippet:-1","max-image-preview":"max-image-preview:large","max-video-preview":"max-video-preview:-1"},"canonical":"https:\/\/hotelsindhura.com\/fr\/covid-19\/","og_locale":"fr_FR","og_type":"article","og_title":"Covid-19 - Hotel Sindhura","og_description":"Covid-19 \u00c0 l&rsquo;h\u00f4tel Sindhura, nous voulons que vous profitiez de vos vacances en toute tranquillit\u00e9 d&rsquo;esprit et en toute s\u00e9curit\u00e9. Pour cela nous avons mis en place les protocoles recommand\u00e9s par le Gouvernement afin que vous vous sentiez compl\u00e8tement d\u00e9tendu et en s\u00e9curit\u00e9 pendant votre s\u00e9jour. PROTOCOLES DE NETTOYAGE ET DE D\u00c9SINFECTION Nettoyage et d\u00e9sinfection [&hellip;]","og_url":"https:\/\/hotelsindhura.com\/fr\/covid-19\/","og_site_name":"Hotel Sindhura","article_modified_time":"2023-06-02T10:22:49+00:00","twitter_card":"summary_large_image","twitter_misc":{"Dur\u00e9e de lecture estim\u00e9e":"3 minutes"},"schema":{"@context":"https:\/\/schema.org","@graph":[{"@type":"WebPage","@id":"https:\/\/hotelsindhura.com\/fr\/covid-19\/","url":"https:\/\/hotelsindhura.com\/fr\/covid-19\/","name":"Covid-19 - Hotel Sindhura","isPartOf":{"@id":"https:\/\/www.hotelsindhura.com\/fr\/#website"},"datePublished":"2023-04-03T06:31:28+00:00","dateModified":"2023-06-02T10:22:49+00:00","breadcrumb":{"@id":"https:\/\/hotelsindhura.com\/fr\/covid-19\/#breadcrumb"},"inLanguage":"fr-FR","potentialAction":[{"@type":"ReadAction","target":["https:\/\/hotelsindhura.com\/fr\/covid-19\/"]}]},{"@type":"BreadcrumbList","@id":"https:\/\/hotelsindhura.com\/fr\/covid-19\/#breadcrumb","itemListElement":[{"@type":"ListItem","position":1,"name":"Portada","item":"https:\/\/www.hotelsindhura.com\/fr\/"},{"@type":"ListItem","position":2,"name":"Covid-19"}]},{"@type":"WebSite","@id":"https:\/\/www.hotelsindhura.com\/fr\/#website","url":"https:\/\/www.hotelsindhura.com\/fr\/","name":"Hotel Sindhura","description":"","publisher":{"@id":"https:\/\/www.hotelsindhura.com\/fr\/#organization"},"potentialAction":[{"@type":"SearchAction","target":{"@type":"EntryPoint","urlTemplate":"https:\/\/www.hotelsindhura.com\/fr\/?s={search_term_string}"},"query-input":{"@type":"PropertyValueSpecification","valueRequired":true,"valueName":"search_term_string"}}],"inLanguage":"fr-FR"},{"@type":"Organization","@id":"https:\/\/www.hotelsindhura.com\/fr\/#organization","name":"Hotel Sindhura","alternateName":"Hotel Sindhura","url":"https:\/\/www.hotelsindhura.com\/fr\/","logo":{"@type":"ImageObject","inLanguage":"fr-FR","@id":"https:\/\/www.hotelsindhura.com\/fr\/#\/schema\/logo\/image\/","url":"\/\/\/wp-content\/uploads\/2023\/06\/WhatsApp-Image-2023-06-05-at-12.35.42.jpeg","contentUrl":"\/\/\/wp-content\/uploads\/2023\/06\/WhatsApp-Image-2023-06-05-at-12.35.42.jpeg","width":1064,"height":1428,"caption":"Hotel Sindhura"},"image":{"@id":"https:\/\/www.hotelsindhura.com\/fr\/#\/schema\/logo\/image\/"}}]}},"_links":{"self":[{"href":"https:\/\/hotelsindhura.com\/fr\/wp-json\/wp\/v2\/pages\/810","targetHints":{"allow":["GET"]}}],"collection":[{"href":"https:\/\/hotelsindhura.com\/fr\/wp-json\/wp\/v2\/pages"}],"about":[{"href":"https:\/\/hotelsindhura.com\/fr\/wp-json\/wp\/v2\/types\/page"}],"author":[{"embeddable":true,"href":"https:\/\/hotelsindhura.com\/fr\/wp-json\/wp\/v2\/users\/2"}],"replies":[{"embeddable":true,"href":"https:\/\/hotelsindhura.com\/fr\/wp-json\/wp\/v2\/comments?post=810"}],"version-history":[{"count":6,"href":"https:\/\/hotelsindhura.com\/fr\/wp-json\/wp\/v2\/pages\/810\/revisions"}],"predecessor-version":[{"id":2171,"href":"https:\/\/hotelsindhura.com\/fr\/wp-json\/wp\/v2\/pages\/810\/revisions\/2171"}],"wp:attachment":[{"href":"https:\/\/hotelsindhura.com\/fr\/wp-json\/wp\/v2\/media?parent=810"}],"curies":[{"name":"wp","href":"https:\/\/api.w.org\/{rel}","templated":true}]}}