{"id":802,"date":"2023-04-03T06:32:45","date_gmt":"2023-04-03T06:32:45","guid":{"rendered":"https:\/adresse-et-contact\/"},"modified":"2023-06-08T19:28:00","modified_gmt":"2023-06-08T19:28:00","slug":"adresse-et-contact","status":"publish","type":"page","link":"https:\/\/hotelsindhura.com\/fr\/adresse-et-contact\/","title":{"rendered":"Adresse et contact"},"content":{"rendered":"\t\t<div data-elementor-type=\"wp-page\" data-elementor-id=\"802\" class=\"elementor elementor-802\" data-elementor-post-type=\"page\">\n\t\t\t\t<div class=\"elementor-element elementor-element-75d9abe e-con-full e-flex e-con e-parent\" data-id=\"75d9abe\" data-element_type=\"container\">\n\t\t\t\t<div class=\"elementor-element elementor-element-f0d72a7 elementor-widget elementor-widget-image\" data-id=\"f0d72a7\" data-element_type=\"widget\" data-widget_type=\"image.default\">\n\t\t\t\t<div class=\"elementor-widget-container\">\n\t\t\t\t\t\t\t\t\t\t\t\t\t\t\t<img fetchpriority=\"high\" decoding=\"async\" width=\"800\" height=\"160\" src=\"https:\/\/hotelsindhura.com\/wp-content\/uploads\/2023\/06\/Diseno-sin-titulo-13-1024x205.webp\" class=\"attachment-large size-large wp-image-1916\" alt=\"Sindhura\" srcset=\"https:\/\/hotelsindhura.com\/wp-content\/uploads\/2023\/06\/Diseno-sin-titulo-13-1024x205.webp 1024w, https:\/\/hotelsindhura.com\/wp-content\/uploads\/2023\/06\/Diseno-sin-titulo-13-300x60.webp 300w, https:\/\/hotelsindhura.com\/wp-content\/uploads\/2023\/06\/Diseno-sin-titulo-13-768x154.webp 768w, https:\/\/hotelsindhura.com\/wp-content\/uploads\/2023\/06\/Diseno-sin-titulo-13-1536x307.webp 1536w, https:\/\/hotelsindhura.com\/wp-content\/uploads\/2023\/06\/Diseno-sin-titulo-13.webp 2000w\" sizes=\"(max-width: 800px) 100vw, 800px\" \/>\t\t\t\t\t\t\t\t\t\t\t\t\t\t\t<\/div>\n\t\t\t\t<\/div>\n\t\t\t\t<\/div>\n\t\t\t\t<section class=\"elementor-section elementor-top-section elementor-element elementor-element-78336aa elementor-section-boxed elementor-section-height-default elementor-section-height-default\" data-id=\"78336aa\" data-element_type=\"section\">\n\t\t\t\t\t\t<div class=\"elementor-container elementor-column-gap-default\">\n\t\t\t\t\t<div class=\"elementor-column elementor-col-100 elementor-top-column elementor-element elementor-element-49e071d\" data-id=\"49e071d\" data-element_type=\"column\">\n\t\t\t<div class=\"elementor-widget-wrap elementor-element-populated\">\n\t\t\t\t\t\t<section class=\"elementor-section elementor-inner-section elementor-element elementor-element-69eefc6 elementor-section-boxed elementor-section-height-default elementor-section-height-default\" data-id=\"69eefc6\" data-element_type=\"section\" data-settings=\"{&quot;background_background&quot;:&quot;classic&quot;}\">\n\t\t\t\t\t\t<div class=\"elementor-container elementor-column-gap-default\">\n\t\t\t\t\t<div class=\"elementor-column elementor-col-33 elementor-inner-column elementor-element elementor-element-db45b3f\" data-id=\"db45b3f\" data-element_type=\"column\">\n\t\t\t<div class=\"elementor-widget-wrap elementor-element-populated\">\n\t\t\t\t\t\t<div class=\"elementor-element elementor-element-7191482 elementor-widget elementor-widget-heading\" data-id=\"7191482\" data-element_type=\"widget\" data-widget_type=\"heading.default\">\n\t\t\t\t<div class=\"elementor-widget-container\">\n\t\t\t\t\t<h2 class=\"elementor-heading-title elementor-size-default\">Comment arriver<\/h2>\t\t\t\t<\/div>\n\t\t\t\t<\/div>\n\t\t\t\t<div class=\"elementor-element elementor-element-6670523 elementor-widget elementor-widget-text-editor\" data-id=\"6670523\" data-element_type=\"widget\" data-widget_type=\"text-editor.default\">\n\t\t\t\t<div class=\"elementor-widget-container\">\n\t\t\t\t\t\t\t\t\t<p>L&rsquo;h\u00f4tel est situ\u00e9 \u00e0 Patria (La Muela), Vejer de la Frontera, province de Cadiz. De l&rsquo;ancienne N-340, actuelle E5, en direction d&rsquo;Algeciras, peu avant d&rsquo;atteindre Vejer de la Frontera, il y a une sortie vers La Muela.<\/p>\n\t\t\t\t\t\t\t\t<\/div>\n\t\t\t\t<\/div>\n\t\t\t\t<div class=\"elementor-element elementor-element-3580544 elementor-icon-list--layout-traditional elementor-list-item-link-full_width elementor-widget elementor-widget-icon-list\" data-id=\"3580544\" data-element_type=\"widget\" data-widget_type=\"icon-list.default\">\n\t\t\t\t<div class=\"elementor-widget-container\">\n\t\t\t\t\t\t\t<ul class=\"elementor-icon-list-items\">\n\t\t\t\t\t\t\t<li class=\"elementor-icon-list-item\">\n\t\t\t\t\t\t\t\t\t\t\t<span class=\"elementor-icon-list-icon\">\n\t\t\t\t\t\t\t<svg aria-hidden=\"true\" class=\"e-font-icon-svg e-far-square\" viewBox=\"0 0 448 512\" xmlns=\"http:\/\/www.w3.org\/2000\/svg\"><path d=\"M400 32H48C21.5 32 0 53.5 0 80v352c0 26.5 21.5 48 48 48h352c26.5 0 48-21.5 48-48V80c0-26.5-21.5-48-48-48zm-6 400H54c-3.3 0-6-2.7-6-6V86c0-3.3 2.7-6 6-6h340c3.3 0 6 2.7 6 6v340c0 3.3-2.7 6-6 6z\"><\/path><\/svg>\t\t\t\t\t\t<\/span>\n\t\t\t\t\t\t\t\t\t\t<span class=\"elementor-icon-list-text\">Hotel Sindhura<\/span>\n\t\t\t\t\t\t\t\t\t<\/li>\n\t\t\t\t\t\t\t\t<li class=\"elementor-icon-list-item\">\n\t\t\t\t\t\t\t\t\t\t\t<span class=\"elementor-icon-list-icon\">\n\t\t\t\t\t\t\t<svg aria-hidden=\"true\" class=\"e-font-icon-svg e-far-square\" viewBox=\"0 0 448 512\" xmlns=\"http:\/\/www.w3.org\/2000\/svg\"><path d=\"M400 32H48C21.5 32 0 53.5 0 80v352c0 26.5 21.5 48 48 48h352c26.5 0 48-21.5 48-48V80c0-26.5-21.5-48-48-48zm-6 400H54c-3.3 0-6-2.7-6-6V86c0-3.3 2.7-6 6-6h340c3.3 0 6 2.7 6 6v340c0 3.3-2.7 6-6 6z\"><\/path><\/svg>\t\t\t\t\t\t<\/span>\n\t\t\t\t\t\t\t\t\t\t<span class=\"elementor-icon-list-text\">Patria s\/n La Muela<\/span>\n\t\t\t\t\t\t\t\t\t<\/li>\n\t\t\t\t\t\t\t\t<li class=\"elementor-icon-list-item\">\n\t\t\t\t\t\t\t\t\t\t\t<span class=\"elementor-icon-list-icon\">\n\t\t\t\t\t\t\t<svg aria-hidden=\"true\" class=\"e-font-icon-svg e-far-square\" viewBox=\"0 0 448 512\" xmlns=\"http:\/\/www.w3.org\/2000\/svg\"><path d=\"M400 32H48C21.5 32 0 53.5 0 80v352c0 26.5 21.5 48 48 48h352c26.5 0 48-21.5 48-48V80c0-26.5-21.5-48-48-48zm-6 400H54c-3.3 0-6-2.7-6-6V86c0-3.3 2.7-6 6-6h340c3.3 0 6 2.7 6 6v340c0 3.3-2.7 6-6 6z\"><\/path><\/svg>\t\t\t\t\t\t<\/span>\n\t\t\t\t\t\t\t\t\t\t<span class=\"elementor-icon-list-text\">Vejer de la Frontera, Cadiz 11150<\/span>\n\t\t\t\t\t\t\t\t\t<\/li>\n\t\t\t\t\t\t\t\t<li class=\"elementor-icon-list-item\">\n\t\t\t\t\t\t\t\t\t\t\t<span class=\"elementor-icon-list-icon\">\n\t\t\t\t\t\t\t<svg aria-hidden=\"true\" class=\"e-font-icon-svg e-far-square\" viewBox=\"0 0 448 512\" xmlns=\"http:\/\/www.w3.org\/2000\/svg\"><path d=\"M400 32H48C21.5 32 0 53.5 0 80v352c0 26.5 21.5 48 48 48h352c26.5 0 48-21.5 48-48V80c0-26.5-21.5-48-48-48zm-6 400H54c-3.3 0-6-2.7-6-6V86c0-3.3 2.7-6 6-6h340c3.3 0 6 2.7 6 6v340c0 3.3-2.7 6-6 6z\"><\/path><\/svg>\t\t\t\t\t\t<\/span>\n\t\t\t\t\t\t\t\t\t\t<span class=\"elementor-icon-list-text\">Spain<\/span>\n\t\t\t\t\t\t\t\t\t<\/li>\n\t\t\t\t\t\t<\/ul>\n\t\t\t\t\t\t<\/div>\n\t\t\t\t<\/div>\n\t\t\t\t<div class=\"elementor-element elementor-element-1f6d42f elementor-icon-list--layout-traditional elementor-list-item-link-full_width elementor-widget elementor-widget-icon-list\" data-id=\"1f6d42f\" data-element_type=\"widget\" data-widget_type=\"icon-list.default\">\n\t\t\t\t<div class=\"elementor-widget-container\">\n\t\t\t\t\t\t\t<ul class=\"elementor-icon-list-items\">\n\t\t\t\t\t\t\t<li class=\"elementor-icon-list-item\">\n\t\t\t\t\t\t\t\t\t\t\t<span class=\"elementor-icon-list-icon\">\n\t\t\t\t\t\t\t<svg aria-hidden=\"true\" class=\"e-font-icon-svg e-far-square\" viewBox=\"0 0 448 512\" xmlns=\"http:\/\/www.w3.org\/2000\/svg\"><path d=\"M400 32H48C21.5 32 0 53.5 0 80v352c0 26.5 21.5 48 48 48h352c26.5 0 48-21.5 48-48V80c0-26.5-21.5-48-48-48zm-6 400H54c-3.3 0-6-2.7-6-6V86c0-3.3 2.7-6 6-6h340c3.3 0 6 2.7 6 6v340c0 3.3-2.7 6-6 6z\"><\/path><\/svg>\t\t\t\t\t\t<\/span>\n\t\t\t\t\t\t\t\t\t\t<span class=\"elementor-icon-list-text\">Tel (34) 956 448 568<\/span>\n\t\t\t\t\t\t\t\t\t<\/li>\n\t\t\t\t\t\t\t\t<li class=\"elementor-icon-list-item\">\n\t\t\t\t\t\t\t\t\t\t\t<span class=\"elementor-icon-list-icon\">\n\t\t\t\t\t\t\t<svg aria-hidden=\"true\" class=\"e-font-icon-svg e-far-square\" viewBox=\"0 0 448 512\" xmlns=\"http:\/\/www.w3.org\/2000\/svg\"><path d=\"M400 32H48C21.5 32 0 53.5 0 80v352c0 26.5 21.5 48 48 48h352c26.5 0 48-21.5 48-48V80c0-26.5-21.5-48-48-48zm-6 400H54c-3.3 0-6-2.7-6-6V86c0-3.3 2.7-6 6-6h340c3.3 0 6 2.7 6 6v340c0 3.3-2.7 6-6 6z\"><\/path><\/svg>\t\t\t\t\t\t<\/span>\n\t\t\t\t\t\t\t\t\t\t<span class=\"elementor-icon-list-text\">Fax (34) 956 448 550<\/span>\n\t\t\t\t\t\t\t\t\t<\/li>\n\t\t\t\t\t\t\t\t<li class=\"elementor-icon-list-item\">\n\t\t\t\t\t\t\t\t\t\t\t<span class=\"elementor-icon-list-icon\">\n\t\t\t\t\t\t\t<svg aria-hidden=\"true\" class=\"e-font-icon-svg e-far-square\" viewBox=\"0 0 448 512\" xmlns=\"http:\/\/www.w3.org\/2000\/svg\"><path d=\"M400 32H48C21.5 32 0 53.5 0 80v352c0 26.5 21.5 48 48 48h352c26.5 0 48-21.5 48-48V80c0-26.5-21.5-48-48-48zm-6 400H54c-3.3 0-6-2.7-6-6V86c0-3.3 2.7-6 6-6h340c3.3 0 6 2.7 6 6v340c0 3.3-2.7 6-6 6z\"><\/path><\/svg>\t\t\t\t\t\t<\/span>\n\t\t\t\t\t\t\t\t\t\t<span class=\"elementor-icon-list-text\">Email reservas@<\/span>\n\t\t\t\t\t\t\t\t\t<\/li>\n\t\t\t\t\t\t\t\t<li class=\"elementor-icon-list-item\">\n\t\t\t\t\t\t\t\t\t\t\t<span class=\"elementor-icon-list-icon\">\n\t\t\t\t\t\t\t<svg aria-hidden=\"true\" class=\"e-font-icon-svg e-far-square\" viewBox=\"0 0 448 512\" xmlns=\"http:\/\/www.w3.org\/2000\/svg\"><path d=\"M400 32H48C21.5 32 0 53.5 0 80v352c0 26.5 21.5 48 48 48h352c26.5 0 48-21.5 48-48V80c0-26.5-21.5-48-48-48zm-6 400H54c-3.3 0-6-2.7-6-6V86c0-3.3 2.7-6 6-6h340c3.3 0 6 2.7 6 6v340c0 3.3-2.7 6-6 6z\"><\/path><\/svg>\t\t\t\t\t\t<\/span>\n\t\t\t\t\t\t\t\t\t\t<span class=\"elementor-icon-list-text\">GPS N 36\u00b0 16'38,09\" - W 6\u00b0 0'35,13\"<\/span>\n\t\t\t\t\t\t\t\t\t<\/li>\n\t\t\t\t\t\t<\/ul>\n\t\t\t\t\t\t<\/div>\n\t\t\t\t<\/div>\n\t\t\t\t\t<\/div>\n\t\t<\/div>\n\t\t\t\t<div class=\"elementor-column elementor-col-33 elementor-inner-column elementor-element elementor-element-93800b4\" data-id=\"93800b4\" data-element_type=\"column\">\n\t\t\t<div class=\"elementor-widget-wrap elementor-element-populated\">\n\t\t\t\t\t\t<div class=\"elementor-element elementor-element-2af6637 elementor-widget elementor-widget-heading\" data-id=\"2af6637\" data-element_type=\"widget\" data-widget_type=\"heading.default\">\n\t\t\t\t<div class=\"elementor-widget-container\">\n\t\t\t\t\t<h2 class=\"elementor-heading-title elementor-size-default\">Contactez-nous<\/h2>\t\t\t\t<\/div>\n\t\t\t\t<\/div>\n\t\t\t\t<div class=\"elementor-element elementor-element-058881b elementor-button-align-center elementor-widget elementor-widget-form\" data-id=\"058881b\" data-element_type=\"widget\" data-settings=\"{&quot;step_next_label&quot;:&quot;Suivant&quot;,&quot;step_previous_label&quot;:&quot;Ancien&quot;,&quot;button_width&quot;:&quot;100&quot;,&quot;step_type&quot;:&quot;number_text&quot;,&quot;step_icon_shape&quot;:&quot;circle&quot;}\" data-widget_type=\"form.default\">\n\t\t\t\t<div class=\"elementor-widget-container\">\n\t\t\t\t\t\t\t<form class=\"elementor-form\" method=\"post\" name=\"Nouvelle forme\">\n\t\t\t<input type=\"hidden\" name=\"post_id\" value=\"802\"\/>\n\t\t\t<input type=\"hidden\" name=\"form_id\" value=\"058881b\"\/>\n\t\t\t<input type=\"hidden\" name=\"referer_title\" value=\"Hotel Sindhura\" \/>\n\n\t\t\t\n\t\t\t<div class=\"elementor-form-fields-wrapper elementor-labels-above\">\n\t\t\t\t\t\t\t\t<div class=\"elementor-field-type-text elementor-field-group elementor-column elementor-field-group-name elementor-col-100\">\n\t\t\t\t\t\t\t\t\t\t\t\t<label for=\"form-field-name\" class=\"elementor-field-label\">\n\t\t\t\t\t\t\t\tNom\t\t\t\t\t\t\t<\/label>\n\t\t\t\t\t\t\t\t\t\t\t\t\t\t<input size=\"1\" type=\"text\" name=\"form_fields[name]\" id=\"form-field-name\" class=\"elementor-field elementor-size-sm  elementor-field-textual\" placeholder=\"Nom\">\n\t\t\t\t\t\t\t\t\t\t\t<\/div>\n\t\t\t\t\t\t\t\t<div class=\"elementor-field-type-tel elementor-field-group elementor-column elementor-field-group-field_6cf69b3 elementor-col-100\">\n\t\t\t\t\t\t\t\t\t\t\t\t<label for=\"form-field-field_6cf69b3\" class=\"elementor-field-label\">\n\t\t\t\t\t\t\t\tNom\t\t\t\t\t\t\t<\/label>\n\t\t\t\t\t\t\t\t<input size=\"1\" type=\"tel\" name=\"form_fields[field_6cf69b3]\" id=\"form-field-field_6cf69b3\" class=\"elementor-field elementor-size-sm  elementor-field-textual\" placeholder=\"Nom\" pattern=\"[0-9()#&amp;+*-=.]+\" title=\"Seuls les caract\u00e8res de num\u00e9ros de t\u00e9l\u00e9phone (#, -, *, etc.) sont accept\u00e9s.\">\n\n\t\t\t\t\t\t<\/div>\n\t\t\t\t\t\t\t\t<div class=\"elementor-field-type-email elementor-field-group elementor-column elementor-field-group-email elementor-col-100 elementor-field-required\">\n\t\t\t\t\t\t\t\t\t\t\t\t<label for=\"form-field-email\" class=\"elementor-field-label\">\n\t\t\t\t\t\t\t\tCourrier \u00e9lectronique\t\t\t\t\t\t\t<\/label>\n\t\t\t\t\t\t\t\t\t\t\t\t\t\t<input size=\"1\" type=\"email\" name=\"form_fields[email]\" id=\"form-field-email\" class=\"elementor-field elementor-size-sm  elementor-field-textual\" placeholder=\"Courrier \u00e9lectronique\" required=\"required\">\n\t\t\t\t\t\t\t\t\t\t\t<\/div>\n\t\t\t\t\t\t\t\t<div class=\"elementor-field-type-textarea elementor-field-group elementor-column elementor-field-group-message elementor-col-100\">\n\t\t\t\t\t\t\t\t\t\t\t\t<label for=\"form-field-message\" class=\"elementor-field-label\">\n\t\t\t\t\t\t\t\tMessage\t\t\t\t\t\t\t<\/label>\n\t\t\t\t\t\t<textarea class=\"elementor-field-textual elementor-field  elementor-size-sm\" name=\"form_fields[message]\" id=\"form-field-message\" rows=\"4\" placeholder=\"Message\"><\/textarea>\t\t\t\t<\/div>\n\t\t\t\t\t\t\t\t<div class=\"elementor-field-group elementor-column elementor-field-type-submit elementor-col-100 e-form__buttons\">\n\t\t\t\t\t<button class=\"elementor-button elementor-size-sm\" type=\"submit\">\n\t\t\t\t\t\t<span class=\"elementor-button-content-wrapper\">\n\t\t\t\t\t\t\t\t\t\t\t\t\t\t\t\t\t\t\t\t\t\t<span class=\"elementor-button-text\">Envoyer<\/span>\n\t\t\t\t\t\t\t\t\t\t\t\t\t<\/span>\n\t\t\t\t\t<\/button>\n\t\t\t\t<\/div>\n\t\t\t<\/div>\n\t\t<\/form>\n\t\t\t\t\t\t<\/div>\n\t\t\t\t<\/div>\n\t\t\t\t\t<\/div>\n\t\t<\/div>\n\t\t\t\t<div class=\"elementor-column elementor-col-33 elementor-inner-column elementor-element elementor-element-946bd58\" data-id=\"946bd58\" data-element_type=\"column\">\n\t\t\t<div class=\"elementor-widget-wrap elementor-element-populated\">\n\t\t\t\t\t\t<div class=\"elementor-element elementor-element-8724f2d elementor-widget elementor-widget-google_maps\" data-id=\"8724f2d\" data-element_type=\"widget\" data-widget_type=\"google_maps.default\">\n\t\t\t\t<div class=\"elementor-widget-container\">\n\t\t\t\t\t\t\t<div class=\"elementor-custom-embed\">\n\t\t\t<iframe loading=\"lazy\"\n\t\t\t\t\tsrc=\"https:\/\/maps.google.com\/maps?q=Hotel%20Sindhura&#038;t=m&#038;z=13&#038;output=embed&#038;iwloc=near\"\n\t\t\t\t\ttitle=\"Hotel Sindhura\"\n\t\t\t\t\taria-label=\"Hotel Sindhura\"\n\t\t\t><\/iframe>\n\t\t<\/div>\n\t\t\t\t\t\t<\/div>\n\t\t\t\t<\/div>\n\t\t\t\t\t<\/div>\n\t\t<\/div>\n\t\t\t\t\t<\/div>\n\t\t<\/section>\n\t\t\t\t\t<\/div>\n\t\t<\/div>\n\t\t\t\t\t<\/div>\n\t\t<\/section>\n\t\t<div class=\"elementor-element elementor-element-fae86e9 e-flex e-con-boxed e-con e-parent\" data-id=\"fae86e9\" data-element_type=\"container\">\n\t\t\t\t\t<div class=\"e-con-inner\">\n\t\t\t\t<div class=\"elementor-element elementor-element-d645471 elementor-widget elementor-widget-heading\" data-id=\"d645471\" data-element_type=\"widget\" data-widget_type=\"heading.default\">\n\t\t\t\t<div class=\"elementor-widget-container\">\n\t\t\t\t\t<h2 class=\"elementor-heading-title elementor-size-default\">PROGRAMA KIT DIGITAL COOFINACIADO POR LOS FONDOS NEXT GENERATION EU DEL MECANISMO DE RECUPERACI\u00d3N Y RESILIENCIA<\/h2>\t\t\t\t<\/div>\n\t\t\t\t<\/div>\n\t\t\t\t\t<\/div>\n\t\t\t\t<\/div>\n\t\t<div class=\"elementor-element elementor-element-efe1e0c e-flex e-con-boxed e-con e-parent\" data-id=\"efe1e0c\" data-element_type=\"container\">\n\t\t\t\t\t<div class=\"e-con-inner\">\n\t\t<div class=\"elementor-element elementor-element-fa635c3 e-con-full e-flex e-con e-child\" data-id=\"fa635c3\" data-element_type=\"container\">\n\t\t\t\t<div class=\"elementor-element elementor-element-25b8306 elementor-widget elementor-widget-image\" data-id=\"25b8306\" data-element_type=\"widget\" data-widget_type=\"image.default\">\n\t\t\t\t<div class=\"elementor-widget-container\">\n\t\t\t\t\t\t\t\t\t\t\t\t\t\t\t<img decoding=\"async\" width=\"239\" height=\"113\" src=\"https:\/\/hotelsindhura.com\/wp-content\/uploads\/2023\/06\/logo-removebg-preview-1.png\" class=\"attachment-full size-full wp-image-3040\" alt=\"\" \/>\t\t\t\t\t\t\t\t\t\t\t\t\t\t\t<\/div>\n\t\t\t\t<\/div>\n\t\t\t\t<\/div>\n\t\t<div class=\"elementor-element elementor-element-3b60a5c e-con-full e-flex e-con e-child\" data-id=\"3b60a5c\" data-element_type=\"container\">\n\t\t\t\t<div class=\"elementor-element elementor-element-5b2e9c8 elementor-widget elementor-widget-image\" data-id=\"5b2e9c8\" data-element_type=\"widget\" data-widget_type=\"image.default\">\n\t\t\t\t<div class=\"elementor-widget-container\">\n\t\t\t\t\t\t\t\t\t\t\t\t\t\t\t<img decoding=\"async\" width=\"355\" height=\"87\" src=\"https:\/\/hotelsindhura.com\/wp-content\/uploads\/2023\/06\/logo2-removebg-preview-1.png\" class=\"attachment-full size-full wp-image-3044\" alt=\"\" srcset=\"https:\/\/hotelsindhura.com\/wp-content\/uploads\/2023\/06\/logo2-removebg-preview-1.png 355w, https:\/\/hotelsindhura.com\/wp-content\/uploads\/2023\/06\/logo2-removebg-preview-1-300x74.png 300w\" sizes=\"(max-width: 355px) 100vw, 355px\" \/>\t\t\t\t\t\t\t\t\t\t\t\t\t\t\t<\/div>\n\t\t\t\t<\/div>\n\t\t\t\t<\/div>\n\t\t<div class=\"elementor-element elementor-element-6524a60 e-con-full e-flex e-con e-child\" data-id=\"6524a60\" data-element_type=\"container\">\n\t\t\t\t<div class=\"elementor-element elementor-element-a0bdbf3 elementor-widget elementor-widget-heading\" data-id=\"a0bdbf3\" data-element_type=\"widget\" data-widget_type=\"heading.default\">\n\t\t\t\t<div class=\"elementor-widget-container\">\n\t\t\t\t\t<h2 class=\"elementor-heading-title elementor-size-default\">Financiado por la Uni\u00f3n Europea - NextGenerationEU<\/h2>\t\t\t\t<\/div>\n\t\t\t\t<\/div>\n\t\t\t\t<\/div>\n\t\t\t\t\t<\/div>\n\t\t\t\t<\/div>\n\t\t\t\t<\/div>\n\t\t","protected":false},"excerpt":{"rendered":"<p>Comment arriver L&rsquo;h\u00f4tel est situ\u00e9 \u00e0 Patria (La Muela), Vejer de la Frontera, province de Cadiz. De l&rsquo;ancienne N-340, actuelle E5, en direction d&rsquo;Algeciras, peu avant d&rsquo;atteindre Vejer de la Frontera, il y a une sortie vers La Muela. Hotel Sindhura Patria s\/n La Muela Vejer de la Frontera, Cadiz 11150 Spain Tel (34) 956 [&hellip;]<\/p>\n","protected":false},"author":2,"featured_media":0,"parent":0,"menu_order":0,"comment_status":"closed","ping_status":"closed","template":"","meta":{"footnotes":""},"class_list":["post-802","page","type-page","status-publish","hentry"],"yoast_head":"<!-- This site is optimized with the Yoast SEO plugin v24.6 - https:\/\/yoast.com\/wordpress\/plugins\/seo\/ -->\n<title>Contact hotel sindhura<\/title>\n<meta name=\"description\" content=\"Contactez-nous \u00e0 l&#039;H\u00f4tel Sindhura pour toute demande, nous proposons des chambres et un restaurant \u00e0 Vejer de la Frontera.\" \/>\n<meta name=\"robots\" content=\"index, follow, max-snippet:-1, max-image-preview:large, max-video-preview:-1\" \/>\n<link rel=\"canonical\" href=\"https:\/\/hotelsindhura.com\/fr\/adresse-et-contact\/\" \/>\n<meta property=\"og:locale\" content=\"fr_FR\" \/>\n<meta property=\"og:type\" content=\"article\" \/>\n<meta property=\"og:title\" content=\"Contact hotel sindhura\" \/>\n<meta property=\"og:description\" content=\"Contactez-nous \u00e0 l&#039;H\u00f4tel Sindhura pour toute demande, nous proposons des chambres et un restaurant \u00e0 Vejer de la Frontera.\" \/>\n<meta property=\"og:url\" content=\"https:\/\/hotelsindhura.com\/fr\/adresse-et-contact\/\" \/>\n<meta property=\"og:site_name\" content=\"Hotel Sindhura\" \/>\n<meta property=\"article:modified_time\" content=\"2023-06-08T19:28:00+00:00\" \/>\n<meta name=\"twitter:card\" content=\"summary_large_image\" \/>\n<meta name=\"twitter:label1\" content=\"Dur\u00e9e de lecture estim\u00e9e\" \/>\n\t<meta name=\"twitter:data1\" content=\"2 minutes\" \/>\n<script type=\"application\/ld+json\" class=\"yoast-schema-graph\">{\"@context\":\"https:\/\/schema.org\",\"@graph\":[{\"@type\":\"WebPage\",\"@id\":\"https:\/\/hotelsindhura.com\/fr\/adresse-et-contact\/\",\"url\":\"https:\/\/hotelsindhura.com\/fr\/adresse-et-contact\/\",\"name\":\"Contact hotel sindhura\",\"isPartOf\":{\"@id\":\"https:\/\/www.hotelsindhura.com\/fr\/#website\"},\"datePublished\":\"2023-04-03T06:32:45+00:00\",\"dateModified\":\"2023-06-08T19:28:00+00:00\",\"description\":\"Contactez-nous \u00e0 l'H\u00f4tel Sindhura pour toute demande, nous proposons des chambres et un restaurant \u00e0 Vejer de la Frontera.\",\"breadcrumb\":{\"@id\":\"https:\/\/hotelsindhura.com\/fr\/adresse-et-contact\/#breadcrumb\"},\"inLanguage\":\"fr-FR\",\"potentialAction\":[{\"@type\":\"ReadAction\",\"target\":[\"https:\/\/hotelsindhura.com\/fr\/adresse-et-contact\/\"]}]},{\"@type\":\"BreadcrumbList\",\"@id\":\"https:\/\/hotelsindhura.com\/fr\/adresse-et-contact\/#breadcrumb\",\"itemListElement\":[{\"@type\":\"ListItem\",\"position\":1,\"name\":\"Portada\",\"item\":\"https:\/\/www.hotelsindhura.com\/fr\/\"},{\"@type\":\"ListItem\",\"position\":2,\"name\":\"Adresse et contact\"}]},{\"@type\":\"WebSite\",\"@id\":\"https:\/\/www.hotelsindhura.com\/fr\/#website\",\"url\":\"https:\/\/www.hotelsindhura.com\/fr\/\",\"name\":\"Hotel Sindhura\",\"description\":\"\",\"publisher\":{\"@id\":\"https:\/\/www.hotelsindhura.com\/fr\/#organization\"},\"potentialAction\":[{\"@type\":\"SearchAction\",\"target\":{\"@type\":\"EntryPoint\",\"urlTemplate\":\"https:\/\/www.hotelsindhura.com\/fr\/?s={search_term_string}\"},\"query-input\":{\"@type\":\"PropertyValueSpecification\",\"valueRequired\":true,\"valueName\":\"search_term_string\"}}],\"inLanguage\":\"fr-FR\"},{\"@type\":\"Organization\",\"@id\":\"https:\/\/www.hotelsindhura.com\/fr\/#organization\",\"name\":\"Hotel Sindhura\",\"alternateName\":\"Hotel Sindhura\",\"url\":\"https:\/\/www.hotelsindhura.com\/fr\/\",\"logo\":{\"@type\":\"ImageObject\",\"inLanguage\":\"fr-FR\",\"@id\":\"https:\/\/www.hotelsindhura.com\/fr\/#\/schema\/logo\/image\/\",\"url\":\"\/\/\/wp-content\/uploads\/2023\/06\/WhatsApp-Image-2023-06-05-at-12.35.42.jpeg\",\"contentUrl\":\"\/\/\/wp-content\/uploads\/2023\/06\/WhatsApp-Image-2023-06-05-at-12.35.42.jpeg\",\"width\":1064,\"height\":1428,\"caption\":\"Hotel Sindhura\"},\"image\":{\"@id\":\"https:\/\/www.hotelsindhura.com\/fr\/#\/schema\/logo\/image\/\"}}]}<\/script>\n<!-- \/ Yoast SEO plugin. -->","yoast_head_json":{"title":"Contact hotel sindhura","description":"Contactez-nous \u00e0 l'H\u00f4tel Sindhura pour toute demande, nous proposons des chambres et un restaurant \u00e0 Vejer de la Frontera.","robots":{"index":"index","follow":"follow","max-snippet":"max-snippet:-1","max-image-preview":"max-image-preview:large","max-video-preview":"max-video-preview:-1"},"canonical":"https:\/\/hotelsindhura.com\/fr\/adresse-et-contact\/","og_locale":"fr_FR","og_type":"article","og_title":"Contact hotel sindhura","og_description":"Contactez-nous \u00e0 l'H\u00f4tel Sindhura pour toute demande, nous proposons des chambres et un restaurant \u00e0 Vejer de la Frontera.","og_url":"https:\/\/hotelsindhura.com\/fr\/adresse-et-contact\/","og_site_name":"Hotel Sindhura","article_modified_time":"2023-06-08T19:28:00+00:00","twitter_card":"summary_large_image","twitter_misc":{"Dur\u00e9e de lecture estim\u00e9e":"2 minutes"},"schema":{"@context":"https:\/\/schema.org","@graph":[{"@type":"WebPage","@id":"https:\/\/hotelsindhura.com\/fr\/adresse-et-contact\/","url":"https:\/\/hotelsindhura.com\/fr\/adresse-et-contact\/","name":"Contact hotel sindhura","isPartOf":{"@id":"https:\/\/www.hotelsindhura.com\/fr\/#website"},"datePublished":"2023-04-03T06:32:45+00:00","dateModified":"2023-06-08T19:28:00+00:00","description":"Contactez-nous \u00e0 l'H\u00f4tel Sindhura pour toute demande, nous proposons des chambres et un restaurant \u00e0 Vejer de la Frontera.","breadcrumb":{"@id":"https:\/\/hotelsindhura.com\/fr\/adresse-et-contact\/#breadcrumb"},"inLanguage":"fr-FR","potentialAction":[{"@type":"ReadAction","target":["https:\/\/hotelsindhura.com\/fr\/adresse-et-contact\/"]}]},{"@type":"BreadcrumbList","@id":"https:\/\/hotelsindhura.com\/fr\/adresse-et-contact\/#breadcrumb","itemListElement":[{"@type":"ListItem","position":1,"name":"Portada","item":"https:\/\/www.hotelsindhura.com\/fr\/"},{"@type":"ListItem","position":2,"name":"Adresse et contact"}]},{"@type":"WebSite","@id":"https:\/\/www.hotelsindhura.com\/fr\/#website","url":"https:\/\/www.hotelsindhura.com\/fr\/","name":"Hotel Sindhura","description":"","publisher":{"@id":"https:\/\/www.hotelsindhura.com\/fr\/#organization"},"potentialAction":[{"@type":"SearchAction","target":{"@type":"EntryPoint","urlTemplate":"https:\/\/www.hotelsindhura.com\/fr\/?s={search_term_string}"},"query-input":{"@type":"PropertyValueSpecification","valueRequired":true,"valueName":"search_term_string"}}],"inLanguage":"fr-FR"},{"@type":"Organization","@id":"https:\/\/www.hotelsindhura.com\/fr\/#organization","name":"Hotel Sindhura","alternateName":"Hotel Sindhura","url":"https:\/\/www.hotelsindhura.com\/fr\/","logo":{"@type":"ImageObject","inLanguage":"fr-FR","@id":"https:\/\/www.hotelsindhura.com\/fr\/#\/schema\/logo\/image\/","url":"\/\/\/wp-content\/uploads\/2023\/06\/WhatsApp-Image-2023-06-05-at-12.35.42.jpeg","contentUrl":"\/\/\/wp-content\/uploads\/2023\/06\/WhatsApp-Image-2023-06-05-at-12.35.42.jpeg","width":1064,"height":1428,"caption":"Hotel Sindhura"},"image":{"@id":"https:\/\/www.hotelsindhura.com\/fr\/#\/schema\/logo\/image\/"}}]}},"_links":{"self":[{"href":"https:\/\/hotelsindhura.com\/fr\/wp-json\/wp\/v2\/pages\/802","targetHints":{"allow":["GET"]}}],"collection":[{"href":"https:\/\/hotelsindhura.com\/fr\/wp-json\/wp\/v2\/pages"}],"about":[{"href":"https:\/\/hotelsindhura.com\/fr\/wp-json\/wp\/v2\/types\/page"}],"author":[{"embeddable":true,"href":"https:\/\/hotelsindhura.com\/fr\/wp-json\/wp\/v2\/users\/2"}],"replies":[{"embeddable":true,"href":"https:\/\/hotelsindhura.com\/fr\/wp-json\/wp\/v2\/comments?post=802"}],"version-history":[{"count":12,"href":"https:\/\/hotelsindhura.com\/fr\/wp-json\/wp\/v2\/pages\/802\/revisions"}],"predecessor-version":[{"id":3053,"href":"https:\/\/hotelsindhura.com\/fr\/wp-json\/wp\/v2\/pages\/802\/revisions\/3053"}],"wp:attachment":[{"href":"https:\/\/hotelsindhura.com\/fr\/wp-json\/wp\/v2\/media?parent=802"}],"curies":[{"name":"wp","href":"https:\/\/api.w.org\/{rel}","templated":true}]}}