{"id":976,"date":"2023-04-03T06:30:53","date_gmt":"2023-04-03T06:30:53","guid":{"rendered":"https:\/historische-staetten\/"},"modified":"2023-06-08T19:15:48","modified_gmt":"2023-06-08T19:15:48","slug":"historische-staetten","status":"publish","type":"page","link":"https:\/\/hotelsindhura.com\/de\/historische-staetten\/","title":{"rendered":"Historische St\u00e4tten"},"content":{"rendered":"\t\t<div data-elementor-type=\"wp-page\" data-elementor-id=\"976\" class=\"elementor elementor-976\" data-elementor-post-type=\"page\">\n\t\t\t\t<div class=\"elementor-element elementor-element-dc71d4f e-con-full e-flex e-con e-parent\" data-id=\"dc71d4f\" data-element_type=\"container\">\n\t\t\t\t<div class=\"elementor-element elementor-element-f4e1a80 elementor-widget__width-inherit elementor-widget elementor-widget-image\" data-id=\"f4e1a80\" data-element_type=\"widget\" data-widget_type=\"image.default\">\n\t\t\t\t<div class=\"elementor-widget-container\">\n\t\t\t\t\t\t\t\t\t\t\t\t\t\t\t<img fetchpriority=\"high\" decoding=\"async\" width=\"1500\" height=\"800\" src=\"https:\/\/hotelsindhura.com\/wp-content\/uploads\/2023\/06\/Diseno-sin-titulo-17-3.webp\" class=\"attachment-2048x2048 size-2048x2048 wp-image-2996\" alt=\"\" srcset=\"https:\/\/hotelsindhura.com\/wp-content\/uploads\/2023\/06\/Diseno-sin-titulo-17-3.webp 1500w, https:\/\/hotelsindhura.com\/wp-content\/uploads\/2023\/06\/Diseno-sin-titulo-17-3-300x160.webp 300w, https:\/\/hotelsindhura.com\/wp-content\/uploads\/2023\/06\/Diseno-sin-titulo-17-3-1024x546.webp 1024w, https:\/\/hotelsindhura.com\/wp-content\/uploads\/2023\/06\/Diseno-sin-titulo-17-3-768x410.webp 768w\" sizes=\"(max-width: 1500px) 100vw, 1500px\" \/>\t\t\t\t\t\t\t\t\t\t\t\t\t\t\t<\/div>\n\t\t\t\t<\/div>\n\t\t\t\t<\/div>\n\t\t<div class=\"elementor-element elementor-element-b5bac5d e-flex e-con-boxed e-con e-parent\" data-id=\"b5bac5d\" data-element_type=\"container\" data-settings=\"{&quot;background_background&quot;:&quot;classic&quot;}\">\n\t\t\t\t\t<div class=\"e-con-inner\">\n\t\t\t\t<div class=\"elementor-element elementor-element-d4a9f43 elementor-widget elementor-widget-heading\" data-id=\"d4a9f43\" data-element_type=\"widget\" data-widget_type=\"heading.default\">\n\t\t\t\t<div class=\"elementor-widget-container\">\n\t\t\t\t\t<h2 class=\"elementor-heading-title elementor-size-default\">Historische St\u00e4tten in Andalusien\n<\/h2>\t\t\t\t<\/div>\n\t\t\t\t<\/div>\n\t\t\t\t<div class=\"elementor-element elementor-element-5051aa6 elementor-widget elementor-widget-text-editor\" data-id=\"5051aa6\" data-element_type=\"widget\" data-widget_type=\"text-editor.default\">\n\t\t\t\t<div class=\"elementor-widget-container\">\n\t\t\t\t\t\t\t\t\t<p>Wenn Sie ein Feinschmecker sind und leidenschaftlich gerne in die Geschichte eintauchen und ber\u00fchmte Sehensw\u00fcrdigkeiten entdecken, dann ist das Hotel Sindhura der perfekte und ideale Ort f\u00fcr Sie. Dank seines zeitlosen Charmes und seiner privilegierten Lage k\u00f6nnen Sie die historischen Sch\u00e4tze, die Sie umgeben, erkunden und bestaunen.<\/p><p>Von antiken Ruinen bis hin zu hoch aufragenden Monumenten \u2013 jeder Schritt f\u00fchrt Sie in die Vergangenheit zur\u00fcck. Machen Sie sich bereit f\u00fcr ein bereicherndes Erlebnis voller Geschichte.<\/p>\t\t\t\t\t\t\t\t<\/div>\n\t\t\t\t<\/div>\n\t\t\t\t\t<\/div>\n\t\t\t\t<\/div>\n\t\t<div class=\"elementor-element elementor-element-202abd5 e-flex e-con-boxed e-con e-parent\" data-id=\"202abd5\" data-element_type=\"container\">\n\t\t\t\t\t<div class=\"e-con-inner\">\n\t\t<div class=\"elementor-element elementor-element-7086610 e-con-full contenedor e-flex elementor-invisible e-con e-child\" data-id=\"7086610\" data-element_type=\"container\" data-settings=\"{&quot;background_background&quot;:&quot;classic&quot;,&quot;animation&quot;:&quot;fadeInLeft&quot;}\">\n\t\t\t\t<div class=\"elementor-element elementor-element-2f7d30f elementor-widget elementor-widget-heading\" data-id=\"2f7d30f\" data-element_type=\"widget\" data-widget_type=\"heading.default\">\n\t\t\t\t<div class=\"elementor-widget-container\">\n\t\t\t\t\t<h2 class=\"elementor-heading-title elementor-size-default\">Erfahren Sie mehr \u00fcber die Geschichte von C\u00e1diz und Umgebung<\/h2>\t\t\t\t<\/div>\n\t\t\t\t<\/div>\n\t\t\t\t<div class=\"elementor-element elementor-element-34659ad elementor-widget elementor-widget-text-editor\" data-id=\"34659ad\" data-element_type=\"widget\" data-widget_type=\"text-editor.default\">\n\t\t\t\t<div class=\"elementor-widget-container\">\n\t\t\t\t\t\t\t\t\t<p>Bereits 1100 v. Chr., als die Ph\u00f6nizier an der Costa de la Luz ankamen, war dieses Gebiet die Heimat einer langen Reihe m\u00e4chtiger Zivilisationen: Tartesser, Ph\u00f6nizier, Griechen, R\u00f6mer, Araber&#8230; jede von ihnen hat ihre eigene hinterlassen pr\u00e4gen die Kultur und Landschaft dieser Region.<\/p>\t\t\t\t\t\t\t\t<\/div>\n\t\t\t\t<\/div>\n\t\t\t\t<\/div>\n\t\t<div class=\"elementor-element elementor-element-40e8deb e-con-full e-flex elementor-invisible e-con e-child\" data-id=\"40e8deb\" data-element_type=\"container\" data-settings=\"{&quot;animation&quot;:&quot;fadeInRight&quot;}\">\n\t\t\t\t<div class=\"elementor-element elementor-element-ae8b35b elementor-widget elementor-widget-image\" data-id=\"ae8b35b\" data-element_type=\"widget\" data-widget_type=\"image.default\">\n\t\t\t\t<div class=\"elementor-widget-container\">\n\t\t\t\t\t\t\t\t\t\t\t\t\t\t\t<img decoding=\"async\" width=\"526\" height=\"394\" src=\"https:\/\/hotelsindhura.com\/wp-content\/uploads\/2023\/06\/pueblos-blancos-Sindhura.jpeg\" class=\"attachment-large size-large wp-image-3003\" alt=\"\" srcset=\"https:\/\/hotelsindhura.com\/wp-content\/uploads\/2023\/06\/pueblos-blancos-Sindhura.jpeg 526w, https:\/\/hotelsindhura.com\/wp-content\/uploads\/2023\/06\/pueblos-blancos-Sindhura-300x225.jpeg 300w\" sizes=\"(max-width: 526px) 100vw, 526px\" \/>\t\t\t\t\t\t\t\t\t\t\t\t\t\t\t<\/div>\n\t\t\t\t<\/div>\n\t\t\t\t<\/div>\n\t\t\t\t\t<\/div>\n\t\t\t\t<\/div>\n\t\t<div class=\"elementor-element elementor-element-8ddc111 e-flex e-con-boxed e-con e-parent\" data-id=\"8ddc111\" data-element_type=\"container\">\n\t\t\t\t\t<div class=\"e-con-inner\">\n\t\t\t\t<div class=\"elementor-element elementor-element-57863a4 elementor-widget elementor-widget-image\" data-id=\"57863a4\" data-element_type=\"widget\" data-widget_type=\"image.default\">\n\t\t\t\t<div class=\"elementor-widget-container\">\n\t\t\t\t\t\t\t\t\t\t\t\t\t\t\t<img decoding=\"async\" src=\"https:\/\/hotelsindhura.com\/wp-content\/uploads\/elementor\/thumbs\/Captura-de-Pantalla-2023-05-24-a-las-12.10.42-1-1-q7oai1216n5z4oimfkljpmw8xl64aqsm1zf085u7f6.png\" title=\"Captura-de-Pantalla-2023-05-24-a-las-12.10.42-1-1.png\" alt=\"Captura-de-Pantalla-2023-05-24-a-las-12.10.42-1-1.png\" loading=\"lazy\" \/>\t\t\t\t\t\t\t\t\t\t\t\t\t\t\t<\/div>\n\t\t\t\t<\/div>\n\t\t\t\t\t<\/div>\n\t\t\t\t<\/div>\n\t\t<div class=\"elementor-element elementor-element-a362ab1 e-flex e-con-boxed e-con e-parent\" data-id=\"a362ab1\" data-element_type=\"container\">\n\t\t\t\t\t<div class=\"e-con-inner\">\n\t\t<div class=\"elementor-element elementor-element-324d0f8 e-con-full e-flex e-con e-child\" data-id=\"324d0f8\" data-element_type=\"container\">\n\t\t\t\t<div class=\"elementor-element elementor-element-53ee538 elementor-invisible elementor-widget elementor-widget-image\" data-id=\"53ee538\" data-element_type=\"widget\" data-settings=\"{&quot;_animation&quot;:&quot;fadeInLeft&quot;}\" data-widget_type=\"image.default\">\n\t\t\t\t<div class=\"elementor-widget-container\">\n\t\t\t\t\t\t\t\t\t\t\t\t\t\t\t<img decoding=\"async\" width=\"800\" height=\"600\" src=\"https:\/\/hotelsindhura.com\/wp-content\/uploads\/2023\/06\/Diseno-sin-titulo-18-2.webp\" class=\"attachment-large size-large wp-image-3011\" alt=\"\" srcset=\"https:\/\/hotelsindhura.com\/wp-content\/uploads\/2023\/06\/Diseno-sin-titulo-18-2.webp 800w, https:\/\/hotelsindhura.com\/wp-content\/uploads\/2023\/06\/Diseno-sin-titulo-18-2-300x225.webp 300w, https:\/\/hotelsindhura.com\/wp-content\/uploads\/2023\/06\/Diseno-sin-titulo-18-2-768x576.webp 768w\" sizes=\"(max-width: 800px) 100vw, 800px\" \/>\t\t\t\t\t\t\t\t\t\t\t\t\t\t\t<\/div>\n\t\t\t\t<\/div>\n\t\t\t\t<\/div>\n\t\t<div class=\"elementor-element elementor-element-c058934 e-con-full contenedor e-flex elementor-invisible e-con e-child\" data-id=\"c058934\" data-element_type=\"container\" data-settings=\"{&quot;background_background&quot;:&quot;classic&quot;,&quot;animation&quot;:&quot;fadeInRight&quot;}\">\n\t\t\t\t<div class=\"elementor-element elementor-element-93cc900 elementor-widget elementor-widget-text-editor\" data-id=\"93cc900\" data-element_type=\"widget\" data-widget_type=\"text-editor.default\">\n\t\t\t\t<div class=\"elementor-widget-container\">\n\t\t\t\t\t\t\t\t\t<p>Stehen Sie auf Ihrer Terrasse auf und in kurzer Entfernung sehen Sie den Cerro de Patr\u00eda, einen strategischen Ort mit beeindruckender Aussicht, wo die Ruinen einer alten arabischen Festung erhalten sind.<\/p><p>Ganz in der N\u00e4he liegt Vejer de la Frontera, eine alte Stadt, die auf einem H\u00fcgel steht, mehr als f\u00fcnf Jahrhunderte muslimischer Herrschaft pr\u00e4gten ihre Stadtplanung, obwohl Spuren aus ihrer R\u00f6merzeit erhalten sind. Es ist eines der am besten erhaltenen wei\u00dfen D\u00f6rfer in der Region und wurde 1976 zu einer historisch-k\u00fcnstlerischen St\u00e4tte erkl\u00e4rt.<\/p>\t\t\t\t\t\t\t\t<\/div>\n\t\t\t\t<\/div>\n\t\t\t\t<\/div>\n\t\t\t\t\t<\/div>\n\t\t\t\t<\/div>\n\t\t<div class=\"elementor-element elementor-element-f8ba488 e-flex e-con-boxed e-con e-parent\" data-id=\"f8ba488\" data-element_type=\"container\">\n\t\t\t\t\t<div class=\"e-con-inner\">\n\t\t\t\t<div class=\"elementor-element elementor-element-f43abc6 elementor-widget elementor-widget-image\" data-id=\"f43abc6\" data-element_type=\"widget\" data-widget_type=\"image.default\">\n\t\t\t\t<div class=\"elementor-widget-container\">\n\t\t\t\t\t\t\t\t\t\t\t\t\t\t\t<img decoding=\"async\" src=\"https:\/\/hotelsindhura.com\/wp-content\/uploads\/elementor\/thumbs\/Captura-de-Pantalla-2023-05-24-a-las-12.10.42-1-1-q7oai1216n5z4oimfkljpmw8xl64aqsm1zf085u7f6.png\" title=\"Captura-de-Pantalla-2023-05-24-a-las-12.10.42-1-1.png\" alt=\"Captura-de-Pantalla-2023-05-24-a-las-12.10.42-1-1.png\" loading=\"lazy\" \/>\t\t\t\t\t\t\t\t\t\t\t\t\t\t\t<\/div>\n\t\t\t\t<\/div>\n\t\t\t\t\t<\/div>\n\t\t\t\t<\/div>\n\t\t<div class=\"elementor-element elementor-element-f6cba5c e-flex e-con-boxed e-con e-parent\" data-id=\"f6cba5c\" data-element_type=\"container\">\n\t\t\t\t\t<div class=\"e-con-inner\">\n\t\t<div class=\"elementor-element elementor-element-0d00a40 e-con-full contenedor e-flex elementor-invisible e-con e-child\" data-id=\"0d00a40\" data-element_type=\"container\" data-settings=\"{&quot;background_background&quot;:&quot;classic&quot;,&quot;animation&quot;:&quot;fadeInLeft&quot;}\">\n\t\t\t\t<div class=\"elementor-element elementor-element-2cff13a elementor-widget elementor-widget-text-editor\" data-id=\"2cff13a\" data-element_type=\"widget\" data-widget_type=\"text-editor.default\">\n\t\t\t\t<div class=\"elementor-widget-container\">\n\t\t\t\t\t\t\t\t\t<p>In der ganzen Umgebung werden Sie auf eine Vielzahl arabischer und r\u00f6mischer Bauwerke sto\u00dfen, von denen einige noch in Gebrauch sind. Wenige km. im S\u00fcden liegt die antike r\u00f6mische Stadt Baelo Claudia. In der Bucht von Bolonia gelegen, steht es in einer Umgebung, die f\u00fcr ihre Sch\u00f6nheit unbeschreiblich ist, am Fu\u00dfe des sauberen Wassers des Atlantiks und umgeben von Pinienw\u00e4ldern und einer majest\u00e4tischen D\u00fcne.<\/p><p>Wenn Sie im Amphitheater sitzen und auf die afrikanische K\u00fcste blicken, k\u00f6nnen Sie das L\u00e4cheln und Murmeln der Menge sp\u00fcren, die vor mehr als 2000 Jahren die Spiele an diesem Ort genossen.<\/p><p>Sie k\u00f6nnen auch einen historischen Tag damit verbringen, C\u00e1diz mit seiner Kathedrale, Jerez de la Frontera und dem Alc\u00e1zar, Tarifa, Medina Sidonia&#8230;<\/p>\t\t\t\t\t\t\t\t<\/div>\n\t\t\t\t<\/div>\n\t\t\t\t<\/div>\n\t\t<div class=\"elementor-element elementor-element-fd09b1b e-con-full e-flex elementor-invisible e-con e-child\" data-id=\"fd09b1b\" data-element_type=\"container\" data-settings=\"{&quot;animation&quot;:&quot;fadeInRight&quot;}\">\n\t\t\t\t<div class=\"elementor-element elementor-element-642df16 elementor-widget elementor-widget-image\" data-id=\"642df16\" data-element_type=\"widget\" data-widget_type=\"image.default\">\n\t\t\t\t<div class=\"elementor-widget-container\">\n\t\t\t\t\t\t\t\t\t\t\t\t\t\t\t<img loading=\"lazy\" decoding=\"async\" width=\"621\" height=\"413\" src=\"https:\/\/hotelsindhura.com\/wp-content\/uploads\/2023\/06\/ruinas-1.webp\" class=\"attachment-full size-full wp-image-3015\" alt=\"\" srcset=\"https:\/\/hotelsindhura.com\/wp-content\/uploads\/2023\/06\/ruinas-1.webp 621w, https:\/\/hotelsindhura.com\/wp-content\/uploads\/2023\/06\/ruinas-1-300x200.webp 300w\" sizes=\"(max-width: 621px) 100vw, 621px\" \/>\t\t\t\t\t\t\t\t\t\t\t\t\t\t\t<\/div>\n\t\t\t\t<\/div>\n\t\t\t\t<\/div>\n\t\t\t\t\t<\/div>\n\t\t\t\t<\/div>\n\t\t\t\t<\/div>\n\t\t","protected":false},"excerpt":{"rendered":"<p>Historische St\u00e4tten in Andalusien Wenn Sie ein Feinschmecker sind und leidenschaftlich gerne in die Geschichte eintauchen und ber\u00fchmte Sehensw\u00fcrdigkeiten entdecken, dann ist das Hotel Sindhura der perfekte und ideale Ort f\u00fcr Sie. Dank seines zeitlosen Charmes und seiner privilegierten Lage k\u00f6nnen Sie die historischen Sch\u00e4tze, die Sie umgeben, erkunden und bestaunen. Von antiken Ruinen bis [&hellip;]<\/p>\n","protected":false},"author":2,"featured_media":0,"parent":0,"menu_order":0,"comment_status":"closed","ping_status":"closed","template":"","meta":{"footnotes":""},"class_list":["post-976","page","type-page","status-publish","hentry"],"yoast_head":"<!-- This site is optimized with the Yoast SEO plugin v24.6 - https:\/\/yoast.com\/wordpress\/plugins\/seo\/ -->\n<title>Historische St\u00e4tten - Hotel Sindhura<\/title>\n<meta name=\"robots\" content=\"index, follow, max-snippet:-1, max-image-preview:large, max-video-preview:-1\" \/>\n<link rel=\"canonical\" href=\"https:\/\/hotelsindhura.com\/de\/historische-staetten\/\" \/>\n<meta property=\"og:locale\" content=\"de_DE\" \/>\n<meta property=\"og:type\" content=\"article\" \/>\n<meta property=\"og:title\" content=\"Historische St\u00e4tten - Hotel Sindhura\" \/>\n<meta property=\"og:description\" content=\"Historische St\u00e4tten in Andalusien Wenn Sie ein Feinschmecker sind und leidenschaftlich gerne in die Geschichte eintauchen und ber\u00fchmte Sehensw\u00fcrdigkeiten entdecken, dann ist das Hotel Sindhura der perfekte und ideale Ort f\u00fcr Sie. Dank seines zeitlosen Charmes und seiner privilegierten Lage k\u00f6nnen Sie die historischen Sch\u00e4tze, die Sie umgeben, erkunden und bestaunen. Von antiken Ruinen bis [&hellip;]\" \/>\n<meta property=\"og:url\" content=\"https:\/\/hotelsindhura.com\/de\/historische-staetten\/\" \/>\n<meta property=\"og:site_name\" content=\"Hotel Sindhura\" \/>\n<meta property=\"article:modified_time\" content=\"2023-06-08T19:15:48+00:00\" \/>\n<meta name=\"twitter:card\" content=\"summary_large_image\" \/>\n<meta name=\"twitter:label1\" content=\"Gesch\u00e4tzte Lesezeit\" \/>\n\t<meta name=\"twitter:data1\" content=\"4\u00a0Minuten\" \/>\n<script type=\"application\/ld+json\" class=\"yoast-schema-graph\">{\"@context\":\"https:\/\/schema.org\",\"@graph\":[{\"@type\":\"WebPage\",\"@id\":\"https:\/\/hotelsindhura.com\/de\/historische-staetten\/\",\"url\":\"https:\/\/hotelsindhura.com\/de\/historische-staetten\/\",\"name\":\"Historische St\u00e4tten - Hotel Sindhura\",\"isPartOf\":{\"@id\":\"https:\/\/www.hotelsindhura.com\/de\/#website\"},\"datePublished\":\"2023-04-03T06:30:53+00:00\",\"dateModified\":\"2023-06-08T19:15:48+00:00\",\"breadcrumb\":{\"@id\":\"https:\/\/hotelsindhura.com\/de\/historische-staetten\/#breadcrumb\"},\"inLanguage\":\"de\",\"potentialAction\":[{\"@type\":\"ReadAction\",\"target\":[\"https:\/\/hotelsindhura.com\/de\/historische-staetten\/\"]}]},{\"@type\":\"BreadcrumbList\",\"@id\":\"https:\/\/hotelsindhura.com\/de\/historische-staetten\/#breadcrumb\",\"itemListElement\":[{\"@type\":\"ListItem\",\"position\":1,\"name\":\"Portada\",\"item\":\"https:\/\/www.hotelsindhura.com\/de\/\"},{\"@type\":\"ListItem\",\"position\":2,\"name\":\"Historische St\u00e4tten\"}]},{\"@type\":\"WebSite\",\"@id\":\"https:\/\/www.hotelsindhura.com\/de\/#website\",\"url\":\"https:\/\/www.hotelsindhura.com\/de\/\",\"name\":\"Hotel Sindhura\",\"description\":\"\",\"publisher\":{\"@id\":\"https:\/\/www.hotelsindhura.com\/de\/#organization\"},\"potentialAction\":[{\"@type\":\"SearchAction\",\"target\":{\"@type\":\"EntryPoint\",\"urlTemplate\":\"https:\/\/www.hotelsindhura.com\/de\/?s={search_term_string}\"},\"query-input\":{\"@type\":\"PropertyValueSpecification\",\"valueRequired\":true,\"valueName\":\"search_term_string\"}}],\"inLanguage\":\"de\"},{\"@type\":\"Organization\",\"@id\":\"https:\/\/www.hotelsindhura.com\/de\/#organization\",\"name\":\"Hotel Sindhura\",\"alternateName\":\"Hotel Sindhura\",\"url\":\"https:\/\/www.hotelsindhura.com\/de\/\",\"logo\":{\"@type\":\"ImageObject\",\"inLanguage\":\"de\",\"@id\":\"https:\/\/www.hotelsindhura.com\/de\/#\/schema\/logo\/image\/\",\"url\":\"\/\/\/wp-content\/uploads\/2023\/06\/WhatsApp-Image-2023-06-05-at-12.35.42.jpeg\",\"contentUrl\":\"\/\/\/wp-content\/uploads\/2023\/06\/WhatsApp-Image-2023-06-05-at-12.35.42.jpeg\",\"width\":1064,\"height\":1428,\"caption\":\"Hotel Sindhura\"},\"image\":{\"@id\":\"https:\/\/www.hotelsindhura.com\/de\/#\/schema\/logo\/image\/\"}}]}<\/script>\n<!-- \/ Yoast SEO plugin. -->","yoast_head_json":{"title":"Historische St\u00e4tten - Hotel Sindhura","robots":{"index":"index","follow":"follow","max-snippet":"max-snippet:-1","max-image-preview":"max-image-preview:large","max-video-preview":"max-video-preview:-1"},"canonical":"https:\/\/hotelsindhura.com\/de\/historische-staetten\/","og_locale":"de_DE","og_type":"article","og_title":"Historische St\u00e4tten - Hotel Sindhura","og_description":"Historische St\u00e4tten in Andalusien Wenn Sie ein Feinschmecker sind und leidenschaftlich gerne in die Geschichte eintauchen und ber\u00fchmte Sehensw\u00fcrdigkeiten entdecken, dann ist das Hotel Sindhura der perfekte und ideale Ort f\u00fcr Sie. Dank seines zeitlosen Charmes und seiner privilegierten Lage k\u00f6nnen Sie die historischen Sch\u00e4tze, die Sie umgeben, erkunden und bestaunen. Von antiken Ruinen bis [&hellip;]","og_url":"https:\/\/hotelsindhura.com\/de\/historische-staetten\/","og_site_name":"Hotel Sindhura","article_modified_time":"2023-06-08T19:15:48+00:00","twitter_card":"summary_large_image","twitter_misc":{"Gesch\u00e4tzte Lesezeit":"4\u00a0Minuten"},"schema":{"@context":"https:\/\/schema.org","@graph":[{"@type":"WebPage","@id":"https:\/\/hotelsindhura.com\/de\/historische-staetten\/","url":"https:\/\/hotelsindhura.com\/de\/historische-staetten\/","name":"Historische St\u00e4tten - Hotel Sindhura","isPartOf":{"@id":"https:\/\/www.hotelsindhura.com\/de\/#website"},"datePublished":"2023-04-03T06:30:53+00:00","dateModified":"2023-06-08T19:15:48+00:00","breadcrumb":{"@id":"https:\/\/hotelsindhura.com\/de\/historische-staetten\/#breadcrumb"},"inLanguage":"de","potentialAction":[{"@type":"ReadAction","target":["https:\/\/hotelsindhura.com\/de\/historische-staetten\/"]}]},{"@type":"BreadcrumbList","@id":"https:\/\/hotelsindhura.com\/de\/historische-staetten\/#breadcrumb","itemListElement":[{"@type":"ListItem","position":1,"name":"Portada","item":"https:\/\/www.hotelsindhura.com\/de\/"},{"@type":"ListItem","position":2,"name":"Historische St\u00e4tten"}]},{"@type":"WebSite","@id":"https:\/\/www.hotelsindhura.com\/de\/#website","url":"https:\/\/www.hotelsindhura.com\/de\/","name":"Hotel Sindhura","description":"","publisher":{"@id":"https:\/\/www.hotelsindhura.com\/de\/#organization"},"potentialAction":[{"@type":"SearchAction","target":{"@type":"EntryPoint","urlTemplate":"https:\/\/www.hotelsindhura.com\/de\/?s={search_term_string}"},"query-input":{"@type":"PropertyValueSpecification","valueRequired":true,"valueName":"search_term_string"}}],"inLanguage":"de"},{"@type":"Organization","@id":"https:\/\/www.hotelsindhura.com\/de\/#organization","name":"Hotel Sindhura","alternateName":"Hotel Sindhura","url":"https:\/\/www.hotelsindhura.com\/de\/","logo":{"@type":"ImageObject","inLanguage":"de","@id":"https:\/\/www.hotelsindhura.com\/de\/#\/schema\/logo\/image\/","url":"\/\/\/wp-content\/uploads\/2023\/06\/WhatsApp-Image-2023-06-05-at-12.35.42.jpeg","contentUrl":"\/\/\/wp-content\/uploads\/2023\/06\/WhatsApp-Image-2023-06-05-at-12.35.42.jpeg","width":1064,"height":1428,"caption":"Hotel Sindhura"},"image":{"@id":"https:\/\/www.hotelsindhura.com\/de\/#\/schema\/logo\/image\/"}}]}},"_links":{"self":[{"href":"https:\/\/hotelsindhura.com\/de\/wp-json\/wp\/v2\/pages\/976","targetHints":{"allow":["GET"]}}],"collection":[{"href":"https:\/\/hotelsindhura.com\/de\/wp-json\/wp\/v2\/pages"}],"about":[{"href":"https:\/\/hotelsindhura.com\/de\/wp-json\/wp\/v2\/types\/page"}],"author":[{"embeddable":true,"href":"https:\/\/hotelsindhura.com\/de\/wp-json\/wp\/v2\/users\/2"}],"replies":[{"embeddable":true,"href":"https:\/\/hotelsindhura.com\/de\/wp-json\/wp\/v2\/comments?post=976"}],"version-history":[{"count":12,"href":"https:\/\/hotelsindhura.com\/de\/wp-json\/wp\/v2\/pages\/976\/revisions"}],"predecessor-version":[{"id":3024,"href":"https:\/\/hotelsindhura.com\/de\/wp-json\/wp\/v2\/pages\/976\/revisions\/3024"}],"wp:attachment":[{"href":"https:\/\/hotelsindhura.com\/de\/wp-json\/wp\/v2\/media?parent=976"}],"curies":[{"name":"wp","href":"https:\/\/api.w.org\/{rel}","templated":true}]}}