{"id":947,"date":"2023-04-03T06:24:34","date_gmt":"2023-04-03T06:24:34","guid":{"rendered":"https:\/restaurant\/"},"modified":"2023-06-09T06:29:59","modified_gmt":"2023-06-09T06:29:59","slug":"restaurant","status":"publish","type":"page","link":"https:\/\/hotelsindhura.com\/de\/restaurant\/","title":{"rendered":"Restaurant"},"content":{"rendered":"\t\t<div data-elementor-type=\"wp-page\" data-elementor-id=\"947\" class=\"elementor elementor-947\" data-elementor-post-type=\"page\">\n\t\t\t\t\t\t<section class=\"elementor-section elementor-top-section elementor-element elementor-element-2b81a29 elementor-section-full_width elementor-section-height-min-height elementor-section-height-default elementor-section-items-middle\" data-id=\"2b81a29\" data-element_type=\"section\">\n\t\t\t\t\t\t<div class=\"elementor-container elementor-column-gap-no\">\n\t\t\t\t\t<div class=\"elementor-column elementor-col-100 elementor-top-column elementor-element elementor-element-e7ed023\" data-id=\"e7ed023\" data-element_type=\"column\">\n\t\t\t<div class=\"elementor-widget-wrap elementor-element-populated\">\n\t\t\t\t\t\t<div class=\"elementor-element elementor-element-323bd89 elementor-widget elementor-widget-image\" data-id=\"323bd89\" data-element_type=\"widget\" data-widget_type=\"image.default\">\n\t\t\t\t<div class=\"elementor-widget-container\">\n\t\t\t\t\t\t\t\t\t\t\t\t\t\t\t<img fetchpriority=\"high\" decoding=\"async\" width=\"1700\" height=\"1141\" src=\"https:\/\/hotelsindhura.com\/wp-content\/uploads\/2023\/04\/sindhura-hotel.gif\" class=\"attachment-full size-full wp-image-193\" alt=\"restaurante vejer de la frontera\" \/>\t\t\t\t\t\t\t\t\t\t\t\t\t\t\t<\/div>\n\t\t\t\t<\/div>\n\t\t\t\t\t<\/div>\n\t\t<\/div>\n\t\t\t\t\t<\/div>\n\t\t<\/section>\n\t\t\t\t<section class=\"elementor-section elementor-top-section elementor-element elementor-element-bcff697 elementor-section-boxed elementor-section-height-default elementor-section-height-default\" data-id=\"bcff697\" data-element_type=\"section\">\n\t\t\t\t\t\t<div class=\"elementor-container elementor-column-gap-default\">\n\t\t\t\t\t<div class=\"elementor-column elementor-col-100 elementor-top-column elementor-element elementor-element-c914f88\" data-id=\"c914f88\" data-element_type=\"column\">\n\t\t\t<div class=\"elementor-widget-wrap elementor-element-populated\">\n\t\t\t\t\t\t<div class=\"elementor-element elementor-element-2e034fb elementor-widget elementor-widget-heading\" data-id=\"2e034fb\" data-element_type=\"widget\" data-widget_type=\"heading.default\">\n\t\t\t\t<div class=\"elementor-widget-container\">\n\t\t\t\t\t<h2 class=\"elementor-heading-title elementor-size-default\"><h1 style=\"text-align: center;font-family: raleway;font-weight: 300;font-size:22px;color: grey\">Restaurant in Vejer de la Frontera<\/h1><\/h2>\t\t\t\t<\/div>\n\t\t\t\t<\/div>\n\t\t\t\t<div class=\"elementor-element elementor-element-ea70d1b elementor-widget elementor-widget-heading\" data-id=\"ea70d1b\" data-element_type=\"widget\" data-widget_type=\"heading.default\">\n\t\t\t\t<div class=\"elementor-widget-container\">\n\t\t\t\t\t<h2 class=\"elementor-heading-title elementor-size-default\"><h1 style=\"text-align: center;font-family: raleway;font-weight: 300;font-size:42px\">JEDER IST WILLKOMMEN<\/h1><\/h2>\t\t\t\t<\/div>\n\t\t\t\t<\/div>\n\t\t\t\t<div class=\"elementor-element elementor-element-3862c80 elementor-widget__width-initial elementor-widget elementor-widget-text-editor\" data-id=\"3862c80\" data-element_type=\"widget\" data-widget_type=\"text-editor.default\">\n\t\t\t\t<div class=\"elementor-widget-container\">\n\t\t\t\t\t\t\t\t\t<p style=\"color: #000000; font-family: 'Open Sans', sans-serif; font-size: 15px; text-align: center;\">Das Sindhura Terrace Restaurant steht sowohl Hotelg\u00e4sten als auch G\u00e4sten offen, die diese Oase des Friedens, der Ruhe und der spektakul\u00e4ren Aussicht genie\u00dfen m\u00f6chten.&nbsp;<\/p>\n<p style=\"color: #000000; font-family: 'Open Sans', sans-serif; font-size: 15px; text-align: center;\">Mit einer gro\u00dfen Terrasse, die zur Landschaft hin offen ist und Blick auf die Str\u00e4nde von Palmar und Conil bietet, k\u00f6nnen Sie die Ruhe genie\u00dfen, mit viel Platz zu essen, mit einem gro\u00dfen Abstand zwischen den Tischen, aber mit der Intimit\u00e4t und W\u00e4rme, die die informelle Atmosph\u00e4re bietet.<\/p>\n<p style=\"color: #000000; font-family: 'Open Sans', sans-serif; font-size: 15px; text-align: center;\">Mit einer kleinen, aber exquisiten Speisekarte f\u00fcr jeden Geschmack ist es auch ein perfekter Ort, um mitten am Nachmittag einen Kaffee, einen Tee mit Kuchen oder einen Drink bei einem der sch\u00f6nsten Sonnenunterg\u00e4nge der Provinz zu genie\u00dfen.<\/p>\n<p style=\"color: #000000; font-family: 'Open Sans', sans-serif; font-size: 15px; text-align: center;\">Viele Reisende gehen durch das.&nbsp; beste Restaurant in Vejer de la Frontera<\/p>\n<p style=\"color: #000000; font-family: 'Open Sans', sans-serif; font-size: 15px;\">&nbsp; Ge\u00f6ffnet: Dienstag- bis Samstagabend und samstags und sonntags mittags<\/p>\n<p style=\"color: #000000; font-family: 'Open Sans', sans-serif; font-size: 15px; text-align: center;\"><strong><em><span style=\"font-weight: 400;\">Aufgrund der besonderen Umst\u00e4nde und um Ihnen den besten Service bieten zu k\u00f6nnen, ist eine Reservierung erforderlich.<\/span><\/em><\/strong><\/p>\t\t\t\t\t\t\t\t<\/div>\n\t\t\t\t<\/div>\n\t\t\t\t<div class=\"elementor-element elementor-element-fa9f3c7 elementor-align-center elementor-widget elementor-widget-button\" data-id=\"fa9f3c7\" data-element_type=\"widget\" data-widget_type=\"button.default\">\n\t\t\t\t<div class=\"elementor-widget-container\">\n\t\t\t\t\t\t\t\t\t<div class=\"elementor-button-wrapper\">\n\t\t\t\t\t<a class=\"elementor-button elementor-button-link elementor-size-sm\" href=\"#\">\n\t\t\t\t\t\t<span class=\"elementor-button-content-wrapper\">\n\t\t\t\t\t\t\t\t\t<span class=\"elementor-button-text\">+ Covid-19<\/span>\n\t\t\t\t\t<\/span>\n\t\t\t\t\t<\/a>\n\t\t\t\t<\/div>\n\t\t\t\t\t\t\t\t<\/div>\n\t\t\t\t<\/div>\n\t\t\t\t\t<\/div>\n\t\t<\/div>\n\t\t\t\t\t<\/div>\n\t\t<\/section>\n\t\t\t\t<section class=\"elementor-section elementor-top-section elementor-element elementor-element-6f09ffa elementor-section-boxed elementor-section-height-default elementor-section-height-default\" data-id=\"6f09ffa\" data-element_type=\"section\">\n\t\t\t\t\t\t<div class=\"elementor-container elementor-column-gap-default\">\n\t\t\t\t\t<div class=\"elementor-column elementor-col-100 elementor-top-column elementor-element elementor-element-8f681a8\" data-id=\"8f681a8\" data-element_type=\"column\">\n\t\t\t<div class=\"elementor-widget-wrap elementor-element-populated\">\n\t\t\t\t\t\t<div class=\"elementor-element elementor-element-89972c1 elementor-widget elementor-widget-image\" data-id=\"89972c1\" data-element_type=\"widget\" data-widget_type=\"image.default\">\n\t\t\t\t<div class=\"elementor-widget-container\">\n\t\t\t\t\t\t\t\t\t\t\t\t\t\t\t<img decoding=\"async\" width=\"1024\" height=\"104\" src=\"https:\/\/hotelsindhura.com\/wp-content\/uploads\/2023\/04\/line1500-1024x104-1.gif\" class=\"attachment-full size-full wp-image-200\" alt=\"\" \/>\t\t\t\t\t\t\t\t\t\t\t\t\t\t\t<\/div>\n\t\t\t\t<\/div>\n\t\t\t\t\t<\/div>\n\t\t<\/div>\n\t\t\t\t\t<\/div>\n\t\t<\/section>\n\t\t\t\t<section class=\"elementor-section elementor-top-section elementor-element elementor-element-7439b0a elementor-section-boxed elementor-section-height-default elementor-section-height-default\" data-id=\"7439b0a\" data-element_type=\"section\">\n\t\t\t\t\t\t<div class=\"elementor-container elementor-column-gap-default\">\n\t\t\t\t\t<div class=\"elementor-column elementor-col-100 elementor-top-column elementor-element elementor-element-9d93079\" data-id=\"9d93079\" data-element_type=\"column\">\n\t\t\t<div class=\"elementor-widget-wrap elementor-element-populated\">\n\t\t\t\t\t\t<div class=\"elementor-element elementor-element-ca039c4 elementor-widget elementor-widget-text-editor\" data-id=\"ca039c4\" data-element_type=\"widget\" data-widget_type=\"text-editor.default\">\n\t\t\t\t<div class=\"elementor-widget-container\">\n\t\t\t\t\t\t\t\t\t<h1 style=\"font-family: Raleway; font-weight: 600; color: #000000;\"><span style=\"font-weight: 400;\">SUPPEN<\/span><\/h1>\t\t\t\t\t\t\t\t<\/div>\n\t\t\t\t<\/div>\n\t\t\t\t<div class=\"elementor-element elementor-element-d5e5eb0 elementor-widget elementor-widget-text-editor\" data-id=\"d5e5eb0\" data-element_type=\"widget\" data-widget_type=\"text-editor.default\">\n\t\t\t\t<div class=\"elementor-widget-container\">\n\t\t\t\t\t\t\t\t\t<p>Harira&#8230;&#8230;&#8230;&#8230;&#8230;&#8230;&#8230;&#8230;&#8230;&#8230;&#8230;&#8230;&#8230;&#8230;&#8230;&#8230;.6,50<\/p><p>Klassische marokkanische Gem\u00fcsesuppe, leicht scharf<\/p><p>Klassische marokkanische Gem\u00fcse- und Kichererbsensuppe, leicht scharf<\/p><p>Gazpacho&#8230;&#8230;&#8230;&#8230;&#8230;&#8230;&#8230;&#8230;&#8230;&#8230;&#8230;6,50<\/p><p>Kalte Tomatensuppe, typisch f\u00fcr Andalusien<\/p>\t\t\t\t\t\t\t\t<\/div>\n\t\t\t\t<\/div>\n\t\t\t\t\t<\/div>\n\t\t<\/div>\n\t\t\t\t\t<\/div>\n\t\t<\/section>\n\t\t\t\t<section class=\"elementor-section elementor-top-section elementor-element elementor-element-6131a4f elementor-section-boxed elementor-section-height-default elementor-section-height-default\" data-id=\"6131a4f\" data-element_type=\"section\">\n\t\t\t\t\t\t<div class=\"elementor-container elementor-column-gap-default\">\n\t\t\t\t\t<div class=\"elementor-column elementor-col-100 elementor-top-column elementor-element elementor-element-df6f443\" data-id=\"df6f443\" data-element_type=\"column\">\n\t\t\t<div class=\"elementor-widget-wrap elementor-element-populated\">\n\t\t\t\t\t\t<div class=\"elementor-element elementor-element-913b51a elementor-widget elementor-widget-image\" data-id=\"913b51a\" data-element_type=\"widget\" data-widget_type=\"image.default\">\n\t\t\t\t<div class=\"elementor-widget-container\">\n\t\t\t\t\t\t\t\t\t\t\t\t\t\t\t<img decoding=\"async\" width=\"1024\" height=\"104\" src=\"https:\/\/hotelsindhura.com\/wp-content\/uploads\/2023\/04\/line1500-1024x104-1.gif\" class=\"attachment-full size-full wp-image-200\" alt=\"\" \/>\t\t\t\t\t\t\t\t\t\t\t\t\t\t\t<\/div>\n\t\t\t\t<\/div>\n\t\t\t\t\t<\/div>\n\t\t<\/div>\n\t\t\t\t\t<\/div>\n\t\t<\/section>\n\t\t\t\t<section class=\"elementor-section elementor-top-section elementor-element elementor-element-5418a98 elementor-section-boxed elementor-section-height-default elementor-section-height-default\" data-id=\"5418a98\" data-element_type=\"section\">\n\t\t\t\t\t\t<div class=\"elementor-container elementor-column-gap-default\">\n\t\t\t\t\t<div class=\"elementor-column elementor-col-100 elementor-top-column elementor-element elementor-element-6d65600\" data-id=\"6d65600\" data-element_type=\"column\">\n\t\t\t<div class=\"elementor-widget-wrap elementor-element-populated\">\n\t\t\t\t\t\t<div class=\"elementor-element elementor-element-98626d4 elementor-widget elementor-widget-text-editor\" data-id=\"98626d4\" data-element_type=\"widget\" data-widget_type=\"text-editor.default\">\n\t\t\t\t<div class=\"elementor-widget-container\">\n\t\t\t\t\t\t\t\t\t<h1 style=\"font-family: Raleway; font-weight: 600; color: #000000;\">EINGANG<\/h1>\t\t\t\t\t\t\t\t<\/div>\n\t\t\t\t<\/div>\n\t\t\t\t<div class=\"elementor-element elementor-element-81283ae elementor-widget elementor-widget-text-editor\" data-id=\"81283ae\" data-element_type=\"widget\" data-widget_type=\"text-editor.default\">\n\t\t\t\t<div class=\"elementor-widget-container\">\n\t\t\t\t\t\t\t\t\t<p>Frischer Gartensalat mit Thunfisch&#8230;..8,90<\/p><p>H\u00fchnerkroketten&#8230;&#8230;.8,50<\/p><p>Mezze-Auswahl&#8230;&#8230;..10,50<\/p><p>Selecci\u00f3n de entrantes Marroquies (Hummus, Babaganoush, ensalda Marrakech y Tabul\u00e9) Auswahl an marokkanischen Vorspeisen (Hummus, Babaganoush, Marrakech-Salat und Tabul\u00e9)<\/p><p>Hummus-Teller&#8230;&#8230;&#8230;..7.90<\/p><p>Crema de garbanzos con tahini, aceite de oliva y lim\u00f3n. Servido con pan de pita.<br \/>Kichererbsencreme mit Knoblauch, Zitrone, Oliven\u00f6l und Sesamsauce. Serviert mit Fladenbrot<\/p><p>Babaganoush-Teller&#8230;&#8230;.7,90<\/p><p><br \/>Eine Creme aus ger\u00e4ucherten Auberginen mit Joghurt, Knoblauch und Tahini. Serviert mit Fladenbrot<\/p><p>K\u00e4sebreuats&#8230;&#8230;..8,50<\/p><p>Dreiecke aus Bl\u00e4tterteig mit Feta<\/p><p>Bl\u00e4tterteigpakete mit Feta-K\u00e4se<\/p><p>Gegrilltes Gem\u00fcse der Saison&#8230;.10,90<\/p><p>Serviert mit gegrilltem Ziegenk\u00e4se<\/p>\t\t\t\t\t\t\t\t<\/div>\n\t\t\t\t<\/div>\n\t\t\t\t\t<\/div>\n\t\t<\/div>\n\t\t\t\t\t<\/div>\n\t\t<\/section>\n\t\t\t\t<section class=\"elementor-section elementor-top-section elementor-element elementor-element-367da55 elementor-section-boxed elementor-section-height-default elementor-section-height-default\" data-id=\"367da55\" data-element_type=\"section\">\n\t\t\t\t\t\t<div class=\"elementor-container elementor-column-gap-default\">\n\t\t\t\t\t<div class=\"elementor-column elementor-col-100 elementor-top-column elementor-element elementor-element-f0e6093\" data-id=\"f0e6093\" data-element_type=\"column\">\n\t\t\t<div class=\"elementor-widget-wrap elementor-element-populated\">\n\t\t\t\t\t\t<div class=\"elementor-element elementor-element-e790c3b elementor-widget elementor-widget-image\" data-id=\"e790c3b\" data-element_type=\"widget\" data-widget_type=\"image.default\">\n\t\t\t\t<div class=\"elementor-widget-container\">\n\t\t\t\t\t\t\t\t\t\t\t\t\t\t\t<img decoding=\"async\" width=\"1024\" height=\"104\" src=\"https:\/\/hotelsindhura.com\/wp-content\/uploads\/2023\/04\/line1500-1024x104-1.gif\" class=\"attachment-full size-full wp-image-200\" alt=\"\" \/>\t\t\t\t\t\t\t\t\t\t\t\t\t\t\t<\/div>\n\t\t\t\t<\/div>\n\t\t\t\t\t<\/div>\n\t\t<\/div>\n\t\t\t\t\t<\/div>\n\t\t<\/section>\n\t\t\t\t<section class=\"elementor-section elementor-top-section elementor-element elementor-element-40d4b79 elementor-section-boxed elementor-section-height-default elementor-section-height-default\" data-id=\"40d4b79\" data-element_type=\"section\">\n\t\t\t\t\t\t<div class=\"elementor-container elementor-column-gap-default\">\n\t\t\t\t\t<div class=\"elementor-column elementor-col-100 elementor-top-column elementor-element elementor-element-c1863ab\" data-id=\"c1863ab\" data-element_type=\"column\">\n\t\t\t<div class=\"elementor-widget-wrap elementor-element-populated\">\n\t\t\t\t\t\t<div class=\"elementor-element elementor-element-5408e9a elementor-widget elementor-widget-text-editor\" data-id=\"5408e9a\" data-element_type=\"widget\" data-widget_type=\"text-editor.default\">\n\t\t\t\t<div class=\"elementor-widget-container\">\n\t\t\t\t\t\t\t\t\t<h1 style=\"font-family: Raleway; font-weight: 600; color: #000000;\">HAUPTGANG<\/h1>\t\t\t\t\t\t\t\t<\/div>\n\t\t\t\t<\/div>\n\t\t\t\t<div class=\"elementor-element elementor-element-fe0112d elementor-widget elementor-widget-text-editor\" data-id=\"fe0112d\" data-element_type=\"widget\" data-widget_type=\"text-editor.default\">\n\t\t\t\t<div class=\"elementor-widget-container\">\n\t\t\t\t\t\t\t\t\t<p>Ravioli&#8230;&#8230;&#8230;&#8230;&#8230;&#8230;&#8230;&#8230;&#8230;&#8230;&#8230;&#8230;&#8230;.11,00<\/p><p>Wildpilzravioli oder Spinat-K\u00e4se-Ricota; mit hausgemachter Tomatensauce, leicht pikant<\/p><p>FLEISCH<\/p><p>Retinto-Rindslende&#8230;.21,00<\/p><p>Serviert mit Pommes frites<\/p><p>Retinto-Rindfleisch-Burger&#8230;&#8230;..15,50<\/p><p>Serviert mit Pommes Frites PEQUE\u00d1A\/SMALL..12,90<\/p><p>Retinto Rinderlende Kebab&#8230;..17,50<\/p><p>Serviert mit Pommes frites<\/p><p>Retinto Rindfleisch Tagine&#8230;..17,50<\/p><p>Rindfleischauflauf mit Pflaumen, Aprikosen &amp; Mandeln<\/p><p>PESCADOS\/FISCH<\/p><p>Thunfisch-Tagra aus Almadraba&#8230;..17,00<\/p><p>Auflauf mit geschmortem Thunfisch, mit Zitrone &amp;, Kartoffeln<\/p><p>Thunfischspie\u00dfchen mit Garnelen&#8230;.17,50<\/p><p>Con especias Marroquies, servida con arroz \/ Mit marokkanischen Arten, serviert mit Reis<\/p><p>Garnelenspie\u00df&#8230;.16,50<\/p><p>Serviert mit Salat<\/p><p>Lachs vom Grill&#8230;&#8230;..15,50<\/p><p>Served with french fries and salad<\/p><p><span style=\"text-decoration: underline;\">In der marokkanischen K\u00fcche werden h\u00e4ufig N\u00fcsse verwendet, jedes Gericht kann Spuren von Gluten oder N\u00fcssen enthalten. Wenn Sie stark allergisch sind, empfehlen wir Ihnen ein gegrilltes Gericht.<\/span><\/p>\t\t\t\t\t\t\t\t<\/div>\n\t\t\t\t<\/div>\n\t\t\t\t\t<\/div>\n\t\t<\/div>\n\t\t\t\t\t<\/div>\n\t\t<\/section>\n\t\t\t\t<section class=\"elementor-section elementor-top-section elementor-element elementor-element-c669def elementor-section-boxed elementor-section-height-default elementor-section-height-default\" data-id=\"c669def\" data-element_type=\"section\">\n\t\t\t\t\t\t<div class=\"elementor-container elementor-column-gap-default\">\n\t\t\t\t\t<div class=\"elementor-column elementor-col-100 elementor-top-column elementor-element elementor-element-736194d\" data-id=\"736194d\" data-element_type=\"column\">\n\t\t\t<div class=\"elementor-widget-wrap elementor-element-populated\">\n\t\t\t\t\t\t<div class=\"elementor-element elementor-element-3b038bf elementor-widget elementor-widget-image\" data-id=\"3b038bf\" data-element_type=\"widget\" data-widget_type=\"image.default\">\n\t\t\t\t<div class=\"elementor-widget-container\">\n\t\t\t\t\t\t\t\t\t\t\t\t\t\t\t<img decoding=\"async\" width=\"1024\" height=\"104\" src=\"https:\/\/hotelsindhura.com\/wp-content\/uploads\/2023\/04\/line1500-1024x104-1.gif\" class=\"attachment-full size-full wp-image-200\" alt=\"\" \/>\t\t\t\t\t\t\t\t\t\t\t\t\t\t\t<\/div>\n\t\t\t\t<\/div>\n\t\t\t\t\t<\/div>\n\t\t<\/div>\n\t\t\t\t\t<\/div>\n\t\t<\/section>\n\t\t\t\t<section class=\"elementor-section elementor-top-section elementor-element elementor-element-a49a5db elementor-section-full_width elementor-section-height-min-height elementor-section-height-default elementor-section-items-middle\" data-id=\"a49a5db\" data-element_type=\"section\">\n\t\t\t\t\t\t<div class=\"elementor-container elementor-column-gap-no\">\n\t\t\t\t\t<div class=\"elementor-column elementor-col-100 elementor-top-column elementor-element elementor-element-e3ae7fb\" data-id=\"e3ae7fb\" data-element_type=\"column\">\n\t\t\t<div class=\"elementor-widget-wrap elementor-element-populated\">\n\t\t\t\t\t\t<div class=\"elementor-element elementor-element-9f6992f elementor-widget elementor-widget-image\" data-id=\"9f6992f\" data-element_type=\"widget\" data-widget_type=\"image.default\">\n\t\t\t\t<div class=\"elementor-widget-container\">\n\t\t\t\t\t\t\t\t\t\t\t\t\t\t\t\t<a href=\"https:\/de\/\">\n\t\t\t\t\t\t\t<img decoding=\"async\" width=\"1700\" height=\"907\" src=\"https:\/\/hotelsindhura.com\/wp-content\/uploads\/2023\/04\/bottom.gif\" class=\"attachment-full size-full wp-image-211\" alt=\"restaurante vejer de la frontera\" \/>\t\t\t\t\t\t\t\t<\/a>\n\t\t\t\t\t\t\t\t\t\t\t\t\t\t\t<\/div>\n\t\t\t\t<\/div>\n\t\t\t\t\t<\/div>\n\t\t<\/div>\n\t\t\t\t\t<\/div>\n\t\t<\/section>\n\t\t\t\t<\/div>\n\t\t","protected":false},"excerpt":{"rendered":"<p>Restaurant in Vejer de la Frontera JEDER IST WILLKOMMEN Das Sindhura Terrace Restaurant steht sowohl Hotelg\u00e4sten als auch G\u00e4sten offen, die diese Oase des Friedens, der Ruhe und der spektakul\u00e4ren Aussicht genie\u00dfen m\u00f6chten.&nbsp; Mit einer gro\u00dfen Terrasse, die zur Landschaft hin offen ist und Blick auf die Str\u00e4nde von Palmar und Conil bietet, k\u00f6nnen Sie [&hellip;]<\/p>\n","protected":false},"author":2,"featured_media":0,"parent":0,"menu_order":0,"comment_status":"closed","ping_status":"closed","template":"","meta":{"footnotes":""},"class_list":["post-947","page","type-page","status-publish","hentry"],"yoast_head":"<!-- This site is optimized with the Yoast SEO plugin v24.6 - https:\/\/yoast.com\/wordpress\/plugins\/seo\/ -->\n<title>Restaurant in Vejer de la Frontera<\/title>\n<meta name=\"description\" content=\"Restaurant in Vejer de la Frontera, in dem man von spanischen Gerichten bis hin zu typisch marokkanischen Speisen alles essen kann.\" \/>\n<meta name=\"robots\" content=\"index, follow, max-snippet:-1, max-image-preview:large, max-video-preview:-1\" \/>\n<link rel=\"canonical\" href=\"https:\/\/hotelsindhura.com\/de\/restaurant\/\" \/>\n<meta property=\"og:locale\" content=\"de_DE\" \/>\n<meta property=\"og:type\" content=\"article\" \/>\n<meta property=\"og:title\" content=\"Restaurant in Vejer de la Frontera\" \/>\n<meta property=\"og:description\" content=\"Restaurant in Vejer de la Frontera, in dem man von spanischen Gerichten bis hin zu typisch marokkanischen Speisen alles essen kann.\" \/>\n<meta property=\"og:url\" content=\"https:\/\/hotelsindhura.com\/de\/restaurant\/\" \/>\n<meta property=\"og:site_name\" content=\"Hotel Sindhura\" \/>\n<meta property=\"article:modified_time\" content=\"2023-06-09T06:29:59+00:00\" \/>\n<meta name=\"twitter:card\" content=\"summary_large_image\" \/>\n<meta name=\"twitter:label1\" content=\"Gesch\u00e4tzte Lesezeit\" \/>\n\t<meta name=\"twitter:data1\" content=\"4\u00a0Minuten\" \/>\n<script type=\"application\/ld+json\" class=\"yoast-schema-graph\">{\"@context\":\"https:\/\/schema.org\",\"@graph\":[{\"@type\":\"WebPage\",\"@id\":\"https:\/\/hotelsindhura.com\/de\/restaurant\/\",\"url\":\"https:\/\/hotelsindhura.com\/de\/restaurant\/\",\"name\":\"Restaurant in Vejer de la Frontera\",\"isPartOf\":{\"@id\":\"https:\/\/www.hotelsindhura.com\/de\/#website\"},\"datePublished\":\"2023-04-03T06:24:34+00:00\",\"dateModified\":\"2023-06-09T06:29:59+00:00\",\"description\":\"Restaurant in Vejer de la Frontera, in dem man von spanischen Gerichten bis hin zu typisch marokkanischen Speisen alles essen kann.\",\"breadcrumb\":{\"@id\":\"https:\/\/hotelsindhura.com\/de\/restaurant\/#breadcrumb\"},\"inLanguage\":\"de\",\"potentialAction\":[{\"@type\":\"ReadAction\",\"target\":[\"https:\/\/hotelsindhura.com\/de\/restaurant\/\"]}]},{\"@type\":\"BreadcrumbList\",\"@id\":\"https:\/\/hotelsindhura.com\/de\/restaurant\/#breadcrumb\",\"itemListElement\":[{\"@type\":\"ListItem\",\"position\":1,\"name\":\"Portada\",\"item\":\"https:\/\/www.hotelsindhura.com\/de\/\"},{\"@type\":\"ListItem\",\"position\":2,\"name\":\"Restaurant\"}]},{\"@type\":\"WebSite\",\"@id\":\"https:\/\/www.hotelsindhura.com\/de\/#website\",\"url\":\"https:\/\/www.hotelsindhura.com\/de\/\",\"name\":\"Hotel Sindhura\",\"description\":\"\",\"publisher\":{\"@id\":\"https:\/\/www.hotelsindhura.com\/de\/#organization\"},\"potentialAction\":[{\"@type\":\"SearchAction\",\"target\":{\"@type\":\"EntryPoint\",\"urlTemplate\":\"https:\/\/www.hotelsindhura.com\/de\/?s={search_term_string}\"},\"query-input\":{\"@type\":\"PropertyValueSpecification\",\"valueRequired\":true,\"valueName\":\"search_term_string\"}}],\"inLanguage\":\"de\"},{\"@type\":\"Organization\",\"@id\":\"https:\/\/www.hotelsindhura.com\/de\/#organization\",\"name\":\"Hotel Sindhura\",\"alternateName\":\"Hotel Sindhura\",\"url\":\"https:\/\/www.hotelsindhura.com\/de\/\",\"logo\":{\"@type\":\"ImageObject\",\"inLanguage\":\"de\",\"@id\":\"https:\/\/www.hotelsindhura.com\/de\/#\/schema\/logo\/image\/\",\"url\":\"\/\/\/wp-content\/uploads\/2023\/06\/WhatsApp-Image-2023-06-05-at-12.35.42.jpeg\",\"contentUrl\":\"\/\/\/wp-content\/uploads\/2023\/06\/WhatsApp-Image-2023-06-05-at-12.35.42.jpeg\",\"width\":1064,\"height\":1428,\"caption\":\"Hotel Sindhura\"},\"image\":{\"@id\":\"https:\/\/www.hotelsindhura.com\/de\/#\/schema\/logo\/image\/\"}}]}<\/script>\n<!-- \/ Yoast SEO plugin. -->","yoast_head_json":{"title":"Restaurant in Vejer de la Frontera","description":"Restaurant in Vejer de la Frontera, in dem man von spanischen Gerichten bis hin zu typisch marokkanischen Speisen alles essen kann.","robots":{"index":"index","follow":"follow","max-snippet":"max-snippet:-1","max-image-preview":"max-image-preview:large","max-video-preview":"max-video-preview:-1"},"canonical":"https:\/\/hotelsindhura.com\/de\/restaurant\/","og_locale":"de_DE","og_type":"article","og_title":"Restaurant in Vejer de la Frontera","og_description":"Restaurant in Vejer de la Frontera, in dem man von spanischen Gerichten bis hin zu typisch marokkanischen Speisen alles essen kann.","og_url":"https:\/\/hotelsindhura.com\/de\/restaurant\/","og_site_name":"Hotel Sindhura","article_modified_time":"2023-06-09T06:29:59+00:00","twitter_card":"summary_large_image","twitter_misc":{"Gesch\u00e4tzte Lesezeit":"4\u00a0Minuten"},"schema":{"@context":"https:\/\/schema.org","@graph":[{"@type":"WebPage","@id":"https:\/\/hotelsindhura.com\/de\/restaurant\/","url":"https:\/\/hotelsindhura.com\/de\/restaurant\/","name":"Restaurant in Vejer de la Frontera","isPartOf":{"@id":"https:\/\/www.hotelsindhura.com\/de\/#website"},"datePublished":"2023-04-03T06:24:34+00:00","dateModified":"2023-06-09T06:29:59+00:00","description":"Restaurant in Vejer de la Frontera, in dem man von spanischen Gerichten bis hin zu typisch marokkanischen Speisen alles essen kann.","breadcrumb":{"@id":"https:\/\/hotelsindhura.com\/de\/restaurant\/#breadcrumb"},"inLanguage":"de","potentialAction":[{"@type":"ReadAction","target":["https:\/\/hotelsindhura.com\/de\/restaurant\/"]}]},{"@type":"BreadcrumbList","@id":"https:\/\/hotelsindhura.com\/de\/restaurant\/#breadcrumb","itemListElement":[{"@type":"ListItem","position":1,"name":"Portada","item":"https:\/\/www.hotelsindhura.com\/de\/"},{"@type":"ListItem","position":2,"name":"Restaurant"}]},{"@type":"WebSite","@id":"https:\/\/www.hotelsindhura.com\/de\/#website","url":"https:\/\/www.hotelsindhura.com\/de\/","name":"Hotel Sindhura","description":"","publisher":{"@id":"https:\/\/www.hotelsindhura.com\/de\/#organization"},"potentialAction":[{"@type":"SearchAction","target":{"@type":"EntryPoint","urlTemplate":"https:\/\/www.hotelsindhura.com\/de\/?s={search_term_string}"},"query-input":{"@type":"PropertyValueSpecification","valueRequired":true,"valueName":"search_term_string"}}],"inLanguage":"de"},{"@type":"Organization","@id":"https:\/\/www.hotelsindhura.com\/de\/#organization","name":"Hotel Sindhura","alternateName":"Hotel Sindhura","url":"https:\/\/www.hotelsindhura.com\/de\/","logo":{"@type":"ImageObject","inLanguage":"de","@id":"https:\/\/www.hotelsindhura.com\/de\/#\/schema\/logo\/image\/","url":"\/\/\/wp-content\/uploads\/2023\/06\/WhatsApp-Image-2023-06-05-at-12.35.42.jpeg","contentUrl":"\/\/\/wp-content\/uploads\/2023\/06\/WhatsApp-Image-2023-06-05-at-12.35.42.jpeg","width":1064,"height":1428,"caption":"Hotel Sindhura"},"image":{"@id":"https:\/\/www.hotelsindhura.com\/de\/#\/schema\/logo\/image\/"}}]}},"_links":{"self":[{"href":"https:\/\/hotelsindhura.com\/de\/wp-json\/wp\/v2\/pages\/947","targetHints":{"allow":["GET"]}}],"collection":[{"href":"https:\/\/hotelsindhura.com\/de\/wp-json\/wp\/v2\/pages"}],"about":[{"href":"https:\/\/hotelsindhura.com\/de\/wp-json\/wp\/v2\/types\/page"}],"author":[{"embeddable":true,"href":"https:\/\/hotelsindhura.com\/de\/wp-json\/wp\/v2\/users\/2"}],"replies":[{"embeddable":true,"href":"https:\/\/hotelsindhura.com\/de\/wp-json\/wp\/v2\/comments?post=947"}],"version-history":[{"count":21,"href":"https:\/\/hotelsindhura.com\/de\/wp-json\/wp\/v2\/pages\/947\/revisions"}],"predecessor-version":[{"id":3085,"href":"https:\/\/hotelsindhura.com\/de\/wp-json\/wp\/v2\/pages\/947\/revisions\/3085"}],"wp:attachment":[{"href":"https:\/\/hotelsindhura.com\/de\/wp-json\/wp\/v2\/media?parent=947"}],"curies":[{"name":"wp","href":"https:\/\/api.w.org\/{rel}","templated":true}]}}