{"id":890,"date":"2023-04-03T06:29:42","date_gmt":"2023-04-03T06:29:42","guid":{"rendered":"https:\/golf-spielen-an-der-costa-de-la-luz\/"},"modified":"2023-06-11T12:58:49","modified_gmt":"2023-06-11T12:58:49","slug":"golf-spielen-an-der-costa-de-la-luz","status":"publish","type":"page","link":"https:\/\/hotelsindhura.com\/de\/golf-spielen-an-der-costa-de-la-luz\/","title":{"rendered":"Golf spielen an der Costa de la Luz"},"content":{"rendered":"\t\t<div data-elementor-type=\"wp-page\" data-elementor-id=\"890\" class=\"elementor elementor-890\" data-elementor-post-type=\"page\">\n\t\t\t\t<div class=\"elementor-element elementor-element-e9b234c e-con-full e-flex e-con e-parent\" data-id=\"e9b234c\" data-element_type=\"container\">\n\t\t\t\t<div class=\"elementor-element elementor-element-8958fc6 elementor-widget elementor-widget-image\" data-id=\"8958fc6\" data-element_type=\"widget\" data-widget_type=\"image.default\">\n\t\t\t\t<div class=\"elementor-widget-container\">\n\t\t\t\t\t\t\t\t\t\t\t\t\t\t\t<img fetchpriority=\"high\" decoding=\"async\" width=\"800\" height=\"160\" src=\"https:\/\/hotelsindhura.com\/wp-content\/uploads\/2023\/06\/Diseno-sin-titulo-1024x205.webp\" class=\"attachment-large size-large wp-image-1787\" alt=\"golf en Vejer de la Frontera\" srcset=\"https:\/\/hotelsindhura.com\/wp-content\/uploads\/2023\/06\/Diseno-sin-titulo-1024x205.webp 1024w, https:\/\/hotelsindhura.com\/wp-content\/uploads\/2023\/06\/Diseno-sin-titulo-300x60.webp 300w, https:\/\/hotelsindhura.com\/wp-content\/uploads\/2023\/06\/Diseno-sin-titulo-768x154.webp 768w, https:\/\/hotelsindhura.com\/wp-content\/uploads\/2023\/06\/Diseno-sin-titulo-1536x307.webp 1536w, https:\/\/hotelsindhura.com\/wp-content\/uploads\/2023\/06\/Diseno-sin-titulo.webp 2000w\" sizes=\"(max-width: 800px) 100vw, 800px\" \/>\t\t\t\t\t\t\t\t\t\t\t\t\t\t\t<\/div>\n\t\t\t\t<\/div>\n\t\t\t\t<\/div>\n\t\t<div class=\"elementor-element elementor-element-0ed3ef8 e-flex e-con-boxed e-con e-parent\" data-id=\"0ed3ef8\" data-element_type=\"container\" data-settings=\"{&quot;background_background&quot;:&quot;classic&quot;}\">\n\t\t\t\t\t<div class=\"e-con-inner\">\n\t\t\t\t<div class=\"elementor-element elementor-element-3ce6a68 elementor-widget elementor-widget-heading\" data-id=\"3ce6a68\" data-element_type=\"widget\" data-widget_type=\"heading.default\">\n\t\t\t\t<div class=\"elementor-widget-container\">\n\t\t\t\t\t<h2 class=\"elementor-heading-title elementor-size-default\">Sindhura Hotel f\u00fcr Golfliebhaber in Vejer de la Frontera<\/h2>\t\t\t\t<\/div>\n\t\t\t\t<\/div>\n\t\t\t\t<div class=\"elementor-element elementor-element-c92403f elementor-widget elementor-widget-text-editor\" data-id=\"c92403f\" data-element_type=\"widget\" data-widget_type=\"text-editor.default\">\n\t\t\t\t<div class=\"elementor-widget-container\">\n\t\t\t\t\t\t\t\t\t<p style=\"text-align: center;\">Die Costa de la Luz entwickelt sich zu einem der bevorzugten Reiseziele in Spanien f\u00fcr Golfspieler. Seine Lage macht das Hotel Sindhura zu einem idealen Ort f\u00fcr einen Golfurlaub in der N\u00e4he von Vejer de la Frontera.<\/p>\n<p>Das beeindruckende nat\u00fcrliche Licht, eines der w\u00e4rmsten Klimas in ganz Europa und die beeindruckende Aussicht auf die Natur, verbinden sich in dieser Gegend, um Ihr Golftraining zu einem unvergesslichen Erlebnis zu machen.<\/p>\n\t\t\t\t\t\t\t\t<\/div>\n\t\t\t\t<\/div>\n\t\t\t\t\t<\/div>\n\t\t\t\t<\/div>\n\t\t<div class=\"elementor-element elementor-element-119bfec e-flex e-con-boxed e-con e-parent\" data-id=\"119bfec\" data-element_type=\"container\">\n\t\t\t\t\t<div class=\"e-con-inner\">\n\t\t<div class=\"elementor-element elementor-element-1038247 e-con-full e-flex e-con e-child\" data-id=\"1038247\" data-element_type=\"container\">\n\t\t\t\t<div class=\"elementor-element elementor-element-0a9cbc1 elementor-invisible elementor-widget elementor-widget-image\" data-id=\"0a9cbc1\" data-element_type=\"widget\" data-settings=\"{&quot;_animation&quot;:&quot;fadeInLeft&quot;}\" data-widget_type=\"image.default\">\n\t\t\t\t<div class=\"elementor-widget-container\">\n\t\t\t\t\t\t\t\t\t\t\t\t\t\t\t<img decoding=\"async\" width=\"800\" height=\"533\" src=\"https:\/\/hotelsindhura.com\/wp-content\/uploads\/2023\/06\/Diseno-sin-titulo-_1_.webp\" class=\"attachment-large size-large wp-image-1795\" alt=\"golf en Vejer de la Frontera\" srcset=\"https:\/\/hotelsindhura.com\/wp-content\/uploads\/2023\/06\/Diseno-sin-titulo-_1_.webp 800w, https:\/\/hotelsindhura.com\/wp-content\/uploads\/2023\/06\/Diseno-sin-titulo-_1_-300x200.webp 300w, https:\/\/hotelsindhura.com\/wp-content\/uploads\/2023\/06\/Diseno-sin-titulo-_1_-768x512.webp 768w\" sizes=\"(max-width: 800px) 100vw, 800px\" \/>\t\t\t\t\t\t\t\t\t\t\t\t\t\t\t<\/div>\n\t\t\t\t<\/div>\n\t\t\t\t<\/div>\n\t\t<div class=\"elementor-element elementor-element-95f48d1 e-con-full contenedor e-flex elementor-invisible e-con e-child\" data-id=\"95f48d1\" data-element_type=\"container\" data-settings=\"{&quot;background_background&quot;:&quot;classic&quot;,&quot;animation&quot;:&quot;fadeInRight&quot;}\">\n\t\t\t\t<div class=\"elementor-element elementor-element-1d1f370 elementor-widget elementor-widget-heading\" data-id=\"1d1f370\" data-element_type=\"widget\" data-widget_type=\"heading.default\">\n\t\t\t\t<div class=\"elementor-widget-container\">\n\t\t\t\t\t<h2 class=\"elementor-heading-title elementor-size-default\">GOLFPL\u00c4TZE<\/h2>\t\t\t\t<\/div>\n\t\t\t\t<\/div>\n\t\t\t\t<div class=\"elementor-element elementor-element-d483500 elementor-widget elementor-widget-heading\" data-id=\"d483500\" data-element_type=\"widget\" data-widget_type=\"heading.default\">\n\t\t\t\t<div class=\"elementor-widget-container\">\n\t\t\t\t\t<h2 class=\"elementor-heading-title elementor-size-default\">Montecastillo, Benalup und Club de Golf Valderrama<\/h2>\t\t\t\t<\/div>\n\t\t\t\t<\/div>\n\t\t\t\t<div class=\"elementor-element elementor-element-080d130 elementor-widget elementor-widget-text-editor\" data-id=\"080d130\" data-element_type=\"widget\" data-widget_type=\"text-editor.default\">\n\t\t\t\t<div class=\"elementor-widget-container\">\n\t\t\t\t\t\t\t\t\tWenn Sie nach Nordosten fahren, erreichen Sie in weniger als einer Stunde die Stadt Jerez, in der sich mehrere Golfpl\u00e4tze befinden, darunter der ber\u00fchmte <a href=\"https:\/\/www.google.com\/search?gs_ssp=eJzj4tLP1TdITrbIyyo2YLRSMahIMUhJskg2NTA1NU9JS7G0MqiwtLRISgIKW1gmmxiYGKR5CeXm55WkJicWl2Tm5OQrpOfnpAEA2nUV3g&amp;q=montecastillo+golf&amp;rlz=1C5CHFA_enES943ES943&amp;oq=montecastill&amp;gs_lcrp=EgZjaHJvbWUqFggBEC4YrwEYxwEYgAQYmAUYmQUYngUyCggAEAAY4wIYgAQyFggBEC4YrwEYxwEYgAQYmAUYmQUYngUyBggCEEUYOTIHCAMQABiABDIHCAQQABiABDIHCAUQABiABDIHCAYQABiABDIHCAcQABiABDIHCAgQABiABDIHCAkQABiABNIBCDM3MDFqMGo3qAIAsAIA&amp;sourceid=chrome&amp;ie=UTF-8\" style=\"color: grey\">Montecastillo Golf<\/a>, der ebenfalls von Niklaus entworfen wurde.\n\nFahren Sie nach Westen und in 20 Minuten entdecken Sie Benalup Golf, einen fantastischen Platz mit Blick auf die Reisfelder von La Laguna de Janda und den Parque de los Alcornocales.\n\nDar\u00fcber hinaus haben wir in der luxuri\u00f6sen Urbanisation Sotogrande den Valderrama Golf Club, der als einer der schwierigsten in Europa gilt und in dem 1997 der Ryder Cup stattfand.\n\nGolf spielen in Vejer de la Frontera.\t\t\t\t\t\t\t\t<\/div>\n\t\t\t\t<\/div>\n\t\t\t\t<\/div>\n\t\t\t\t\t<\/div>\n\t\t\t\t<\/div>\n\t\t\t\t<section class=\"elementor-section elementor-top-section elementor-element elementor-element-916fde8 elementor-section-full_width elementor-section-height-default elementor-section-height-default\" data-id=\"916fde8\" data-element_type=\"section\">\n\t\t\t\t\t\t<div class=\"elementor-container elementor-column-gap-default\">\n\t\t\t\t\t<div class=\"elementor-column elementor-col-100 elementor-top-column elementor-element elementor-element-0470019\" data-id=\"0470019\" data-element_type=\"column\">\n\t\t\t<div class=\"elementor-widget-wrap elementor-element-populated\">\n\t\t\t\t\t\t<div class=\"elementor-element elementor-element-a107926 elementor-widget elementor-widget-image\" data-id=\"a107926\" data-element_type=\"widget\" data-widget_type=\"image.default\">\n\t\t\t\t<div class=\"elementor-widget-container\">\n\t\t\t\t\t\t\t\t\t\t\t\t\t\t\t<img decoding=\"async\" src=\"https:\/\/hotelsindhura.com\/wp-content\/uploads\/elementor\/thumbs\/Captura-de-Pantalla-2023-05-24-a-las-12.10.42-1-1-q6xjgyszbbtzkj9jeog6z943p8ke230pi20sz204r6.png\" title=\"Captura de Pantalla 2023-05-24 a las 12.10.42 (1) (1)\" alt=\"Captura de Pantalla 2023-05-24 a las 12.10.42 (1) (1)\" loading=\"lazy\" \/>\t\t\t\t\t\t\t\t\t\t\t\t\t\t\t<\/div>\n\t\t\t\t<\/div>\n\t\t\t\t\t<\/div>\n\t\t<\/div>\n\t\t\t\t\t<\/div>\n\t\t<\/section>\n\t\t<div class=\"elementor-element elementor-element-8702a12 e-flex e-con-boxed e-con e-parent\" data-id=\"8702a12\" data-element_type=\"container\">\n\t\t\t\t\t<div class=\"e-con-inner\">\n\t\t<div class=\"elementor-element elementor-element-eb08adf e-con-full contenedor e-flex elementor-invisible e-con e-child\" data-id=\"eb08adf\" data-element_type=\"container\" data-settings=\"{&quot;background_background&quot;:&quot;classic&quot;,&quot;animation&quot;:&quot;fadeInLeft&quot;}\">\n\t\t\t\t<div class=\"elementor-element elementor-element-06a2a28 elementor-widget elementor-widget-heading\" data-id=\"06a2a28\" data-element_type=\"widget\" data-widget_type=\"heading.default\">\n\t\t\t\t<div class=\"elementor-widget-container\">\n\t\t\t\t\t<h2 class=\"elementor-heading-title elementor-size-default\">GOLFPL\u00c4TZE<\/h2>\t\t\t\t<\/div>\n\t\t\t\t<\/div>\n\t\t\t\t<div class=\"elementor-element elementor-element-34a188b elementor-widget elementor-widget-heading\" data-id=\"34a188b\" data-element_type=\"widget\" data-widget_type=\"heading.default\">\n\t\t\t\t<div class=\"elementor-widget-container\">\n\t\t\t\t\t<h2 class=\"elementor-heading-title elementor-size-default\">Montenmedio und Novo Sancti Petri<\/h2>\t\t\t\t<\/div>\n\t\t\t\t<\/div>\n\t\t\t\t<div class=\"elementor-element elementor-element-a82ee6e elementor-widget elementor-widget-text-editor\" data-id=\"a82ee6e\" data-element_type=\"widget\" data-widget_type=\"text-editor.default\">\n\t\t\t\t<div class=\"elementor-widget-container\">\n\t\t\t\t\t\t\t\t\t<p>Die Costa de la Luz entwickelt sich zu einem der bevorzugten Reiseziele in Spanien f\u00fcr Golfspieler. Aufgrund seiner Lage ist das Hotel Sindhura ein idealer Ort f\u00fcr einen Golfurlaub.<\/p>\n<p>Das beeindruckende nat\u00fcrliche Licht, eines der w\u00e4rmsten Klimazonen in ganz Europa und die beeindruckende Aussicht auf die Natur.<\/p>\n<p>Nur 10 Minuten s\u00fcdlich liegt Montenmedio, ein gro\u00dfartiger Platz, der vom legend\u00e4ren Jack Niklaus entworfen wurde und auf dem die besten Turniere der Gegend stattfinden. Wenn Sie 20 Minuten in die andere Richtung fahren, finden Sie den Novo Sancti Petri Golf Club, der vom gro\u00dfen Champion Seve Ballesteros entworfen wurde.<\/p>\n<p>Golf spielen in der N\u00e4he von Vejer de la Frontera.<\/p>\n\t\t\t\t\t\t\t\t<\/div>\n\t\t\t\t<\/div>\n\t\t\t\t<\/div>\n\t\t<div class=\"elementor-element elementor-element-80f7ee3 e-con-full e-flex elementor-invisible e-con e-child\" data-id=\"80f7ee3\" data-element_type=\"container\" data-settings=\"{&quot;animation&quot;:&quot;fadeInRight&quot;}\">\n\t\t\t\t<div class=\"elementor-element elementor-element-d3a665f elementor-widget elementor-widget-image\" data-id=\"d3a665f\" data-element_type=\"widget\" data-widget_type=\"image.default\">\n\t\t\t\t<div class=\"elementor-widget-container\">\n\t\t\t\t\t\t\t\t\t\t\t\t\t\t\t<img decoding=\"async\" width=\"800\" height=\"534\" src=\"https:\/\/hotelsindhura.com\/wp-content\/uploads\/2023\/06\/Diseno-sin-titulo-_2_-1024x683.webp\" class=\"attachment-large size-large wp-image-1799\" alt=\"golf en Vejer de la Frontera\" srcset=\"https:\/\/hotelsindhura.com\/wp-content\/uploads\/2023\/06\/Diseno-sin-titulo-_2_-1024x683.webp 1024w, https:\/\/hotelsindhura.com\/wp-content\/uploads\/2023\/06\/Diseno-sin-titulo-_2_-300x200.webp 300w, https:\/\/hotelsindhura.com\/wp-content\/uploads\/2023\/06\/Diseno-sin-titulo-_2_-768x512.webp 768w, https:\/\/hotelsindhura.com\/wp-content\/uploads\/2023\/06\/Diseno-sin-titulo-_2_.webp 1200w\" sizes=\"(max-width: 800px) 100vw, 800px\" \/>\t\t\t\t\t\t\t\t\t\t\t\t\t\t\t<\/div>\n\t\t\t\t<\/div>\n\t\t\t\t<\/div>\n\t\t\t\t\t<\/div>\n\t\t\t\t<\/div>\n\t\t\t\t<\/div>\n\t\t","protected":false},"excerpt":{"rendered":"<p>Sindhura Hotel f\u00fcr Golfliebhaber in Vejer de la Frontera Die Costa de la Luz entwickelt sich zu einem der bevorzugten Reiseziele in Spanien f\u00fcr Golfspieler. Seine Lage macht das Hotel Sindhura zu einem idealen Ort f\u00fcr einen Golfurlaub in der N\u00e4he von Vejer de la Frontera. Das beeindruckende nat\u00fcrliche Licht, eines der w\u00e4rmsten Klimas in [&hellip;]<\/p>\n","protected":false},"author":2,"featured_media":0,"parent":0,"menu_order":0,"comment_status":"closed","ping_status":"closed","template":"","meta":{"footnotes":""},"class_list":["post-890","page","type-page","status-publish","hentry"],"yoast_head":"<!-- This site is optimized with the Yoast SEO plugin v24.6 - https:\/\/yoast.com\/wordpress\/plugins\/seo\/ -->\n<title>Golf in Vejer de la Frontera<\/title>\n<meta name=\"description\" content=\"Genie\u00dfen Sie einen Tag Golf in der N\u00e4he von Vejer de la Frontera, wo Sie einen unglaublichen Tag mit perfekten Einrichtungen verbringen werden.\" \/>\n<meta name=\"robots\" content=\"index, follow, max-snippet:-1, max-image-preview:large, max-video-preview:-1\" \/>\n<link rel=\"canonical\" href=\"https:\/\/hotelsindhura.com\/de\/golf-spielen-an-der-costa-de-la-luz\/\" \/>\n<meta property=\"og:locale\" content=\"de_DE\" \/>\n<meta property=\"og:type\" content=\"article\" \/>\n<meta property=\"og:title\" content=\"Golf in Vejer de la Frontera\" \/>\n<meta property=\"og:description\" content=\"Genie\u00dfen Sie einen Tag Golf in der N\u00e4he von Vejer de la Frontera, wo Sie einen unglaublichen Tag mit perfekten Einrichtungen verbringen werden.\" \/>\n<meta property=\"og:url\" content=\"https:\/\/hotelsindhura.com\/de\/golf-spielen-an-der-costa-de-la-luz\/\" \/>\n<meta property=\"og:site_name\" content=\"Hotel Sindhura\" \/>\n<meta property=\"article:modified_time\" content=\"2023-06-11T12:58:49+00:00\" \/>\n<meta name=\"twitter:card\" content=\"summary_large_image\" \/>\n<meta name=\"twitter:label1\" content=\"Gesch\u00e4tzte Lesezeit\" \/>\n\t<meta name=\"twitter:data1\" content=\"3\u00a0Minuten\" \/>\n<script type=\"application\/ld+json\" class=\"yoast-schema-graph\">{\"@context\":\"https:\/\/schema.org\",\"@graph\":[{\"@type\":\"WebPage\",\"@id\":\"https:\/\/hotelsindhura.com\/de\/golf-spielen-an-der-costa-de-la-luz\/\",\"url\":\"https:\/\/hotelsindhura.com\/de\/golf-spielen-an-der-costa-de-la-luz\/\",\"name\":\"Golf in Vejer de la Frontera\",\"isPartOf\":{\"@id\":\"https:\/\/www.hotelsindhura.com\/de\/#website\"},\"datePublished\":\"2023-04-03T06:29:42+00:00\",\"dateModified\":\"2023-06-11T12:58:49+00:00\",\"description\":\"Genie\u00dfen Sie einen Tag Golf in der N\u00e4he von Vejer de la Frontera, wo Sie einen unglaublichen Tag mit perfekten Einrichtungen verbringen werden.\",\"breadcrumb\":{\"@id\":\"https:\/\/hotelsindhura.com\/de\/golf-spielen-an-der-costa-de-la-luz\/#breadcrumb\"},\"inLanguage\":\"de\",\"potentialAction\":[{\"@type\":\"ReadAction\",\"target\":[\"https:\/\/hotelsindhura.com\/de\/golf-spielen-an-der-costa-de-la-luz\/\"]}]},{\"@type\":\"BreadcrumbList\",\"@id\":\"https:\/\/hotelsindhura.com\/de\/golf-spielen-an-der-costa-de-la-luz\/#breadcrumb\",\"itemListElement\":[{\"@type\":\"ListItem\",\"position\":1,\"name\":\"Portada\",\"item\":\"https:\/\/www.hotelsindhura.com\/de\/\"},{\"@type\":\"ListItem\",\"position\":2,\"name\":\"Golf spielen an der Costa de la Luz\"}]},{\"@type\":\"WebSite\",\"@id\":\"https:\/\/www.hotelsindhura.com\/de\/#website\",\"url\":\"https:\/\/www.hotelsindhura.com\/de\/\",\"name\":\"Hotel Sindhura\",\"description\":\"\",\"publisher\":{\"@id\":\"https:\/\/www.hotelsindhura.com\/de\/#organization\"},\"potentialAction\":[{\"@type\":\"SearchAction\",\"target\":{\"@type\":\"EntryPoint\",\"urlTemplate\":\"https:\/\/www.hotelsindhura.com\/de\/?s={search_term_string}\"},\"query-input\":{\"@type\":\"PropertyValueSpecification\",\"valueRequired\":true,\"valueName\":\"search_term_string\"}}],\"inLanguage\":\"de\"},{\"@type\":\"Organization\",\"@id\":\"https:\/\/www.hotelsindhura.com\/de\/#organization\",\"name\":\"Hotel Sindhura\",\"alternateName\":\"Hotel Sindhura\",\"url\":\"https:\/\/www.hotelsindhura.com\/de\/\",\"logo\":{\"@type\":\"ImageObject\",\"inLanguage\":\"de\",\"@id\":\"https:\/\/www.hotelsindhura.com\/de\/#\/schema\/logo\/image\/\",\"url\":\"\/\/\/wp-content\/uploads\/2023\/06\/WhatsApp-Image-2023-06-05-at-12.35.42.jpeg\",\"contentUrl\":\"\/\/\/wp-content\/uploads\/2023\/06\/WhatsApp-Image-2023-06-05-at-12.35.42.jpeg\",\"width\":1064,\"height\":1428,\"caption\":\"Hotel Sindhura\"},\"image\":{\"@id\":\"https:\/\/www.hotelsindhura.com\/de\/#\/schema\/logo\/image\/\"}}]}<\/script>\n<!-- \/ Yoast SEO plugin. -->","yoast_head_json":{"title":"Golf in Vejer de la Frontera","description":"Genie\u00dfen Sie einen Tag Golf in der N\u00e4he von Vejer de la Frontera, wo Sie einen unglaublichen Tag mit perfekten Einrichtungen verbringen werden.","robots":{"index":"index","follow":"follow","max-snippet":"max-snippet:-1","max-image-preview":"max-image-preview:large","max-video-preview":"max-video-preview:-1"},"canonical":"https:\/\/hotelsindhura.com\/de\/golf-spielen-an-der-costa-de-la-luz\/","og_locale":"de_DE","og_type":"article","og_title":"Golf in Vejer de la Frontera","og_description":"Genie\u00dfen Sie einen Tag Golf in der N\u00e4he von Vejer de la Frontera, wo Sie einen unglaublichen Tag mit perfekten Einrichtungen verbringen werden.","og_url":"https:\/\/hotelsindhura.com\/de\/golf-spielen-an-der-costa-de-la-luz\/","og_site_name":"Hotel Sindhura","article_modified_time":"2023-06-11T12:58:49+00:00","twitter_card":"summary_large_image","twitter_misc":{"Gesch\u00e4tzte Lesezeit":"3\u00a0Minuten"},"schema":{"@context":"https:\/\/schema.org","@graph":[{"@type":"WebPage","@id":"https:\/\/hotelsindhura.com\/de\/golf-spielen-an-der-costa-de-la-luz\/","url":"https:\/\/hotelsindhura.com\/de\/golf-spielen-an-der-costa-de-la-luz\/","name":"Golf in Vejer de la Frontera","isPartOf":{"@id":"https:\/\/www.hotelsindhura.com\/de\/#website"},"datePublished":"2023-04-03T06:29:42+00:00","dateModified":"2023-06-11T12:58:49+00:00","description":"Genie\u00dfen Sie einen Tag Golf in der N\u00e4he von Vejer de la Frontera, wo Sie einen unglaublichen Tag mit perfekten Einrichtungen verbringen werden.","breadcrumb":{"@id":"https:\/\/hotelsindhura.com\/de\/golf-spielen-an-der-costa-de-la-luz\/#breadcrumb"},"inLanguage":"de","potentialAction":[{"@type":"ReadAction","target":["https:\/\/hotelsindhura.com\/de\/golf-spielen-an-der-costa-de-la-luz\/"]}]},{"@type":"BreadcrumbList","@id":"https:\/\/hotelsindhura.com\/de\/golf-spielen-an-der-costa-de-la-luz\/#breadcrumb","itemListElement":[{"@type":"ListItem","position":1,"name":"Portada","item":"https:\/\/www.hotelsindhura.com\/de\/"},{"@type":"ListItem","position":2,"name":"Golf spielen an der Costa de la Luz"}]},{"@type":"WebSite","@id":"https:\/\/www.hotelsindhura.com\/de\/#website","url":"https:\/\/www.hotelsindhura.com\/de\/","name":"Hotel Sindhura","description":"","publisher":{"@id":"https:\/\/www.hotelsindhura.com\/de\/#organization"},"potentialAction":[{"@type":"SearchAction","target":{"@type":"EntryPoint","urlTemplate":"https:\/\/www.hotelsindhura.com\/de\/?s={search_term_string}"},"query-input":{"@type":"PropertyValueSpecification","valueRequired":true,"valueName":"search_term_string"}}],"inLanguage":"de"},{"@type":"Organization","@id":"https:\/\/www.hotelsindhura.com\/de\/#organization","name":"Hotel Sindhura","alternateName":"Hotel Sindhura","url":"https:\/\/www.hotelsindhura.com\/de\/","logo":{"@type":"ImageObject","inLanguage":"de","@id":"https:\/\/www.hotelsindhura.com\/de\/#\/schema\/logo\/image\/","url":"\/\/\/wp-content\/uploads\/2023\/06\/WhatsApp-Image-2023-06-05-at-12.35.42.jpeg","contentUrl":"\/\/\/wp-content\/uploads\/2023\/06\/WhatsApp-Image-2023-06-05-at-12.35.42.jpeg","width":1064,"height":1428,"caption":"Hotel Sindhura"},"image":{"@id":"https:\/\/www.hotelsindhura.com\/de\/#\/schema\/logo\/image\/"}}]}},"_links":{"self":[{"href":"https:\/\/hotelsindhura.com\/de\/wp-json\/wp\/v2\/pages\/890","targetHints":{"allow":["GET"]}}],"collection":[{"href":"https:\/\/hotelsindhura.com\/de\/wp-json\/wp\/v2\/pages"}],"about":[{"href":"https:\/\/hotelsindhura.com\/de\/wp-json\/wp\/v2\/types\/page"}],"author":[{"embeddable":true,"href":"https:\/\/hotelsindhura.com\/de\/wp-json\/wp\/v2\/users\/2"}],"replies":[{"embeddable":true,"href":"https:\/\/hotelsindhura.com\/de\/wp-json\/wp\/v2\/comments?post=890"}],"version-history":[{"count":12,"href":"https:\/\/hotelsindhura.com\/de\/wp-json\/wp\/v2\/pages\/890\/revisions"}],"predecessor-version":[{"id":3221,"href":"https:\/\/hotelsindhura.com\/de\/wp-json\/wp\/v2\/pages\/890\/revisions\/3221"}],"wp:attachment":[{"href":"https:\/\/hotelsindhura.com\/de\/wp-json\/wp\/v2\/media?parent=890"}],"curies":[{"name":"wp","href":"https:\/\/api.w.org\/{rel}","templated":true}]}}