{"id":828,"date":"2023-04-03T06:28:02","date_gmt":"2023-04-03T06:28:02","guid":{"rendered":"https:\/die-fahrt-geniessen\/"},"modified":"2023-06-06T11:22:28","modified_gmt":"2023-06-06T11:22:28","slug":"die-fahrt-geniessen","status":"publish","type":"page","link":"https:\/\/hotelsindhura.com\/de\/die-fahrt-geniessen\/","title":{"rendered":"Die Fahrt genie\u00dfen"},"content":{"rendered":"\t\t<div data-elementor-type=\"wp-page\" data-elementor-id=\"828\" class=\"elementor elementor-828\" data-elementor-post-type=\"page\">\n\t\t\t\t<div class=\"elementor-element elementor-element-0e61279 e-con-full e-flex e-con e-parent\" data-id=\"0e61279\" data-element_type=\"container\">\n\t\t\t\t<div class=\"elementor-element elementor-element-9dd3f5d elementor-widget__width-inherit elementor-widget elementor-widget-image\" data-id=\"9dd3f5d\" data-element_type=\"widget\" data-widget_type=\"image.default\">\n\t\t\t\t<div class=\"elementor-widget-container\">\n\t\t\t\t\t\t\t\t\t\t\t\t\t\t\t<img fetchpriority=\"high\" decoding=\"async\" width=\"2000\" height=\"400\" src=\"https:\/\/hotelsindhura.com\/wp-content\/uploads\/2023\/06\/Diseno-sin-titulo-26.webp\" class=\"attachment-2048x2048 size-2048x2048 wp-image-2033\" alt=\"Rutas en Vejer de la Frontera\" srcset=\"https:\/\/hotelsindhura.com\/wp-content\/uploads\/2023\/06\/Diseno-sin-titulo-26.webp 2000w, https:\/\/hotelsindhura.com\/wp-content\/uploads\/2023\/06\/Diseno-sin-titulo-26-300x60.webp 300w, https:\/\/hotelsindhura.com\/wp-content\/uploads\/2023\/06\/Diseno-sin-titulo-26-1024x205.webp 1024w, https:\/\/hotelsindhura.com\/wp-content\/uploads\/2023\/06\/Diseno-sin-titulo-26-768x154.webp 768w, https:\/\/hotelsindhura.com\/wp-content\/uploads\/2023\/06\/Diseno-sin-titulo-26-1536x307.webp 1536w\" sizes=\"(max-width: 2000px) 100vw, 2000px\" \/>\t\t\t\t\t\t\t\t\t\t\t\t\t\t\t<\/div>\n\t\t\t\t<\/div>\n\t\t\t\t<\/div>\n\t\t<div class=\"elementor-element elementor-element-d01b362 e-flex e-con-boxed e-con e-parent\" data-id=\"d01b362\" data-element_type=\"container\" data-settings=\"{&quot;background_background&quot;:&quot;classic&quot;}\">\n\t\t\t\t\t<div class=\"e-con-inner\">\n\t\t\t\t<div class=\"elementor-element elementor-element-a7d4df0 elementor-widget elementor-widget-heading\" data-id=\"a7d4df0\" data-element_type=\"widget\" data-widget_type=\"heading.default\">\n\t\t\t\t<div class=\"elementor-widget-container\">\n\t\t\t\t\t<h2 class=\"elementor-heading-title elementor-size-default\">Zu Fu\u00df gehen, Radfahren und Fahrradfahren.<\/h2>\t\t\t\t<\/div>\n\t\t\t\t<\/div>\n\t\t\t\t<div class=\"elementor-element elementor-element-8c6b1df elementor-widget elementor-widget-text-editor\" data-id=\"8c6b1df\" data-element_type=\"widget\" data-widget_type=\"text-editor.default\">\n\t\t\t\t<div class=\"elementor-widget-container\">\n\t\t\t\t\t\t\t\t\t<p style=\"text-align: center;\">Wenn du etwas Bewegung mit frischer Luft und atemberaubenden Ausblicken von <a href=\"https:\/de\/\">Sindhura<\/a> verbinden m\u00f6chtest, wirst du feststellen, dass diese Gegend viele M\u00f6glichkeiten zum Wandern, Radfahren oder Reiten bietet. Genie\u00dfe die besten Routen in Vejer de la Frontera.<\/p>\n\t\t\t\t\t\t\t\t<\/div>\n\t\t\t\t<\/div>\n\t\t\t\t\t<\/div>\n\t\t\t\t<\/div>\n\t\t<div class=\"elementor-element elementor-element-e89f72e e-flex e-con-boxed e-con e-parent\" data-id=\"e89f72e\" data-element_type=\"container\">\n\t\t\t\t\t<div class=\"e-con-inner\">\n\t\t\t\t<div class=\"elementor-element elementor-element-43c8c66 elementor-widget elementor-widget-image\" data-id=\"43c8c66\" data-element_type=\"widget\" data-widget_type=\"image.default\">\n\t\t\t\t<div class=\"elementor-widget-container\">\n\t\t\t\t\t\t\t\t\t\t\t\t\t\t\t<img decoding=\"async\" src=\"https:\/\/hotelsindhura.com\/wp-content\/uploads\/elementor\/thumbs\/Captura-de-Pantalla-2023-05-24-a-las-12.10.42-1-1-q6xjgyszbbtzkj9jeog6z943p8ke230pi20sz204r6.png\" title=\"Captura de Pantalla 2023-05-24 a las 12.10.42 (1) (1)\" alt=\"Captura de Pantalla 2023-05-24 a las 12.10.42 (1) (1)\" loading=\"lazy\" \/>\t\t\t\t\t\t\t\t\t\t\t\t\t\t\t<\/div>\n\t\t\t\t<\/div>\n\t\t\t\t\t<\/div>\n\t\t\t\t<\/div>\n\t\t\t\t<section class=\"elementor-section elementor-top-section elementor-element elementor-element-c522854 elementor-section-full_width elementor-section-height-default elementor-section-height-default\" data-id=\"c522854\" data-element_type=\"section\">\n\t\t\t\t\t\t<div class=\"elementor-container elementor-column-gap-default\">\n\t\t\t\t\t<div class=\"elementor-column elementor-col-100 elementor-top-column elementor-element elementor-element-1173da7\" data-id=\"1173da7\" data-element_type=\"column\">\n\t\t\t<div class=\"elementor-widget-wrap elementor-element-populated\">\n\t\t\t\t\t\t<section class=\"elementor-section elementor-inner-section elementor-element elementor-element-358bc7c elementor-section-boxed elementor-section-height-default elementor-section-height-default\" data-id=\"358bc7c\" data-element_type=\"section\" data-settings=\"{&quot;background_background&quot;:&quot;classic&quot;}\">\n\t\t\t\t\t\t<div class=\"elementor-container elementor-column-gap-default\">\n\t\t\t\t\t<div class=\"elementor-column elementor-col-50 elementor-inner-column elementor-element elementor-element-efd3979 elementor-invisible\" data-id=\"efd3979\" data-element_type=\"column\" data-settings=\"{&quot;animation&quot;:&quot;slideInLeft&quot;}\">\n\t\t\t<div class=\"elementor-widget-wrap elementor-element-populated\">\n\t\t\t\t\t\t<div class=\"elementor-element elementor-element-04afb5b elementor-widget elementor-widget-heading\" data-id=\"04afb5b\" data-element_type=\"widget\" data-widget_type=\"heading.default\">\n\t\t\t\t<div class=\"elementor-widget-container\">\n\t\t\t\t\t<h3 class=\"elementor-heading-title elementor-size-default\"><h3 style=\"font-family: Open Sans;font-weight: 300;font-size: 27px;text-align: center;color: #e6561f\">Gehen<\/h3><\/h3>\t\t\t\t<\/div>\n\t\t\t\t<\/div>\n\t\t\t\t<div class=\"elementor-element elementor-element-bd7894a elementor-widget elementor-widget-text-editor\" data-id=\"bd7894a\" data-element_type=\"widget\" data-widget_type=\"text-editor.default\">\n\t\t\t\t<div class=\"elementor-widget-container\">\n\t\t\t\t\t\t\t\t\t<p>Nur einen Schritt vom Hotel entfernt, kannst Du schon das zauberhafte l\u00e4ndliche Andalusien geniessen. Wir k\u00f6nnen Dir die Richtung f\u00fcr Deinen Spaziergang zeigen.<\/p>\n<p>Wir k\u00f6nnen Ihnen die Richtung f\u00fcr Ihren Spaziergang angeben, und mit nur einer kurzen Autofahrt k\u00f6nnen Sie stundenlang entlang des 12 km langen Strandes von El Palmar spazieren oder den Naturpark La Bre\u00f1a mit seinen beeindruckenden Klippen und ausgedehnten Pinienw\u00e4ldern erkunden, wo Sie atemberaubende Landschaften finden werden, die den Atem rauben.<\/p>\n\t\t\t\t\t\t\t\t<\/div>\n\t\t\t\t<\/div>\n\t\t\t\t\t<\/div>\n\t\t<\/div>\n\t\t\t\t<div class=\"elementor-column elementor-col-50 elementor-inner-column elementor-element elementor-element-5af4d1c\" data-id=\"5af4d1c\" data-element_type=\"column\">\n\t\t\t<div class=\"elementor-widget-wrap elementor-element-populated\">\n\t\t\t\t\t\t<div class=\"elementor-element elementor-element-6e72ad1 elementor-invisible elementor-widget elementor-widget-image\" data-id=\"6e72ad1\" data-element_type=\"widget\" data-settings=\"{&quot;_animation&quot;:&quot;slideInRight&quot;}\" data-widget_type=\"image.default\">\n\t\t\t\t<div class=\"elementor-widget-container\">\n\t\t\t\t\t\t\t\t\t\t\t\t\t\t\t<img decoding=\"async\" width=\"800\" height=\"534\" src=\"https:\/\/hotelsindhura.com\/wp-content\/uploads\/2023\/06\/Diseno-sin-titulo-30-1-1024x683.webp\" class=\"attachment-large size-large wp-image-2050\" alt=\"Rutas en Vejer de la Frontera\" srcset=\"https:\/\/hotelsindhura.com\/wp-content\/uploads\/2023\/06\/Diseno-sin-titulo-30-1-1024x683.webp 1024w, https:\/\/hotelsindhura.com\/wp-content\/uploads\/2023\/06\/Diseno-sin-titulo-30-1-300x200.webp 300w, https:\/\/hotelsindhura.com\/wp-content\/uploads\/2023\/06\/Diseno-sin-titulo-30-1-768x512.webp 768w, https:\/\/hotelsindhura.com\/wp-content\/uploads\/2023\/06\/Diseno-sin-titulo-30-1.webp 1200w\" sizes=\"(max-width: 800px) 100vw, 800px\" \/>\t\t\t\t\t\t\t\t\t\t\t\t\t\t\t<\/div>\n\t\t\t\t<\/div>\n\t\t\t\t\t<\/div>\n\t\t<\/div>\n\t\t\t\t\t<\/div>\n\t\t<\/section>\n\t\t\t\t\t<\/div>\n\t\t<\/div>\n\t\t\t\t\t<\/div>\n\t\t<\/section>\n\t\t<div class=\"elementor-element elementor-element-4c93674 e-flex e-con-boxed e-con e-parent\" data-id=\"4c93674\" data-element_type=\"container\">\n\t\t\t\t\t<div class=\"e-con-inner\">\n\t\t\t\t<div class=\"elementor-element elementor-element-3b6b45b elementor-widget elementor-widget-image\" data-id=\"3b6b45b\" data-element_type=\"widget\" data-widget_type=\"image.default\">\n\t\t\t\t<div class=\"elementor-widget-container\">\n\t\t\t\t\t\t\t\t\t\t\t\t\t\t\t<img decoding=\"async\" src=\"https:\/\/hotelsindhura.com\/wp-content\/uploads\/elementor\/thumbs\/Captura-de-Pantalla-2023-05-24-a-las-12.10.42-1-1-q6xjgyszbbtzkj9jeog6z943p8ke230pi20sz204r6.png\" title=\"Captura de Pantalla 2023-05-24 a las 12.10.42 (1) (1)\" alt=\"Captura de Pantalla 2023-05-24 a las 12.10.42 (1) (1)\" loading=\"lazy\" \/>\t\t\t\t\t\t\t\t\t\t\t\t\t\t\t<\/div>\n\t\t\t\t<\/div>\n\t\t\t\t\t<\/div>\n\t\t\t\t<\/div>\n\t\t\t\t<section class=\"elementor-section elementor-top-section elementor-element elementor-element-514503c elementor-section-full_width elementor-section-height-default elementor-section-height-default elementor-invisible\" data-id=\"514503c\" data-element_type=\"section\" data-settings=\"{&quot;animation&quot;:&quot;slideInUp&quot;}\">\n\t\t\t\t\t\t<div class=\"elementor-container elementor-column-gap-default\">\n\t\t\t\t\t<div class=\"elementor-column elementor-col-100 elementor-top-column elementor-element elementor-element-eef66ec\" data-id=\"eef66ec\" data-element_type=\"column\">\n\t\t\t<div class=\"elementor-widget-wrap elementor-element-populated\">\n\t\t\t\t\t\t<section class=\"elementor-section elementor-inner-section elementor-element elementor-element-71599b9 elementor-section-boxed elementor-section-height-default elementor-section-height-default\" data-id=\"71599b9\" data-element_type=\"section\" data-settings=\"{&quot;background_background&quot;:&quot;classic&quot;}\">\n\t\t\t\t\t\t<div class=\"elementor-container elementor-column-gap-default\">\n\t\t\t\t\t<div class=\"elementor-column elementor-col-50 elementor-inner-column elementor-element elementor-element-c5ecc8b\" data-id=\"c5ecc8b\" data-element_type=\"column\">\n\t\t\t<div class=\"elementor-widget-wrap elementor-element-populated\">\n\t\t\t\t\t\t<div class=\"elementor-element elementor-element-6625dba elementor-widget elementor-widget-image\" data-id=\"6625dba\" data-element_type=\"widget\" data-widget_type=\"image.default\">\n\t\t\t\t<div class=\"elementor-widget-container\">\n\t\t\t\t\t\t\t\t\t\t\t\t\t\t\t<img decoding=\"async\" width=\"800\" height=\"534\" src=\"https:\/\/hotelsindhura.com\/wp-content\/uploads\/2023\/06\/Diseno-sin-titulo-29-1024x683.webp\" class=\"attachment-large size-large wp-image-2042\" alt=\"Rutas en Vejer de la Frontera\" srcset=\"https:\/\/hotelsindhura.com\/wp-content\/uploads\/2023\/06\/Diseno-sin-titulo-29-1024x683.webp 1024w, https:\/\/hotelsindhura.com\/wp-content\/uploads\/2023\/06\/Diseno-sin-titulo-29-300x200.webp 300w, https:\/\/hotelsindhura.com\/wp-content\/uploads\/2023\/06\/Diseno-sin-titulo-29-768x512.webp 768w, https:\/\/hotelsindhura.com\/wp-content\/uploads\/2023\/06\/Diseno-sin-titulo-29.webp 1200w\" sizes=\"(max-width: 800px) 100vw, 800px\" \/>\t\t\t\t\t\t\t\t\t\t\t\t\t\t\t<\/div>\n\t\t\t\t<\/div>\n\t\t\t\t\t<\/div>\n\t\t<\/div>\n\t\t\t\t<div class=\"elementor-column elementor-col-50 elementor-inner-column elementor-element elementor-element-9f84227\" data-id=\"9f84227\" data-element_type=\"column\" data-settings=\"{&quot;background_background&quot;:&quot;classic&quot;}\">\n\t\t\t<div class=\"elementor-widget-wrap elementor-element-populated\">\n\t\t\t\t\t\t<div class=\"elementor-element elementor-element-21b779b elementor-widget elementor-widget-heading\" data-id=\"21b779b\" data-element_type=\"widget\" data-widget_type=\"heading.default\">\n\t\t\t\t<div class=\"elementor-widget-container\">\n\t\t\t\t\t<h2 class=\"elementor-heading-title elementor-size-default\"><h3 style=\"font-family: Open Sans;font-weight: 300;margin: 0px 0px 5px 0px;font-size: 27px;text-align: center;color: #e6561f\"> Radfahren. <\/h3><\/h2>\t\t\t\t<\/div>\n\t\t\t\t<\/div>\n\t\t\t\t<div class=\"elementor-element elementor-element-65dc81b elementor-widget elementor-widget-text-editor\" data-id=\"65dc81b\" data-element_type=\"widget\" data-widget_type=\"text-editor.default\">\n\t\t\t\t<div class=\"elementor-widget-container\">\n\t\t\t\t\t\t\t\t\t<p style=\"text-align: center;\">Entdecke die unglaubliche Vielfalt der Costa de la Luz, w\u00e4hrend du mit dem Fahrrad f\u00e4hrst, sei es alleine oder in Begleitung von Freunden. <\/p>\n<p style=\"text-align: center;\">Erkunde jenseits des Kaps von Trafalgar, tauche ein in die kurvenreichen Wege des <a href=\"https:\/\/es.wikipedia.org\/wiki\/Parque_natural_de_La_Bre%C3%B1a_y_Marismas_del_Barbate\">Parque de la Bre\u00f1a<\/a>, die dich bis nach Barbate f\u00fchren. Wage es, dich nach Conil zu wagen, oder tauche ein in die \u00fcppigen Pfade des Parque de los Alcornocales. <\/p>\n<p style=\"text-align: center;\">Auf jeder Route erwarten dich atemberaubende Landschaften und eine tiefe Verbindung zur Natur. Verpasse nicht die Gelegenheit, die Costa de la Luz in ihrer ganzen Pracht auf zwei R\u00e4dern zu erleben. Dein Fahrradabenteuer wartet auf dich!<\/p>\n\t\t\t\t\t\t\t\t<\/div>\n\t\t\t\t<\/div>\n\t\t\t\t\t<\/div>\n\t\t<\/div>\n\t\t\t\t\t<\/div>\n\t\t<\/section>\n\t\t\t\t\t<\/div>\n\t\t<\/div>\n\t\t\t\t\t<\/div>\n\t\t<\/section>\n\t\t<div class=\"elementor-element elementor-element-5762010 e-flex e-con-boxed e-con e-parent\" data-id=\"5762010\" data-element_type=\"container\">\n\t\t\t\t\t<div class=\"e-con-inner\">\n\t\t\t\t<div class=\"elementor-element elementor-element-14c63ae elementor-widget elementor-widget-image\" data-id=\"14c63ae\" data-element_type=\"widget\" data-widget_type=\"image.default\">\n\t\t\t\t<div class=\"elementor-widget-container\">\n\t\t\t\t\t\t\t\t\t\t\t\t\t\t\t<img decoding=\"async\" src=\"https:\/\/hotelsindhura.com\/wp-content\/uploads\/elementor\/thumbs\/Captura-de-Pantalla-2023-05-24-a-las-12.10.42-1-1-q6xjgyszbbtzkj9jeog6z943p8ke230pi20sz204r6.png\" title=\"Captura de Pantalla 2023-05-24 a las 12.10.42 (1) (1)\" alt=\"Captura de Pantalla 2023-05-24 a las 12.10.42 (1) (1)\" loading=\"lazy\" \/>\t\t\t\t\t\t\t\t\t\t\t\t\t\t\t<\/div>\n\t\t\t\t<\/div>\n\t\t\t\t\t<\/div>\n\t\t\t\t<\/div>\n\t\t\t\t<section class=\"elementor-section elementor-top-section elementor-element elementor-element-027b00e elementor-section-full_width elementor-section-height-default elementor-section-height-default\" data-id=\"027b00e\" data-element_type=\"section\">\n\t\t\t\t\t\t<div class=\"elementor-container elementor-column-gap-default\">\n\t\t\t\t\t<div class=\"elementor-column elementor-col-100 elementor-top-column elementor-element elementor-element-f3fce00\" data-id=\"f3fce00\" data-element_type=\"column\">\n\t\t\t<div class=\"elementor-widget-wrap elementor-element-populated\">\n\t\t\t\t\t\t<section class=\"elementor-section elementor-inner-section elementor-element elementor-element-79ee531 elementor-section-boxed elementor-section-height-default elementor-section-height-default\" data-id=\"79ee531\" data-element_type=\"section\" data-settings=\"{&quot;background_background&quot;:&quot;classic&quot;}\">\n\t\t\t\t\t\t<div class=\"elementor-container elementor-column-gap-default\">\n\t\t\t\t\t<div class=\"elementor-column elementor-col-50 elementor-inner-column elementor-element elementor-element-60f9fdd elementor-invisible\" data-id=\"60f9fdd\" data-element_type=\"column\" data-settings=\"{&quot;animation&quot;:&quot;slideInLeft&quot;}\">\n\t\t\t<div class=\"elementor-widget-wrap elementor-element-populated\">\n\t\t\t\t\t\t<div class=\"elementor-element elementor-element-5974888 elementor-widget elementor-widget-heading\" data-id=\"5974888\" data-element_type=\"widget\" data-widget_type=\"heading.default\">\n\t\t\t\t<div class=\"elementor-widget-container\">\n\t\t\t\t\t<h3 class=\"elementor-heading-title elementor-size-default\"><h3 style=\"font-family: Open Sans;font-weight: 300;margin: 10px 0px 5px;font-size: 27px;text-align: center;color: #e6561f\">Reiten<\/h3><\/h3>\t\t\t\t<\/div>\n\t\t\t\t<\/div>\n\t\t\t\t<div class=\"elementor-element elementor-element-49b678e elementor-widget elementor-widget-text-editor\" data-id=\"49b678e\" data-element_type=\"widget\" data-widget_type=\"text-editor.default\">\n\t\t\t\t<div class=\"elementor-widget-container\">\n\t\t\t\t\t\t\t\t\t<p>Wenn Deine Leidenschaft Pferde sind, kannst Du hier am Meer entlang \u00fcber die unendlichen Str\u00e4nde, oder landeinw\u00e4rts durch die Felder und H\u00fcgel, oder durch die beeindruckenden Naturparks reiten.<\/p>\n<p>Es ist eine Aktivit\u00e4t, die von vielen unserer Kunden empfohlen wird, da du eine Verbindung zur Tier- und Pflanzenwelt des Gebiets herstellst. <\/p>\n<p>Es gibt viele Orte, die Pferdeverleih und organisierte Touren entlang der besten Routen in Vejer de la Frontera anbieten.<\/p>\n\t\t\t\t\t\t\t\t<\/div>\n\t\t\t\t<\/div>\n\t\t\t\t\t<\/div>\n\t\t<\/div>\n\t\t\t\t<div class=\"elementor-column elementor-col-50 elementor-inner-column elementor-element elementor-element-3af8c85\" data-id=\"3af8c85\" data-element_type=\"column\">\n\t\t\t<div class=\"elementor-widget-wrap elementor-element-populated\">\n\t\t\t\t\t\t<div class=\"elementor-element elementor-element-56c7764 elementor-invisible elementor-widget elementor-widget-image\" data-id=\"56c7764\" data-element_type=\"widget\" data-settings=\"{&quot;_animation&quot;:&quot;slideInRight&quot;}\" data-widget_type=\"image.default\">\n\t\t\t\t<div class=\"elementor-widget-container\">\n\t\t\t\t\t\t\t\t\t\t\t\t\t\t\t<img loading=\"lazy\" decoding=\"async\" width=\"800\" height=\"487\" src=\"https:\/\/hotelsindhura.com\/wp-content\/uploads\/2023\/06\/cabllos.jpeg\" class=\"attachment-large size-large wp-image-2707\" alt=\"\" srcset=\"https:\/\/hotelsindhura.com\/wp-content\/uploads\/2023\/06\/cabllos.jpeg 1000w, https:\/\/hotelsindhura.com\/wp-content\/uploads\/2023\/06\/cabllos-300x183.jpeg 300w, https:\/\/hotelsindhura.com\/wp-content\/uploads\/2023\/06\/cabllos-768x468.jpeg 768w\" sizes=\"(max-width: 800px) 100vw, 800px\" \/>\t\t\t\t\t\t\t\t\t\t\t\t\t\t\t<\/div>\n\t\t\t\t<\/div>\n\t\t\t\t\t<\/div>\n\t\t<\/div>\n\t\t\t\t\t<\/div>\n\t\t<\/section>\n\t\t\t\t\t<\/div>\n\t\t<\/div>\n\t\t\t\t\t<\/div>\n\t\t<\/section>\n\t\t\t\t<\/div>\n\t\t","protected":false},"excerpt":{"rendered":"<p>Zu Fu\u00df gehen, Radfahren und Fahrradfahren. Wenn du etwas Bewegung mit frischer Luft und atemberaubenden Ausblicken von Sindhura verbinden m\u00f6chtest, wirst du feststellen, dass diese Gegend viele M\u00f6glichkeiten zum Wandern, Radfahren oder Reiten bietet. Genie\u00dfe die besten Routen in Vejer de la Frontera. Gehen Nur einen Schritt vom Hotel entfernt, kannst Du schon das zauberhafte [&hellip;]<\/p>\n","protected":false},"author":2,"featured_media":0,"parent":0,"menu_order":0,"comment_status":"closed","ping_status":"closed","template":"","meta":{"footnotes":""},"class_list":["post-828","page","type-page","status-publish","hentry"],"yoast_head":"<!-- This site is optimized with the Yoast SEO plugin v24.6 - https:\/\/yoast.com\/wordpress\/plugins\/seo\/ -->\n<title>Routen in Vejer de la Frontera<\/title>\n<meta name=\"description\" content=\"Wege in Vejer de la Frontera, wo du zu Fu\u00df, mit dem Fahrrad oder zu Pferd gehen und die Natur auf deine eigene Art und Weise genie\u00dfen kannst.\" \/>\n<meta name=\"robots\" content=\"index, follow, max-snippet:-1, max-image-preview:large, max-video-preview:-1\" \/>\n<link rel=\"canonical\" href=\"https:\/\/hotelsindhura.com\/de\/die-fahrt-geniessen\/\" \/>\n<meta property=\"og:locale\" content=\"de_DE\" \/>\n<meta property=\"og:type\" content=\"article\" \/>\n<meta property=\"og:title\" content=\"Routen in Vejer de la Frontera\" \/>\n<meta property=\"og:description\" content=\"Wege in Vejer de la Frontera, wo du zu Fu\u00df, mit dem Fahrrad oder zu Pferd gehen und die Natur auf deine eigene Art und Weise genie\u00dfen kannst.\" \/>\n<meta property=\"og:url\" content=\"https:\/\/hotelsindhura.com\/de\/die-fahrt-geniessen\/\" \/>\n<meta property=\"og:site_name\" content=\"Hotel Sindhura\" \/>\n<meta property=\"article:modified_time\" content=\"2023-06-06T11:22:28+00:00\" \/>\n<meta name=\"twitter:card\" content=\"summary_large_image\" \/>\n<meta name=\"twitter:label1\" content=\"Gesch\u00e4tzte Lesezeit\" \/>\n\t<meta name=\"twitter:data1\" content=\"2\u00a0Minuten\" \/>\n<script type=\"application\/ld+json\" class=\"yoast-schema-graph\">{\"@context\":\"https:\/\/schema.org\",\"@graph\":[{\"@type\":\"WebPage\",\"@id\":\"https:\/\/hotelsindhura.com\/de\/die-fahrt-geniessen\/\",\"url\":\"https:\/\/hotelsindhura.com\/de\/die-fahrt-geniessen\/\",\"name\":\"Routen in Vejer de la Frontera\",\"isPartOf\":{\"@id\":\"https:\/\/www.hotelsindhura.com\/de\/#website\"},\"datePublished\":\"2023-04-03T06:28:02+00:00\",\"dateModified\":\"2023-06-06T11:22:28+00:00\",\"description\":\"Wege in Vejer de la Frontera, wo du zu Fu\u00df, mit dem Fahrrad oder zu Pferd gehen und die Natur auf deine eigene Art und Weise genie\u00dfen kannst.\",\"breadcrumb\":{\"@id\":\"https:\/\/hotelsindhura.com\/de\/die-fahrt-geniessen\/#breadcrumb\"},\"inLanguage\":\"de\",\"potentialAction\":[{\"@type\":\"ReadAction\",\"target\":[\"https:\/\/hotelsindhura.com\/de\/die-fahrt-geniessen\/\"]}]},{\"@type\":\"BreadcrumbList\",\"@id\":\"https:\/\/hotelsindhura.com\/de\/die-fahrt-geniessen\/#breadcrumb\",\"itemListElement\":[{\"@type\":\"ListItem\",\"position\":1,\"name\":\"Portada\",\"item\":\"https:\/\/www.hotelsindhura.com\/de\/\"},{\"@type\":\"ListItem\",\"position\":2,\"name\":\"Die Fahrt genie\u00dfen\"}]},{\"@type\":\"WebSite\",\"@id\":\"https:\/\/www.hotelsindhura.com\/de\/#website\",\"url\":\"https:\/\/www.hotelsindhura.com\/de\/\",\"name\":\"Hotel Sindhura\",\"description\":\"\",\"publisher\":{\"@id\":\"https:\/\/www.hotelsindhura.com\/de\/#organization\"},\"potentialAction\":[{\"@type\":\"SearchAction\",\"target\":{\"@type\":\"EntryPoint\",\"urlTemplate\":\"https:\/\/www.hotelsindhura.com\/de\/?s={search_term_string}\"},\"query-input\":{\"@type\":\"PropertyValueSpecification\",\"valueRequired\":true,\"valueName\":\"search_term_string\"}}],\"inLanguage\":\"de\"},{\"@type\":\"Organization\",\"@id\":\"https:\/\/www.hotelsindhura.com\/de\/#organization\",\"name\":\"Hotel Sindhura\",\"alternateName\":\"Hotel Sindhura\",\"url\":\"https:\/\/www.hotelsindhura.com\/de\/\",\"logo\":{\"@type\":\"ImageObject\",\"inLanguage\":\"de\",\"@id\":\"https:\/\/www.hotelsindhura.com\/de\/#\/schema\/logo\/image\/\",\"url\":\"\/\/\/wp-content\/uploads\/2023\/06\/WhatsApp-Image-2023-06-05-at-12.35.42.jpeg\",\"contentUrl\":\"\/\/\/wp-content\/uploads\/2023\/06\/WhatsApp-Image-2023-06-05-at-12.35.42.jpeg\",\"width\":1064,\"height\":1428,\"caption\":\"Hotel Sindhura\"},\"image\":{\"@id\":\"https:\/\/www.hotelsindhura.com\/de\/#\/schema\/logo\/image\/\"}}]}<\/script>\n<!-- \/ Yoast SEO plugin. -->","yoast_head_json":{"title":"Routen in Vejer de la Frontera","description":"Wege in Vejer de la Frontera, wo du zu Fu\u00df, mit dem Fahrrad oder zu Pferd gehen und die Natur auf deine eigene Art und Weise genie\u00dfen kannst.","robots":{"index":"index","follow":"follow","max-snippet":"max-snippet:-1","max-image-preview":"max-image-preview:large","max-video-preview":"max-video-preview:-1"},"canonical":"https:\/\/hotelsindhura.com\/de\/die-fahrt-geniessen\/","og_locale":"de_DE","og_type":"article","og_title":"Routen in Vejer de la Frontera","og_description":"Wege in Vejer de la Frontera, wo du zu Fu\u00df, mit dem Fahrrad oder zu Pferd gehen und die Natur auf deine eigene Art und Weise genie\u00dfen kannst.","og_url":"https:\/\/hotelsindhura.com\/de\/die-fahrt-geniessen\/","og_site_name":"Hotel Sindhura","article_modified_time":"2023-06-06T11:22:28+00:00","twitter_card":"summary_large_image","twitter_misc":{"Gesch\u00e4tzte Lesezeit":"2\u00a0Minuten"},"schema":{"@context":"https:\/\/schema.org","@graph":[{"@type":"WebPage","@id":"https:\/\/hotelsindhura.com\/de\/die-fahrt-geniessen\/","url":"https:\/\/hotelsindhura.com\/de\/die-fahrt-geniessen\/","name":"Routen in Vejer de la Frontera","isPartOf":{"@id":"https:\/\/www.hotelsindhura.com\/de\/#website"},"datePublished":"2023-04-03T06:28:02+00:00","dateModified":"2023-06-06T11:22:28+00:00","description":"Wege in Vejer de la Frontera, wo du zu Fu\u00df, mit dem Fahrrad oder zu Pferd gehen und die Natur auf deine eigene Art und Weise genie\u00dfen kannst.","breadcrumb":{"@id":"https:\/\/hotelsindhura.com\/de\/die-fahrt-geniessen\/#breadcrumb"},"inLanguage":"de","potentialAction":[{"@type":"ReadAction","target":["https:\/\/hotelsindhura.com\/de\/die-fahrt-geniessen\/"]}]},{"@type":"BreadcrumbList","@id":"https:\/\/hotelsindhura.com\/de\/die-fahrt-geniessen\/#breadcrumb","itemListElement":[{"@type":"ListItem","position":1,"name":"Portada","item":"https:\/\/www.hotelsindhura.com\/de\/"},{"@type":"ListItem","position":2,"name":"Die Fahrt genie\u00dfen"}]},{"@type":"WebSite","@id":"https:\/\/www.hotelsindhura.com\/de\/#website","url":"https:\/\/www.hotelsindhura.com\/de\/","name":"Hotel Sindhura","description":"","publisher":{"@id":"https:\/\/www.hotelsindhura.com\/de\/#organization"},"potentialAction":[{"@type":"SearchAction","target":{"@type":"EntryPoint","urlTemplate":"https:\/\/www.hotelsindhura.com\/de\/?s={search_term_string}"},"query-input":{"@type":"PropertyValueSpecification","valueRequired":true,"valueName":"search_term_string"}}],"inLanguage":"de"},{"@type":"Organization","@id":"https:\/\/www.hotelsindhura.com\/de\/#organization","name":"Hotel Sindhura","alternateName":"Hotel Sindhura","url":"https:\/\/www.hotelsindhura.com\/de\/","logo":{"@type":"ImageObject","inLanguage":"de","@id":"https:\/\/www.hotelsindhura.com\/de\/#\/schema\/logo\/image\/","url":"\/\/\/wp-content\/uploads\/2023\/06\/WhatsApp-Image-2023-06-05-at-12.35.42.jpeg","contentUrl":"\/\/\/wp-content\/uploads\/2023\/06\/WhatsApp-Image-2023-06-05-at-12.35.42.jpeg","width":1064,"height":1428,"caption":"Hotel Sindhura"},"image":{"@id":"https:\/\/www.hotelsindhura.com\/de\/#\/schema\/logo\/image\/"}}]}},"_links":{"self":[{"href":"https:\/\/hotelsindhura.com\/de\/wp-json\/wp\/v2\/pages\/828","targetHints":{"allow":["GET"]}}],"collection":[{"href":"https:\/\/hotelsindhura.com\/de\/wp-json\/wp\/v2\/pages"}],"about":[{"href":"https:\/\/hotelsindhura.com\/de\/wp-json\/wp\/v2\/types\/page"}],"author":[{"embeddable":true,"href":"https:\/\/hotelsindhura.com\/de\/wp-json\/wp\/v2\/users\/2"}],"replies":[{"embeddable":true,"href":"https:\/\/hotelsindhura.com\/de\/wp-json\/wp\/v2\/comments?post=828"}],"version-history":[{"count":8,"href":"https:\/\/hotelsindhura.com\/de\/wp-json\/wp\/v2\/pages\/828\/revisions"}],"predecessor-version":[{"id":2714,"href":"https:\/\/hotelsindhura.com\/de\/wp-json\/wp\/v2\/pages\/828\/revisions\/2714"}],"wp:attachment":[{"href":"https:\/\/hotelsindhura.com\/de\/wp-json\/wp\/v2\/media?parent=828"}],"curies":[{"name":"wp","href":"https:\/\/api.w.org\/{rel}","templated":true}]}}