{"id":814,"date":"2023-04-03T06:31:28","date_gmt":"2023-04-03T06:31:28","guid":{"rendered":"https:\/covid-19\/"},"modified":"2023-06-02T10:22:59","modified_gmt":"2023-06-02T10:22:59","slug":"covid-19","status":"publish","type":"page","link":"https:\/\/hotelsindhura.com\/de\/covid-19\/","title":{"rendered":"Covid-19"},"content":{"rendered":"\t\t<div data-elementor-type=\"wp-page\" data-elementor-id=\"814\" class=\"elementor elementor-814\" data-elementor-post-type=\"page\">\n\t\t\t\t\t\t<section class=\"elementor-section elementor-top-section elementor-element elementor-element-d3e6ba2 elementor-section-full_width elementor-section-height-min-height elementor-section-height-default elementor-section-items-middle\" data-id=\"d3e6ba2\" data-element_type=\"section\">\n\t\t\t\t\t\t<div class=\"elementor-container elementor-column-gap-no\">\n\t\t\t\t\t<div class=\"elementor-column elementor-col-100 elementor-top-column elementor-element elementor-element-76f07b5\" data-id=\"76f07b5\" data-element_type=\"column\">\n\t\t\t<div class=\"elementor-widget-wrap elementor-element-populated\">\n\t\t\t\t\t\t<div class=\"elementor-element elementor-element-c635909 elementor-widget elementor-widget-image\" data-id=\"c635909\" data-element_type=\"widget\" data-widget_type=\"image.default\">\n\t\t\t\t<div class=\"elementor-widget-container\">\n\t\t\t\t\t\t\t\t\t\t\t\t\t\t\t<img fetchpriority=\"high\" decoding=\"async\" width=\"1700\" height=\"1141\" src=\"https:\/\/hotelsindhura.com\/wp-content\/uploads\/2023\/04\/covid-protocol-safe-hotel.gif\" class=\"attachment-full size-full wp-image-399\" alt=\"\" \/>\t\t\t\t\t\t\t\t\t\t\t\t\t\t\t<\/div>\n\t\t\t\t<\/div>\n\t\t\t\t\t<\/div>\n\t\t<\/div>\n\t\t\t\t\t<\/div>\n\t\t<\/section>\n\t\t\t\t<section class=\"elementor-section elementor-top-section elementor-element elementor-element-01ff591 elementor-section-boxed elementor-section-height-default elementor-section-height-default\" data-id=\"01ff591\" data-element_type=\"section\">\n\t\t\t\t\t\t<div class=\"elementor-container elementor-column-gap-default\">\n\t\t\t\t\t<div class=\"elementor-column elementor-col-100 elementor-top-column elementor-element elementor-element-7a74d7b\" data-id=\"7a74d7b\" data-element_type=\"column\">\n\t\t\t<div class=\"elementor-widget-wrap elementor-element-populated\">\n\t\t\t\t\t\t<div class=\"elementor-element elementor-element-451ffd9 elementor-widget elementor-widget-heading\" data-id=\"451ffd9\" data-element_type=\"widget\" data-widget_type=\"heading.default\">\n\t\t\t\t<div class=\"elementor-widget-container\">\n\t\t\t\t\t<h2 class=\"elementor-heading-title elementor-size-default\">Covid-19<\/h2>\t\t\t\t<\/div>\n\t\t\t\t<\/div>\n\t\t\t\t<div class=\"elementor-element elementor-element-b54b0c0 elementor-widget elementor-widget-text-editor\" data-id=\"b54b0c0\" data-element_type=\"widget\" data-widget_type=\"text-editor.default\">\n\t\t\t\t<div class=\"elementor-widget-container\">\n\t\t\t\t\t\t\t\t\t<p>Im Hotel Sindhura m\u00f6chten wir, dass Sie Ihren Urlaub in aller Ruhe und Sicherheit genie\u00dfen. Zu diesem Zweck haben wir die von der Regierung empfohlenen Protokolle implementiert, damit Sie sich w\u00e4hrend Ihres Aufenthalts v\u00f6llig entspannt und sicher f\u00fchlen.<\/p>\n\t\t\t\t\t\t\t\t<\/div>\n\t\t\t\t<\/div>\n\t\t\t\t\t<\/div>\n\t\t<\/div>\n\t\t\t\t\t<\/div>\n\t\t<\/section>\n\t\t\t\t<section class=\"elementor-section elementor-top-section elementor-element elementor-element-692cd6e elementor-section-boxed elementor-section-height-default elementor-section-height-default\" data-id=\"692cd6e\" data-element_type=\"section\">\n\t\t\t\t\t\t<div class=\"elementor-container elementor-column-gap-default\">\n\t\t\t\t\t<div class=\"elementor-column elementor-col-100 elementor-top-column elementor-element elementor-element-289f2f3\" data-id=\"289f2f3\" data-element_type=\"column\">\n\t\t\t<div class=\"elementor-widget-wrap elementor-element-populated\">\n\t\t\t\t\t\t<section class=\"elementor-section elementor-inner-section elementor-element elementor-element-ba7d162 elementor-section-boxed elementor-section-height-default elementor-section-height-default\" data-id=\"ba7d162\" data-element_type=\"section\">\n\t\t\t\t\t\t<div class=\"elementor-container elementor-column-gap-default\">\n\t\t\t\t\t<div class=\"elementor-column elementor-col-33 elementor-inner-column elementor-element elementor-element-c87f271\" data-id=\"c87f271\" data-element_type=\"column\">\n\t\t\t<div class=\"elementor-widget-wrap elementor-element-populated\">\n\t\t\t\t\t\t<div class=\"elementor-element elementor-element-a725dba elementor-widget elementor-widget-image\" data-id=\"a725dba\" data-element_type=\"widget\" data-widget_type=\"image.default\">\n\t\t\t\t<div class=\"elementor-widget-container\">\n\t\t\t\t\t\t\t\t\t\t\t\t\t\t\t<img decoding=\"async\" width=\"600\" height=\"394\" src=\"https:\/\/hotelsindhura.com\/wp-content\/uploads\/2023\/04\/cleanroomdark-1.gif\" class=\"attachment-large size-large wp-image-406\" alt=\"\" \/>\t\t\t\t\t\t\t\t\t\t\t\t\t\t\t<\/div>\n\t\t\t\t<\/div>\n\t\t\t\t<div class=\"elementor-element elementor-element-5e06750 elementor-widget elementor-widget-heading\" data-id=\"5e06750\" data-element_type=\"widget\" data-widget_type=\"heading.default\">\n\t\t\t\t<div class=\"elementor-widget-container\">\n\t\t\t\t\t<h2 class=\"elementor-heading-title elementor-size-default\">REINIGUNGS- UND DESINFEKTIONSPROTOKOLLE<\/h2>\t\t\t\t<\/div>\n\t\t\t\t<\/div>\n\t\t\t\t<div class=\"elementor-element elementor-element-baa3da1 elementor-widget elementor-widget-text-editor\" data-id=\"baa3da1\" data-element_type=\"widget\" data-widget_type=\"text-editor.default\">\n\t\t\t\t<div class=\"elementor-widget-container\">\n\t\t\t\t\t\t\t\t\t<p><strong>St\u00e4ndige Reinigung und Desinfektion. <\/strong><\/p>\n<p class=\"p1\">Vor dem \u00d6ffnen wurde eine gr\u00fcndliche Reinigung und Desinfektion gem\u00e4\u00df den Empfehlungen und unter Verwendung zugelassener viruzider Produkte durchgef\u00fchrt. Nach der \u00d6ffnung werden die Durchgangsbereiche, die Rezeption, die Gemeinschaftsbereiche und alle Gegenst\u00e4nde oder Oberfl\u00e4chen im Durchgangsbereich (Handl\u00e4ufe, T\u00fcrklinken, Wasserh\u00e4hne in \u00f6ffentlichen Toiletten, Schalter usw.) mindestens alle zwei Stunden gereinigt.<\/p>\n<p class=\"p1\">Die Schl\u00fcssel, Unterlagen oder andere Gegenst\u00e4nde, die den Kunden \u00fcbergeben werden, werden desinfiziert. Der POS wird nach Gebrauch im Beisein des Kunden desinfiziert. In den \u00f6ffentlichen Bereichen und in den Zimmern finden die Kunden hydroalkoholisches Gel.<\/p>\n<p class=\"p1\">Schlafzimmer. Zwischen jeder Ankunft und Abreise f\u00fchren unsere Mitarbeiter eine gr\u00fcndliche Reinigung durch und desinfizieren alle Oberfl\u00e4chen im Zimmer.<\/p>\n\t\t\t\t\t\t\t\t<\/div>\n\t\t\t\t<\/div>\n\t\t\t\t\t<\/div>\n\t\t<\/div>\n\t\t\t\t<div class=\"elementor-column elementor-col-33 elementor-inner-column elementor-element elementor-element-aa85cac\" data-id=\"aa85cac\" data-element_type=\"column\">\n\t\t\t<div class=\"elementor-widget-wrap elementor-element-populated\">\n\t\t\t\t\t\t<div class=\"elementor-element elementor-element-f2bffd4 elementor-widget elementor-widget-image\" data-id=\"f2bffd4\" data-element_type=\"widget\" data-widget_type=\"image.default\">\n\t\t\t\t<div class=\"elementor-widget-container\">\n\t\t\t\t\t\t\t\t\t\t\t\t\t\t\t<img decoding=\"async\" width=\"600\" height=\"394\" src=\"https:\/\/hotelsindhura.com\/wp-content\/uploads\/2023\/04\/restaurnat.gif\" class=\"attachment-large size-large wp-image-405\" alt=\"\" \/>\t\t\t\t\t\t\t\t\t\t\t\t\t\t\t<\/div>\n\t\t\t\t<\/div>\n\t\t\t\t<div class=\"elementor-element elementor-element-bb2a28a elementor-widget elementor-widget-heading\" data-id=\"bb2a28a\" data-element_type=\"widget\" data-widget_type=\"heading.default\">\n\t\t\t\t<div class=\"elementor-widget-container\">\n\t\t\t\t\t<h2 class=\"elementor-heading-title elementor-size-default\">RESTAURANT-PROTOKOLL<\/h2>\t\t\t\t<\/div>\n\t\t\t\t<\/div>\n\t\t\t\t<div class=\"elementor-element elementor-element-5ac346d elementor-widget elementor-widget-text-editor\" data-id=\"5ac346d\" data-element_type=\"widget\" data-widget_type=\"text-editor.default\">\n\t\t\t\t<div class=\"elementor-widget-container\">\n\t\t\t\t\t\t\t\t\t<p>Die aktuellen Protokolle zur Bek\u00e4mpfung von Covid-19 werden befolgt. Daf\u00fcr werden den Kunden und Mitarbeitern hydroalkoholische Gelspender zur Verf\u00fcgung stehen. <\/p>\n<p>Besteck, Gl\u00e4ser, Teller und andere wiederverwendbare Utensilien werden bei hohen Temperaturen in der Sp\u00fclmaschine gewaschen, um ihre Desinfektion zu gew\u00e4hrleisten.<\/p>\n<p>Die Tische werden so angeordnet, dass der Sicherheitsabstand zwischen den Kunden eingehalten wird. <\/p>\n<p>Die Tische, St\u00fchle und andere Oberfl\u00e4chen werden zwischen den einzelnen Gottesdiensten gereinigt und nach Ankunft des Kunden aufgebaut. Herk\u00f6mmliche Produkte (\u00d6l, Essig, Salzstreuer, &#8230;) werden eliminiert. <\/p>\n<p>Das K\u00fcchenpersonal tr\u00e4gt Masken und Handschuhe und das Servicepersonal tr\u00e4gt Masken<\/p>\n<p>Kartenzahlung wird priorisiert. Die Kasse wird nach jeder Benutzung desinfiziert.<\/p>\n\t\t\t\t\t\t\t\t<\/div>\n\t\t\t\t<\/div>\n\t\t\t\t\t<\/div>\n\t\t<\/div>\n\t\t\t\t<div class=\"elementor-column elementor-col-33 elementor-inner-column elementor-element elementor-element-bfa5bd7\" data-id=\"bfa5bd7\" data-element_type=\"column\">\n\t\t\t<div class=\"elementor-widget-wrap elementor-element-populated\">\n\t\t\t\t\t\t<div class=\"elementor-element elementor-element-fd4c622 elementor-widget elementor-widget-image\" data-id=\"fd4c622\" data-element_type=\"widget\" data-widget_type=\"image.default\">\n\t\t\t\t<div class=\"elementor-widget-container\">\n\t\t\t\t\t\t\t\t\t\t\t\t\t\t\t<img loading=\"lazy\" decoding=\"async\" width=\"600\" height=\"394\" src=\"https:\/\/hotelsindhura.com\/wp-content\/uploads\/2023\/04\/pool.gif\" class=\"attachment-large size-large wp-image-407\" alt=\"\" \/>\t\t\t\t\t\t\t\t\t\t\t\t\t\t\t<\/div>\n\t\t\t\t<\/div>\n\t\t\t\t<div class=\"elementor-element elementor-element-c02e027 elementor-widget elementor-widget-heading\" data-id=\"c02e027\" data-element_type=\"widget\" data-widget_type=\"heading.default\">\n\t\t\t\t<div class=\"elementor-widget-container\">\n\t\t\t\t\t<h2 class=\"elementor-heading-title elementor-size-default\">LUFT- UND WASSERREINIGUNGSPROTOKOLLE<\/h2>\t\t\t\t<\/div>\n\t\t\t\t<\/div>\n\t\t\t\t<div class=\"elementor-element elementor-element-6bbb744 elementor-widget elementor-widget-text-editor\" data-id=\"6bbb744\" data-element_type=\"widget\" data-widget_type=\"text-editor.default\">\n\t\t\t\t<div class=\"elementor-widget-container\">\n\t\t\t\t\t\t\t\t\t<p>Alle Anlagen in Sindhura werden j\u00e4hrlich von einem unabh\u00e4ngigen und zertifizierten Unternehmen gem\u00e4\u00df den geltenden Gesetzen kontrolliert. Unser Pool erf\u00fcllt auch die von Health vorgeschriebenen umfassenden Kontrollen. <\/p>\n<p>Der Poolbereich verf\u00fcgt \u00fcber Spender f\u00fcr hydroalkoholisches Gel und die Sonnenliegen werden nach jedem Gebrauch desinfiziert.<\/p>\n\t\t\t\t\t\t\t\t<\/div>\n\t\t\t\t<\/div>\n\t\t\t\t\t<\/div>\n\t\t<\/div>\n\t\t\t\t\t<\/div>\n\t\t<\/section>\n\t\t\t\t\t<\/div>\n\t\t<\/div>\n\t\t\t\t\t<\/div>\n\t\t<\/section>\n\t\t\t\t<section class=\"elementor-section elementor-top-section elementor-element elementor-element-4051ee6 elementor-section-boxed elementor-section-height-default elementor-section-height-default\" data-id=\"4051ee6\" data-element_type=\"section\">\n\t\t\t\t\t\t<div class=\"elementor-container elementor-column-gap-default\">\n\t\t\t\t\t<div class=\"elementor-column elementor-col-100 elementor-top-column elementor-element elementor-element-b8ff366\" data-id=\"b8ff366\" data-element_type=\"column\">\n\t\t\t<div class=\"elementor-widget-wrap elementor-element-populated\">\n\t\t\t\t\t\t<section class=\"elementor-section elementor-inner-section elementor-element elementor-element-38e26b8 elementor-section-boxed elementor-section-height-default elementor-section-height-default\" data-id=\"38e26b8\" data-element_type=\"section\">\n\t\t\t\t\t\t<div class=\"elementor-container elementor-column-gap-default\">\n\t\t\t\t\t<div class=\"elementor-column elementor-col-33 elementor-inner-column elementor-element elementor-element-eaff18d\" data-id=\"eaff18d\" data-element_type=\"column\">\n\t\t\t<div class=\"elementor-widget-wrap elementor-element-populated\">\n\t\t\t\t\t\t<div class=\"elementor-element elementor-element-974473b elementor-widget elementor-widget-image\" data-id=\"974473b\" data-element_type=\"widget\" data-widget_type=\"image.default\">\n\t\t\t\t<div class=\"elementor-widget-container\">\n\t\t\t\t\t\t\t\t\t\t\t\t\t\t\t<img loading=\"lazy\" decoding=\"async\" width=\"600\" height=\"394\" src=\"https:\/\/hotelsindhura.com\/wp-content\/uploads\/2023\/04\/social-distancing.gif\" class=\"attachment-large size-large wp-image-404\" alt=\"\" \/>\t\t\t\t\t\t\t\t\t\t\t\t\t\t\t<\/div>\n\t\t\t\t<\/div>\n\t\t\t\t<div class=\"elementor-element elementor-element-98aad20 elementor-widget elementor-widget-heading\" data-id=\"98aad20\" data-element_type=\"widget\" data-widget_type=\"heading.default\">\n\t\t\t\t<div class=\"elementor-widget-container\">\n\t\t\t\t\t<h2 class=\"elementor-heading-title elementor-size-default\">SOZIALE DISTANZIERUNG<\/h2>\t\t\t\t<\/div>\n\t\t\t\t<\/div>\n\t\t\t\t<div class=\"elementor-element elementor-element-7dbeed3 elementor-widget elementor-widget-text-editor\" data-id=\"7dbeed3\" data-element_type=\"widget\" data-widget_type=\"text-editor.default\">\n\t\t\t\t<div class=\"elementor-widget-container\">\n\t\t\t\t\t\t\t\t\t<p>Das Hotel Sindhura genie\u00dft das Privileg, \u00fcber gro\u00dfe Freifl\u00e4chen, Innenh\u00f6fe und Au\u00dfenterrassen zu verf\u00fcgen, die eine einfache Einhaltung der Sicherheitsprotokolle in Bezug auf den Abstand zwischen Personen erm\u00f6glichen. <\/p>\n<p>Unser Restaurant verf\u00fcgt \u00fcber gro\u00dfe Terrassen, auf denen die Tische unter Einhaltung des gesetzlich vorgeschriebenen Abstands angeordnet werden. Auch im Essbereich werden die Tische so angeordnet sein, dass der genannte Abstand gew\u00e4hrleistet ist.<\/p>\n\t\t\t\t\t\t\t\t<\/div>\n\t\t\t\t<\/div>\n\t\t\t\t\t<\/div>\n\t\t<\/div>\n\t\t\t\t<div class=\"elementor-column elementor-col-33 elementor-inner-column elementor-element elementor-element-22e9abe\" data-id=\"22e9abe\" data-element_type=\"column\">\n\t\t\t<div class=\"elementor-widget-wrap elementor-element-populated\">\n\t\t\t\t\t\t<div class=\"elementor-element elementor-element-368f1fd elementor-widget elementor-widget-image\" data-id=\"368f1fd\" data-element_type=\"widget\" data-widget_type=\"image.default\">\n\t\t\t\t<div class=\"elementor-widget-container\">\n\t\t\t\t\t\t\t\t\t\t\t\t\t\t\t<img loading=\"lazy\" decoding=\"async\" width=\"600\" height=\"394\" src=\"https:\/\/hotelsindhura.com\/wp-content\/uploads\/2023\/04\/breakfast-1.gif\" class=\"attachment-large size-large wp-image-402\" alt=\"\" \/>\t\t\t\t\t\t\t\t\t\t\t\t\t\t\t<\/div>\n\t\t\t\t<\/div>\n\t\t\t\t<div class=\"elementor-element elementor-element-2433d81 elementor-widget elementor-widget-heading\" data-id=\"2433d81\" data-element_type=\"widget\" data-widget_type=\"heading.default\">\n\t\t\t\t<div class=\"elementor-widget-container\">\n\t\t\t\t\t<h2 class=\"elementor-heading-title elementor-size-default\">SPEZIELLES FR\u00dcHST\u00dcCKSPROTOKOLL <\/h2>\t\t\t\t<\/div>\n\t\t\t\t<\/div>\n\t\t\t\t<div class=\"elementor-element elementor-element-f6900ac elementor-widget elementor-widget-text-editor\" data-id=\"f6900ac\" data-element_type=\"widget\" data-widget_type=\"text-editor.default\">\n\t\t\t\t<div class=\"elementor-widget-container\">\n\t\t\t\t\t\t\t\t\t<p>Aus Sicherheits- und Hygienegr\u00fcnden werden wir unser traditionelles Buffet abschaffen. Wir servieren Ihnen ein individuelles mediterranes Fr\u00fchst\u00fcck.<\/p>\n\t\t\t\t\t\t\t\t<\/div>\n\t\t\t\t<\/div>\n\t\t\t\t\t<\/div>\n\t\t<\/div>\n\t\t\t\t<div class=\"elementor-column elementor-col-33 elementor-inner-column elementor-element elementor-element-4975db0\" data-id=\"4975db0\" data-element_type=\"column\">\n\t\t\t<div class=\"elementor-widget-wrap elementor-element-populated\">\n\t\t\t\t\t\t<div class=\"elementor-element elementor-element-8f0020f elementor-widget elementor-widget-image\" data-id=\"8f0020f\" data-element_type=\"widget\" data-widget_type=\"image.default\">\n\t\t\t\t<div class=\"elementor-widget-container\">\n\t\t\t\t\t\t\t\t\t\t\t\t\t\t\t<img loading=\"lazy\" decoding=\"async\" width=\"600\" height=\"394\" src=\"https:\/\/hotelsindhura.com\/wp-content\/uploads\/2023\/04\/waiter.gif\" class=\"attachment-large size-large wp-image-401\" alt=\"\" \/>\t\t\t\t\t\t\t\t\t\t\t\t\t\t\t<\/div>\n\t\t\t\t<\/div>\n\t\t\t\t<div class=\"elementor-element elementor-element-0bcef5b elementor-widget elementor-widget-heading\" data-id=\"0bcef5b\" data-element_type=\"widget\" data-widget_type=\"heading.default\">\n\t\t\t\t<div class=\"elementor-widget-container\">\n\t\t\t\t\t<h2 class=\"elementor-heading-title elementor-size-default\">SCHUTZ IN BEZUG AUF PERS\u00d6NLICHEN SCHUTZ, LIEFERANTEN UND MITARBEITER<\/h2>\t\t\t\t<\/div>\n\t\t\t\t<\/div>\n\t\t\t\t<div class=\"elementor-element elementor-element-a166920 elementor-widget elementor-widget-text-editor\" data-id=\"a166920\" data-element_type=\"widget\" data-widget_type=\"text-editor.default\">\n\t\t\t\t<div class=\"elementor-widget-container\">\n\t\t\t\t\t\t\t\t\t<p>Um Sicherheit und Hygiene zu gew\u00e4hrleisten, haben unsere Kunden, Mitarbeiter und Lieferanten Zugang zu Desinfektionsgelen in den \u00f6ffentlichen Bereichen, im Restaurant und in den Zimmern. <\/p>\n<p>Lieferanten werden unsere Einrichtungen mit den entsprechenden Sicherheitsma\u00dfnahmen betreten. <\/p>\n<p>Alle Mitarbeiter erhalten spezielle Schulungen zur Anwendung von Sicherheitsprotokollen und -praktiken, zur ordnungsgem\u00e4\u00dfen Verwendung pers\u00f6nlicher Schutzausr\u00fcstung und zur Wahrung sozialer Distanz zu Kunden.<\/p>\n\t\t\t\t\t\t\t\t<\/div>\n\t\t\t\t<\/div>\n\t\t\t\t\t<\/div>\n\t\t<\/div>\n\t\t\t\t\t<\/div>\n\t\t<\/section>\n\t\t\t\t\t<\/div>\n\t\t<\/div>\n\t\t\t\t\t<\/div>\n\t\t<\/section>\n\t\t\t\t<\/div>\n\t\t","protected":false},"excerpt":{"rendered":"<p>Covid-19 Im Hotel Sindhura m\u00f6chten wir, dass Sie Ihren Urlaub in aller Ruhe und Sicherheit genie\u00dfen. Zu diesem Zweck haben wir die von der Regierung empfohlenen Protokolle implementiert, damit Sie sich w\u00e4hrend Ihres Aufenthalts v\u00f6llig entspannt und sicher f\u00fchlen. REINIGUNGS- UND DESINFEKTIONSPROTOKOLLE St\u00e4ndige Reinigung und Desinfektion. Vor dem \u00d6ffnen wurde eine gr\u00fcndliche Reinigung und Desinfektion [&hellip;]<\/p>\n","protected":false},"author":2,"featured_media":0,"parent":0,"menu_order":0,"comment_status":"closed","ping_status":"closed","template":"","meta":{"footnotes":""},"class_list":["post-814","page","type-page","status-publish","hentry"],"yoast_head":"<!-- This site is optimized with the Yoast SEO plugin v24.6 - https:\/\/yoast.com\/wordpress\/plugins\/seo\/ -->\n<title>Covid-19 - Hotel Sindhura<\/title>\n<meta name=\"robots\" content=\"index, follow, max-snippet:-1, max-image-preview:large, max-video-preview:-1\" \/>\n<link rel=\"canonical\" href=\"https:\/\/hotelsindhura.com\/de\/covid-19\/\" \/>\n<meta property=\"og:locale\" content=\"de_DE\" \/>\n<meta property=\"og:type\" content=\"article\" \/>\n<meta property=\"og:title\" content=\"Covid-19 - Hotel Sindhura\" \/>\n<meta property=\"og:description\" content=\"Covid-19 Im Hotel Sindhura m\u00f6chten wir, dass Sie Ihren Urlaub in aller Ruhe und Sicherheit genie\u00dfen. Zu diesem Zweck haben wir die von der Regierung empfohlenen Protokolle implementiert, damit Sie sich w\u00e4hrend Ihres Aufenthalts v\u00f6llig entspannt und sicher f\u00fchlen. REINIGUNGS- UND DESINFEKTIONSPROTOKOLLE St\u00e4ndige Reinigung und Desinfektion. Vor dem \u00d6ffnen wurde eine gr\u00fcndliche Reinigung und Desinfektion [&hellip;]\" \/>\n<meta property=\"og:url\" content=\"https:\/\/hotelsindhura.com\/de\/covid-19\/\" \/>\n<meta property=\"og:site_name\" content=\"Hotel Sindhura\" \/>\n<meta property=\"article:modified_time\" content=\"2023-06-02T10:22:59+00:00\" \/>\n<meta name=\"twitter:card\" content=\"summary_large_image\" \/>\n<meta name=\"twitter:label1\" content=\"Gesch\u00e4tzte Lesezeit\" \/>\n\t<meta name=\"twitter:data1\" content=\"3\u00a0Minuten\" \/>\n<script type=\"application\/ld+json\" class=\"yoast-schema-graph\">{\"@context\":\"https:\/\/schema.org\",\"@graph\":[{\"@type\":\"WebPage\",\"@id\":\"https:\/\/hotelsindhura.com\/de\/covid-19\/\",\"url\":\"https:\/\/hotelsindhura.com\/de\/covid-19\/\",\"name\":\"Covid-19 - Hotel Sindhura\",\"isPartOf\":{\"@id\":\"https:\/\/www.hotelsindhura.com\/de\/#website\"},\"datePublished\":\"2023-04-03T06:31:28+00:00\",\"dateModified\":\"2023-06-02T10:22:59+00:00\",\"breadcrumb\":{\"@id\":\"https:\/\/hotelsindhura.com\/de\/covid-19\/#breadcrumb\"},\"inLanguage\":\"de\",\"potentialAction\":[{\"@type\":\"ReadAction\",\"target\":[\"https:\/\/hotelsindhura.com\/de\/covid-19\/\"]}]},{\"@type\":\"BreadcrumbList\",\"@id\":\"https:\/\/hotelsindhura.com\/de\/covid-19\/#breadcrumb\",\"itemListElement\":[{\"@type\":\"ListItem\",\"position\":1,\"name\":\"Portada\",\"item\":\"https:\/\/www.hotelsindhura.com\/de\/\"},{\"@type\":\"ListItem\",\"position\":2,\"name\":\"Covid-19\"}]},{\"@type\":\"WebSite\",\"@id\":\"https:\/\/www.hotelsindhura.com\/de\/#website\",\"url\":\"https:\/\/www.hotelsindhura.com\/de\/\",\"name\":\"Hotel Sindhura\",\"description\":\"\",\"publisher\":{\"@id\":\"https:\/\/www.hotelsindhura.com\/de\/#organization\"},\"potentialAction\":[{\"@type\":\"SearchAction\",\"target\":{\"@type\":\"EntryPoint\",\"urlTemplate\":\"https:\/\/www.hotelsindhura.com\/de\/?s={search_term_string}\"},\"query-input\":{\"@type\":\"PropertyValueSpecification\",\"valueRequired\":true,\"valueName\":\"search_term_string\"}}],\"inLanguage\":\"de\"},{\"@type\":\"Organization\",\"@id\":\"https:\/\/www.hotelsindhura.com\/de\/#organization\",\"name\":\"Hotel Sindhura\",\"alternateName\":\"Hotel Sindhura\",\"url\":\"https:\/\/www.hotelsindhura.com\/de\/\",\"logo\":{\"@type\":\"ImageObject\",\"inLanguage\":\"de\",\"@id\":\"https:\/\/www.hotelsindhura.com\/de\/#\/schema\/logo\/image\/\",\"url\":\"\/\/\/wp-content\/uploads\/2023\/06\/WhatsApp-Image-2023-06-05-at-12.35.42.jpeg\",\"contentUrl\":\"\/\/\/wp-content\/uploads\/2023\/06\/WhatsApp-Image-2023-06-05-at-12.35.42.jpeg\",\"width\":1064,\"height\":1428,\"caption\":\"Hotel Sindhura\"},\"image\":{\"@id\":\"https:\/\/www.hotelsindhura.com\/de\/#\/schema\/logo\/image\/\"}}]}<\/script>\n<!-- \/ Yoast SEO plugin. -->","yoast_head_json":{"title":"Covid-19 - Hotel Sindhura","robots":{"index":"index","follow":"follow","max-snippet":"max-snippet:-1","max-image-preview":"max-image-preview:large","max-video-preview":"max-video-preview:-1"},"canonical":"https:\/\/hotelsindhura.com\/de\/covid-19\/","og_locale":"de_DE","og_type":"article","og_title":"Covid-19 - Hotel Sindhura","og_description":"Covid-19 Im Hotel Sindhura m\u00f6chten wir, dass Sie Ihren Urlaub in aller Ruhe und Sicherheit genie\u00dfen. Zu diesem Zweck haben wir die von der Regierung empfohlenen Protokolle implementiert, damit Sie sich w\u00e4hrend Ihres Aufenthalts v\u00f6llig entspannt und sicher f\u00fchlen. REINIGUNGS- UND DESINFEKTIONSPROTOKOLLE St\u00e4ndige Reinigung und Desinfektion. Vor dem \u00d6ffnen wurde eine gr\u00fcndliche Reinigung und Desinfektion [&hellip;]","og_url":"https:\/\/hotelsindhura.com\/de\/covid-19\/","og_site_name":"Hotel Sindhura","article_modified_time":"2023-06-02T10:22:59+00:00","twitter_card":"summary_large_image","twitter_misc":{"Gesch\u00e4tzte Lesezeit":"3\u00a0Minuten"},"schema":{"@context":"https:\/\/schema.org","@graph":[{"@type":"WebPage","@id":"https:\/\/hotelsindhura.com\/de\/covid-19\/","url":"https:\/\/hotelsindhura.com\/de\/covid-19\/","name":"Covid-19 - Hotel Sindhura","isPartOf":{"@id":"https:\/\/www.hotelsindhura.com\/de\/#website"},"datePublished":"2023-04-03T06:31:28+00:00","dateModified":"2023-06-02T10:22:59+00:00","breadcrumb":{"@id":"https:\/\/hotelsindhura.com\/de\/covid-19\/#breadcrumb"},"inLanguage":"de","potentialAction":[{"@type":"ReadAction","target":["https:\/\/hotelsindhura.com\/de\/covid-19\/"]}]},{"@type":"BreadcrumbList","@id":"https:\/\/hotelsindhura.com\/de\/covid-19\/#breadcrumb","itemListElement":[{"@type":"ListItem","position":1,"name":"Portada","item":"https:\/\/www.hotelsindhura.com\/de\/"},{"@type":"ListItem","position":2,"name":"Covid-19"}]},{"@type":"WebSite","@id":"https:\/\/www.hotelsindhura.com\/de\/#website","url":"https:\/\/www.hotelsindhura.com\/de\/","name":"Hotel Sindhura","description":"","publisher":{"@id":"https:\/\/www.hotelsindhura.com\/de\/#organization"},"potentialAction":[{"@type":"SearchAction","target":{"@type":"EntryPoint","urlTemplate":"https:\/\/www.hotelsindhura.com\/de\/?s={search_term_string}"},"query-input":{"@type":"PropertyValueSpecification","valueRequired":true,"valueName":"search_term_string"}}],"inLanguage":"de"},{"@type":"Organization","@id":"https:\/\/www.hotelsindhura.com\/de\/#organization","name":"Hotel Sindhura","alternateName":"Hotel Sindhura","url":"https:\/\/www.hotelsindhura.com\/de\/","logo":{"@type":"ImageObject","inLanguage":"de","@id":"https:\/\/www.hotelsindhura.com\/de\/#\/schema\/logo\/image\/","url":"\/\/\/wp-content\/uploads\/2023\/06\/WhatsApp-Image-2023-06-05-at-12.35.42.jpeg","contentUrl":"\/\/\/wp-content\/uploads\/2023\/06\/WhatsApp-Image-2023-06-05-at-12.35.42.jpeg","width":1064,"height":1428,"caption":"Hotel Sindhura"},"image":{"@id":"https:\/\/www.hotelsindhura.com\/de\/#\/schema\/logo\/image\/"}}]}},"_links":{"self":[{"href":"https:\/\/hotelsindhura.com\/de\/wp-json\/wp\/v2\/pages\/814","targetHints":{"allow":["GET"]}}],"collection":[{"href":"https:\/\/hotelsindhura.com\/de\/wp-json\/wp\/v2\/pages"}],"about":[{"href":"https:\/\/hotelsindhura.com\/de\/wp-json\/wp\/v2\/types\/page"}],"author":[{"embeddable":true,"href":"https:\/\/hotelsindhura.com\/de\/wp-json\/wp\/v2\/users\/2"}],"replies":[{"embeddable":true,"href":"https:\/\/hotelsindhura.com\/de\/wp-json\/wp\/v2\/comments?post=814"}],"version-history":[{"count":6,"href":"https:\/\/hotelsindhura.com\/de\/wp-json\/wp\/v2\/pages\/814\/revisions"}],"predecessor-version":[{"id":2174,"href":"https:\/\/hotelsindhura.com\/de\/wp-json\/wp\/v2\/pages\/814\/revisions\/2174"}],"wp:attachment":[{"href":"https:\/\/hotelsindhura.com\/de\/wp-json\/wp\/v2\/media?parent=814"}],"curies":[{"name":"wp","href":"https:\/\/api.w.org\/{rel}","templated":true}]}}